{"id":713543,"date":"2025-08-27T17:08:31","date_gmt":"2025-08-27T14:08:31","guid":{"rendered":"https:\/\/roveyayinevi.com.tr\/index.php\/urun\/ali-suavi\/"},"modified":"2026-04-16T02:22:15","modified_gmt":"2026-04-15T23:22:15","slug":"ali-suavi","status":"publish","type":"product","link":"https:\/\/roveyayinevi.com.tr\/index.php\/urun\/ali-suavi\/","title":{"rendered":"Ali Suavi"},"content":{"rendered":"<p>&#8220;Falih R\u0131fk\u0131 Atay\u2019\u0131n s\u00fcr\u00fckleyici, zengin muhteval\u0131, z\u0131t g\u00f6r\u00fcn\u00fcm ve olaylara dayanarak tezlerini savunan bir \u00fcslubu vard\u0131r.\u201d Prof. Dr. \u0130lber ORTAYLI \u201cAli Suavi mazide ya\u015fam\u0131\u015f istikbal adamlar\u0131ndand\u0131r. Onun v\u00fccudu Tanzimat\u00e7\u0131larla, ruhu bizimle muas\u0131rd\u0131r. 1839\u2019dan 1878\u2019e kadar otuz dokuz sene ya\u015fayabilen bu ate\u015ften mahluk, teokrasi devrinde laiklik, mutlak\u0131yet devrinde cumhuriyet, Osmanl\u0131 devrinde T\u00fcrkl\u00fck ve T\u00fcrk\u00e7\u00fcl\u00fck r\u00fcyalar\u0131 g\u00f6rm\u00fc\u015f, bu r\u00fcyalar\u0131 tabire \u00e7al\u0131\u015fm\u0131\u015f ve nihayet yine bu r\u00fcyalar u\u011frunda \u015fehit olmu\u015ftur.&#8221; \u0130smail H\u00e2mi DAN\u0130\u015eMEND \u201cSuavi\u2019nin hayat\u0131na n\u00f6betle iki \u015fey h\u00e2kimdir: Ba\u015f\u0131 ve sar\u0131\u011f\u0131. \u0130htilalci Suavi \u0131slahat isteyen s\u00f6zlerini ba\u015f\u0131yla s\u00f6yledikten sonra, \u0131slahat\u0131n icra vas\u0131talar\u0131n\u0131 sar\u0131\u011f\u0131yla d\u00fc\u015f\u00fcn\u00fcrd\u00fc.&#8221; Cemil MER\u0130\u00c7 \u201cMaksad\u0131 halk\u0131 uyand\u0131rmak, devleti maddi manevi b\u00fct\u00fcn tesisleriyle yeniden nizamlayarak kurmakt\u0131r&#8230; Yaz\u0131lar\u0131nda padi\u015fahlar, vezirler ve pa\u015falar i\u00e7in h\u00fcrmet s\u0131fatlar\u0131 kullanmaz, bu bak\u0131mdan bir demokratt\u0131r. Yaln\u0131z demokrat m\u0131? Bir T\u00fcrk\u00e7\u00fc ve galiba ilk T\u00fcrk\u00e7\u00fc&#8230; Kendini a\u015fa\u011f\u0131l\u0131k duygusundan belki de ilk kurtaran, tarihe ve ilme sar\u0131larak vatanda\u015flar\u0131n\u0131 T\u00fcrk \u0131rk\u0131n\u0131n ve dilinin \u00fcst\u00fcnl\u00fc\u011f\u00fcne inand\u0131rmak i\u00e7in \u00e7\u0131rp\u0131nan ilk ink\u0131lap\u00e7\u0131&#8230; Frenk tenkit\u00e7ileri kar\u015f\u0131s\u0131na, dar Hristiyanl\u0131k &#8211; \u0130slamc\u0131l\u0131k \u00e7er\u00e7evesini k\u0131rarak, \u0131rk\u0131n\u0131n \u0130slam\u2019dan \u00f6nce ve sonraki medeniyet ve k\u00fclt\u00fcr davas\u0131 ile \u00e7\u0131kan ilk yazar&#8230;&#8221; Falih R\u0131fk\u0131 ATAY<\/p>\n","protected":false},"excerpt":{"rendered":"<p>&#8220;Falih R\u0131fk\u0131 Atay\u2019\u0131n s\u00fcr\u00fckleyici, zengin muhteval\u0131, z\u0131t g\u00f6r\u00fcn\u00fcm ve olaylara dayanarak tezlerini savunan bir \u00fcslubu vard\u0131r.\u201d Prof. Dr. \u0130lber ORTAYLI \u201cAli Suavi mazide ya\u015fam\u0131\u015f istikbal adamlar\u0131ndand\u0131r.<span class=\"excerpt-hellip\"> [\u2026]<\/span><\/p>\n","protected":false},"featured_media":0,"template":"","meta":{"_monsterinsights_skip_tracking":false,"_monsterinsights_sitenote_active":false,"_monsterinsights_sitenote_note":"","_monsterinsights_sitenote_category":0},"product_brand":[],"product_cat":[13946,12304],"product_tag":[],"class_list":{"0":"post-713543","1":"product","2":"type-product","3":"status-publish","5":"product_cat-biyografi-otobiyografi","6":"product_cat-tarih","7":"pa_cilt-ciltsiz","8":"pa_tur-kitap","9":"pa_yayinevi-pozitif-yayinlari","10":"pa_yazar-falih-rifki-atay","12":"first","13":"instock","14":"sale","15":"shipping-taxable","16":"purchasable","17":"product-type-simple"},"_links":{"self":[{"href":"https:\/\/roveyayinevi.com.tr\/index.php\/wp-json\/wp\/v2\/product\/713543","targetHints":{"allow":["GET"]}}],"collection":[{"href":"https:\/\/roveyayinevi.com.tr\/index.php\/wp-json\/wp\/v2\/product"}],"about":[{"href":"https:\/\/roveyayinevi.com.tr\/index.php\/wp-json\/wp\/v2\/types\/product"}],"wp:attachment":[{"href":"https:\/\/roveyayinevi.com.tr\/index.php\/wp-json\/wp\/v2\/media?parent=713543"}],"wp:term":[{"taxonomy":"product_brand","embeddable":true,"href":"https:\/\/roveyayinevi.com.tr\/index.php\/wp-json\/wp\/v2\/product_brand?post=713543"},{"taxonomy":"product_cat","embeddable":true,"href":"https:\/\/roveyayinevi.com.tr\/index.php\/wp-json\/wp\/v2\/product_cat?post=713543"},{"taxonomy":"product_tag","embeddable":true,"href":"https:\/\/roveyayinevi.com.tr\/index.php\/wp-json\/wp\/v2\/product_tag?post=713543"}],"curies":[{"name":"wp","href":"https:\/\/api.w.org\/{rel}","templated":true}]}}