{"id":713542,"date":"2025-08-27T17:08:30","date_gmt":"2025-08-27T14:08:30","guid":{"rendered":"https:\/\/roveyayinevi.com.tr\/index.php\/urun\/uygarligin-dogusunda-din\/"},"modified":"2026-04-16T02:22:15","modified_gmt":"2026-04-15T23:22:15","slug":"uygarligin-dogusunda-din","status":"publish","type":"product","link":"https:\/\/roveyayinevi.com.tr\/index.php\/urun\/uygarligin-dogusunda-din\/","title":{"rendered":"Uygarl\u0131\u011f\u0131n Do\u011fusunda Din"},"content":{"rendered":"<p>Bu kitap, karma\u015f\u0131k toplumlar\u0131n ortaya \u00e7\u0131kmas\u0131nda maneviyat\u0131n ve dini rit\u00fcellerin rol\u00fcne dair disiplinleraras\u0131 bir \u00e7al\u0131\u015fma sunmaktad\u0131r.  Se\u00e7kin bir grup do\u011fabilimciyi, arkeologlar\u0131, antropologlar\u0131, filozoflar\u0131 ve ilahiyat\u00e7\u0131lar\u0131 i\u00e7eren bu cilt, \u00c7atalh\u00f6y\u00fck\u2019\u00fc bir \u00f6rnek olay incelemesi olarak ele al\u0131yor. 9000 y\u0131ll\u0131k bir yerle\u015fim yeri olan \u00c7atalh\u00f6y\u00fck, ilk kez 1960\u2019larda kaz\u0131lm\u0131\u015f ve o zamandan beri Ortado\u011fu\u2019daki ilk \u00e7ift\u00e7ilerin ve k\u00f6y sakinlerinin sembolik ve rit\u00fcel d\u00fcnyalar\u0131n\u0131 anlamam\u0131z\u0131 sa\u011flam\u0131\u015ft\u0131r. \u00c7atalh\u00f6y\u00fck dinin yerle\u015fik ya\u015famdaki rol\u00fcne ili\u015fkin teorileri s\u0131namak i\u00e7in ideal bir yerdir. Elinizdeki kitap manevi ve maddi olan\u0131n b\u00fct\u00fcnle\u015fmesi, dinde inanc\u0131n rol\u00fc, din i\u00e7in bili\u015fsel temeller ve dinin toplumsal rolleri gibi temalar\u0131 derinlemesine ara\u015ft\u0131rmaktad\u0131r. B\u00f6ylece de din ve dinin tarihsel varyasyonlar\u0131yla ilgili g\u00fcncel tart\u0131\u015fmalara benzersiz bir bak\u0131\u015f getirmektedir. <\/p>\n","protected":false},"excerpt":{"rendered":"<p>Bu kitap, karma\u015f\u0131k toplumlar\u0131n ortaya \u00e7\u0131kmas\u0131nda maneviyat\u0131n ve dini rit\u00fcellerin rol\u00fcne dair disiplinleraras\u0131 bir \u00e7al\u0131\u015fma sunmaktad\u0131r. Se\u00e7kin bir grup do\u011fabilimciyi, arkeologlar\u0131, antropologlar\u0131, filozoflar\u0131 ve ilahiyat\u00e7\u0131lar\u0131 i\u00e7eren<span class=\"excerpt-hellip\"> [\u2026]<\/span><\/p>\n","protected":false},"featured_media":0,"template":"","meta":{"_monsterinsights_skip_tracking":false,"_monsterinsights_sitenote_active":false,"_monsterinsights_sitenote_note":"","_monsterinsights_sitenote_category":0},"product_brand":[],"product_cat":[52477,52478],"product_tag":[],"class_list":{"0":"post-713542","1":"product","2":"type-product","3":"status-publish","5":"product_cat-arastirma","6":"product_cat-arkeoloji","7":"pa_cilt-ciltsiz","8":"pa_tur-kitap","9":"pa_yayinevi-alfa-yayinlari","10":"pa_yazar-john-fres-ian-hodder","12":"first","13":"instock","14":"sale","15":"shipping-taxable","16":"purchasable","17":"product-type-simple"},"_links":{"self":[{"href":"https:\/\/roveyayinevi.com.tr\/index.php\/wp-json\/wp\/v2\/product\/713542","targetHints":{"allow":["GET"]}}],"collection":[{"href":"https:\/\/roveyayinevi.com.tr\/index.php\/wp-json\/wp\/v2\/product"}],"about":[{"href":"https:\/\/roveyayinevi.com.tr\/index.php\/wp-json\/wp\/v2\/types\/product"}],"wp:attachment":[{"href":"https:\/\/roveyayinevi.com.tr\/index.php\/wp-json\/wp\/v2\/media?parent=713542"}],"wp:term":[{"taxonomy":"product_brand","embeddable":true,"href":"https:\/\/roveyayinevi.com.tr\/index.php\/wp-json\/wp\/v2\/product_brand?post=713542"},{"taxonomy":"product_cat","embeddable":true,"href":"https:\/\/roveyayinevi.com.tr\/index.php\/wp-json\/wp\/v2\/product_cat?post=713542"},{"taxonomy":"product_tag","embeddable":true,"href":"https:\/\/roveyayinevi.com.tr\/index.php\/wp-json\/wp\/v2\/product_tag?post=713542"}],"curies":[{"name":"wp","href":"https:\/\/api.w.org\/{rel}","templated":true}]}}