{"id":713541,"date":"2025-08-27T17:08:30","date_gmt":"2025-08-27T14:08:30","guid":{"rendered":"https:\/\/roveyayinevi.com.tr\/index.php\/urun\/duvak\/"},"modified":"2026-04-13T02:27:13","modified_gmt":"2026-04-12T23:27:13","slug":"duvak","status":"publish","type":"product","link":"https:\/\/roveyayinevi.com.tr\/index.php\/urun\/duvak\/","title":{"rendered":"Duvak"},"content":{"rendered":"<p>\u201cG\u00f6rebildi\u011fin tek \u00e7\u0131k\u0131\u015f biriyle evlenmek mi?\u201d \u201cG\u00f6rebildi\u011fim tek \u00e7\u0131k\u0131\u015f ortadan yok olmak! Her hangi bir \u015fekilde yok olmak!\u201d Gen\u00e7 k\u0131z oturdu\u011fu yerden do\u011frulmaya \u00e7al\u0131\u015ft\u0131 ama ba\u015faramad\u0131. Bu konu\u015fma i\u00e7ine ate\u015f d\u00fc\u015f\u00fcrm\u00fc\u015ft\u00fc. Biraz de\u011fil fazlaca hava almaya ihtiyac\u0131 vard\u0131. Biraz \u00f6nce yapt\u0131\u011f\u0131n\u0131n fark\u0131na ancak var\u0131yordu. Sanki kendi, kendisi de\u011fildi. Bir\u00e7ok bedene sahipti ve bu bir\u00e7ok beden bir\u00e7ok hal ya\u015f\u0131yordu. Bir bedeni u\u00e7urumlardan yuvarlan\u0131yor, bir bedeni s\u0131caklarda kavruluyor, bir bedeni batakl\u0131kta \u00e7\u0131rp\u0131n\u0131yor, bir bedeni de yabanc\u0131 biri olmu\u015f kar\u015f\u0131s\u0131ndaki bu adama dolayl\u0131 yoldan evlenme teklif ediyordu. Y\u00fcz\u00fcn\u00fc tarifi m\u00fcmk\u00fcn olmayan bir s\u0131cakl\u0131k kaplad\u0131. \u2026 DUVAK\u2019\u0131n ilk okunmas\u0131n\u0131n ard\u0131ndan, yazmak diledi\u011fimdir\u2026 Bir roman\u0131 kaleme almak, dahas\u0131 bir roman\u0131 s\u00f6z \u00fclkesinin yama\u00e7lar\u0131ndan toplay\u0131p, buket buket y\u00e2hut sa\u011fanak sa\u011fanak k\u00e2\u011f\u0131da d\u00f6kmek, bir yazar\u0131n hayat\u0131 boyunca yapabilece\u011fi ve her nas\u0131lsa def\u00e2larca yapt\u0131\u011f\u0131 en cesur ve en asil eylemdir. Bu aziz sanatk\u00e2rl\u0131\u011f\u0131 yapabilmek, As\u0131l Sanatk\u00e2r\u2019\u0131n \u201cyaz\u201d dedi\u011fi kalemlere can vermesiyle m\u00fcmk\u00fcn olan, ilimler \u00fcst\u00fc bir mucizedir\u2026 Ve ben, g\u00f6zlerimle bir mucizeyi okudum\u2026 Duvak\u2019\u0131n her bir sat\u0131r\u0131n\u0131, her bir sayfas\u0131n\u0131, bizzat roman\u0131n i\u00e7indeki karakterlerin, Ef\u015fan\u2019\u0131n, Selman\u2019\u0131n, Zeynep\u2019in yan\u0131ba\u015f\u0131mda canlanmas\u0131yla, dizimin dibinde diz \u00e7\u00f6k\u00fcp oturmas\u0131yla okudum. Her biriyle ba\u015f ba\u015fa\u2026 Size \u201cbu roman\u0131 okuyun\u201d demiyorum. Yok yok, o kadar basit de\u011fil\u2026 Eviniz, odan\u0131z m\u00fcsait mi?&#8230; G\u00f6zleriniz ilk sayfayla bulu\u015ftu\u011fu an, epeyce misafirleriniz olacak\u2026 Yazar, Ferhad F\u00c2N\u00ce <\/p>\n","protected":false},"excerpt":{"rendered":"<p>\u201cG\u00f6rebildi\u011fin tek \u00e7\u0131k\u0131\u015f biriyle evlenmek mi?\u201d \u201cG\u00f6rebildi\u011fim tek \u00e7\u0131k\u0131\u015f ortadan yok olmak! Her hangi bir \u015fekilde yok olmak!\u201d Gen\u00e7 k\u0131z oturdu\u011fu yerden do\u011frulmaya \u00e7al\u0131\u015ft\u0131 ama ba\u015faramad\u0131.<span class=\"excerpt-hellip\"> [\u2026]<\/span><\/p>\n","protected":false},"featured_media":0,"template":"","meta":{"_monsterinsights_skip_tracking":false,"_monsterinsights_sitenote_active":false,"_monsterinsights_sitenote_note":"","_monsterinsights_sitenote_category":0},"product_brand":[],"product_cat":[12291,12711],"product_tag":[],"class_list":{"0":"post-713541","1":"product","2":"type-product","3":"status-publish","5":"product_cat-edebiyat","6":"product_cat-roman-oyku","7":"pa_cilt-ciltsiz","8":"pa_tur-kitap","9":"pa_yayinevi-cinaralti-yayinlari","10":"pa_yazar-elif-gursoy","12":"first","13":"instock","14":"sale","15":"shipping-taxable","16":"purchasable","17":"product-type-simple"},"_links":{"self":[{"href":"https:\/\/roveyayinevi.com.tr\/index.php\/wp-json\/wp\/v2\/product\/713541","targetHints":{"allow":["GET"]}}],"collection":[{"href":"https:\/\/roveyayinevi.com.tr\/index.php\/wp-json\/wp\/v2\/product"}],"about":[{"href":"https:\/\/roveyayinevi.com.tr\/index.php\/wp-json\/wp\/v2\/types\/product"}],"wp:attachment":[{"href":"https:\/\/roveyayinevi.com.tr\/index.php\/wp-json\/wp\/v2\/media?parent=713541"}],"wp:term":[{"taxonomy":"product_brand","embeddable":true,"href":"https:\/\/roveyayinevi.com.tr\/index.php\/wp-json\/wp\/v2\/product_brand?post=713541"},{"taxonomy":"product_cat","embeddable":true,"href":"https:\/\/roveyayinevi.com.tr\/index.php\/wp-json\/wp\/v2\/product_cat?post=713541"},{"taxonomy":"product_tag","embeddable":true,"href":"https:\/\/roveyayinevi.com.tr\/index.php\/wp-json\/wp\/v2\/product_tag?post=713541"}],"curies":[{"name":"wp","href":"https:\/\/api.w.org\/{rel}","templated":true}]}}