{"id":713539,"date":"2025-08-27T17:08:29","date_gmt":"2025-08-27T14:08:29","guid":{"rendered":"https:\/\/roveyayinevi.com.tr\/index.php\/urun\/zifir-olsun\/"},"modified":"2026-04-16T02:22:15","modified_gmt":"2026-04-15T23:22:15","slug":"zifir-olsun","status":"publish","type":"product","link":"https:\/\/roveyayinevi.com.tr\/index.php\/urun\/zifir-olsun\/","title":{"rendered":"Zifir Olsun!"},"content":{"rendered":"<p>Yaz\u0131n\u0131n hayata, hayat\u0131n yaz\u0131ya terc\u00fcmesi poetik, politik ve etiktir. Bu y\u00fczden Zifir Olsun! zehir z\u0131kk\u0131m olsun\u2026 <\/p>\n","protected":false},"excerpt":{"rendered":"<p>Yaz\u0131n\u0131n hayata, hayat\u0131n yaz\u0131ya terc\u00fcmesi poetik, politik ve etiktir. Bu y\u00fczden Zifir Olsun! zehir z\u0131kk\u0131m olsun\u2026<\/p>\n","protected":false},"featured_media":0,"template":"","meta":{"_monsterinsights_skip_tracking":false,"_monsterinsights_sitenote_active":false,"_monsterinsights_sitenote_note":"","_monsterinsights_sitenote_category":0},"product_brand":[],"product_cat":[12777,12291],"product_tag":[],"class_list":{"0":"post-713539","1":"product","2":"type-product","3":"status-publish","5":"product_cat-deneme","6":"product_cat-edebiyat","7":"pa_cilt-ciltsiz","8":"pa_tur-kitap","9":"pa_yayinevi-sel-yayincilik","10":"pa_yazar-isik-erguden","12":"first","13":"instock","14":"sale","15":"shipping-taxable","16":"purchasable","17":"product-type-simple"},"_links":{"self":[{"href":"https:\/\/roveyayinevi.com.tr\/index.php\/wp-json\/wp\/v2\/product\/713539","targetHints":{"allow":["GET"]}}],"collection":[{"href":"https:\/\/roveyayinevi.com.tr\/index.php\/wp-json\/wp\/v2\/product"}],"about":[{"href":"https:\/\/roveyayinevi.com.tr\/index.php\/wp-json\/wp\/v2\/types\/product"}],"wp:attachment":[{"href":"https:\/\/roveyayinevi.com.tr\/index.php\/wp-json\/wp\/v2\/media?parent=713539"}],"wp:term":[{"taxonomy":"product_brand","embeddable":true,"href":"https:\/\/roveyayinevi.com.tr\/index.php\/wp-json\/wp\/v2\/product_brand?post=713539"},{"taxonomy":"product_cat","embeddable":true,"href":"https:\/\/roveyayinevi.com.tr\/index.php\/wp-json\/wp\/v2\/product_cat?post=713539"},{"taxonomy":"product_tag","embeddable":true,"href":"https:\/\/roveyayinevi.com.tr\/index.php\/wp-json\/wp\/v2\/product_tag?post=713539"}],"curies":[{"name":"wp","href":"https:\/\/api.w.org\/{rel}","templated":true}]}}