{"id":713538,"date":"2025-08-27T17:08:28","date_gmt":"2025-08-27T14:08:28","guid":{"rendered":"https:\/\/roveyayinevi.com.tr\/index.php\/urun\/toplumsal-cinsiyet-tarihciligi-nedir\/"},"modified":"2026-04-16T02:22:15","modified_gmt":"2026-04-15T23:22:15","slug":"toplumsal-cinsiyet-tarihciligi-nedir","status":"publish","type":"product","link":"https:\/\/roveyayinevi.com.tr\/index.php\/urun\/toplumsal-cinsiyet-tarihciligi-nedir\/","title":{"rendered":"Toplumsal Cinsiyet Tarih\u00e7ili\u011fi Nedir?"},"content":{"rendered":"<p>\u201cKad\u0131n veya erkek olarak tan\u0131mlanman\u0131n ne anlama geldi\u011finin bir tarihi vard\u0131r.\u201d Toplumsal cinsiyet tarih\u00e7ileri, 1970\u2019lerin ortalar\u0131ndan beri toplumsal cinsiyeti bir analiz kategorisi olarak kullan\u0131yor, cinsiyetler aras\u0131ndaki alg\u0131lanan farklar\u0131n ve ili\u015fkilerin nas\u0131l tarihsel olarak \u00fcretildi\u011fini ve d\u00f6n\u00fc\u015ft\u00fcr\u00fcld\u00fc\u011f\u00fcn\u00fc ara\u015ft\u0131r\u0131yor. Toplumsal Cinsiyet Tarih\u00e7ili\u011fi Nedir? alan\u0131n tarih\u00e7ilerinin ne t\u00fcr sorular sorduklar\u0131n\u0131, bunlar\u0131 nas\u0131l cevapland\u0131rd\u0131klar\u0131n\u0131, ihtilaflar\u0131n\u0131, farkl\u0131 y\u00f6ntem ve yakla\u015f\u0131mlar\u0131n\u0131 ele alan b\u00fct\u00fcnl\u00fckl\u00fc bir giri\u015f \u00e7al\u0131\u015fmas\u0131. Toplumsal cinsiyet tarih\u00e7ili\u011finin do\u011fu\u015funu ve geli\u015fimini anlat\u0131rken \u0131rk, s\u0131n\u0131f, etnisite gibi konularda toplumsal cinsiyetin merkez\u00ee konumunu vurguluyor. Sonya O. Rose, 19. ve 20. y\u00fczy\u0131l Britanya\u2019s\u0131n\u0131n end\u00fcstriyel kapitalizminde toplumsal cinsiyet ve s\u0131n\u0131f kesi\u015fimlerini \u00e7al\u0131\u015fan ve \u00f6nemli yay\u0131nlar\u0131 bulunan bir ara\u015ft\u0131rmac\u0131. Bu kitab\u0131nda, toplumsal cinsiyet tarihi \u00e7al\u0131\u015fmalar\u0131n\u0131n milliyet\u00e7ilik, end\u00fcstrile\u015fme, s\u00f6m\u00fcrgecilik, emperyalizm, iktidar ve emek ili\u015fkilerini nas\u0131l ayd\u0131nlatt\u0131\u011f\u0131na dair \u00f6rnekler veriyor. Bug\u00fcn\u00fc anlaman\u0131n arac\u0131 olan ge\u00e7mi\u015fe dair, toplumsal cinsiyetli sorular sorman\u0131n \u00f6nemini g\u00f6steriyor. <\/p>\n","protected":false},"excerpt":{"rendered":"<p>\u201cKad\u0131n veya erkek olarak tan\u0131mlanman\u0131n ne anlama geldi\u011finin bir tarihi vard\u0131r.\u201d Toplumsal cinsiyet tarih\u00e7ileri, 1970\u2019lerin ortalar\u0131ndan beri toplumsal cinsiyeti bir analiz kategorisi olarak kullan\u0131yor, cinsiyetler aras\u0131ndaki<span class=\"excerpt-hellip\"> [\u2026]<\/span><\/p>\n","protected":false},"featured_media":0,"template":"","meta":{"_monsterinsights_skip_tracking":false,"_monsterinsights_sitenote_active":false,"_monsterinsights_sitenote_note":"","_monsterinsights_sitenote_category":0},"product_brand":[],"product_cat":[12835,12324],"product_tag":[],"class_list":{"0":"post-713538","1":"product","2":"type-product","3":"status-publish","5":"product_cat-genel-sosyoloji","6":"product_cat-sosyoloji","7":"pa_cilt-ciltsiz","8":"pa_tur-kitap","9":"pa_yayinevi-can-yayinlari","10":"pa_yazar-sonya-o-rose","12":"first","13":"instock","14":"sale","15":"shipping-taxable","16":"purchasable","17":"product-type-simple"},"_links":{"self":[{"href":"https:\/\/roveyayinevi.com.tr\/index.php\/wp-json\/wp\/v2\/product\/713538","targetHints":{"allow":["GET"]}}],"collection":[{"href":"https:\/\/roveyayinevi.com.tr\/index.php\/wp-json\/wp\/v2\/product"}],"about":[{"href":"https:\/\/roveyayinevi.com.tr\/index.php\/wp-json\/wp\/v2\/types\/product"}],"wp:attachment":[{"href":"https:\/\/roveyayinevi.com.tr\/index.php\/wp-json\/wp\/v2\/media?parent=713538"}],"wp:term":[{"taxonomy":"product_brand","embeddable":true,"href":"https:\/\/roveyayinevi.com.tr\/index.php\/wp-json\/wp\/v2\/product_brand?post=713538"},{"taxonomy":"product_cat","embeddable":true,"href":"https:\/\/roveyayinevi.com.tr\/index.php\/wp-json\/wp\/v2\/product_cat?post=713538"},{"taxonomy":"product_tag","embeddable":true,"href":"https:\/\/roveyayinevi.com.tr\/index.php\/wp-json\/wp\/v2\/product_tag?post=713538"}],"curies":[{"name":"wp","href":"https:\/\/api.w.org\/{rel}","templated":true}]}}