{"id":713537,"date":"2025-08-27T17:08:28","date_gmt":"2025-08-27T14:08:28","guid":{"rendered":"https:\/\/roveyayinevi.com.tr\/index.php\/urun\/bugun-cok-sikildim-ben\/"},"modified":"2026-04-08T02:29:03","modified_gmt":"2026-04-07T23:29:03","slug":"bugun-cok-sikildim-ben","status":"publish","type":"product","link":"https:\/\/roveyayinevi.com.tr\/index.php\/urun\/bugun-cok-sikildim-ben\/","title":{"rendered":"Bug\u00fcn \u00c7ok S\u0131k\u0131ld\u0131m Ben"},"content":{"rendered":"<p>\u00c7a\u011fda\u015f \u00e7ocuk edebiyat\u0131n\u0131n dikkati \u00e7eken yazarlar\u0131ndan G\u00f6k\u00e7e Ate\u015f Aytu\u011f, \u00e7ok sevilen Maya&#8217;n\u0131n A\u011fac\u0131 roman\u0131n\u0131n ard\u0131ndan, ilk iki kitab\u0131 Bug\u00fcn Hayal Kuracakt\u0131m ve Bug\u00fcn \u00c7ok S\u0131k\u0131ld\u0131m Ben ile G\u00fcn\u0131\u015f\u0131\u011f\u0131 Kitapl\u0131\u011f\u0131 okurlar\u0131yla bulu\u015fuyor. Ayn\u0131 g\u00fcn\u00fc, iki \u00e7ocu\u011fun g\u00f6z\u00fcnden aktaran yazar, derin g\u00f6zlem g\u00fcc\u00fc ve g\u00fcl\u00fcmseten anlat\u0131m\u0131yla iz b\u0131rak\u0131yor. Birbirinden ba\u011f\u0131ms\u0131z da okunabilen iki roman, \u00f6zg\u00fcn grafik diliyle tan\u0131nan ill\u00fcstrat\u00f6r Merve At\u0131lgan&#8217;\u0131n desenleriyle canlan\u0131yor.G\u00f6k\u00e7e Ate\u015f Aytu\u011f, Asl\u0131&#8217;n\u0131n Kitab\u0131 Bug\u00fcn Hayal Kuracakt\u0131m&#8217;da kurgulad\u0131\u011f\u0131 ayn\u0131 g\u00fcn\u00fc bu kez Aret&#8217;in Kitab\u0131 Bug\u00fcn \u00c7ok S\u0131k\u0131ld\u0131m Ben&#8217;de anlat\u0131yor. Sevilen yazar bu roman\u0131nda, k\u00fc\u00e7\u00fck karde\u015fiyle ba\u015f\u0131 dertte bir erkek \u00e7ocu\u011fun, a\u011fa\u00e7taki kediyi kurtaran arkada\u015f\u0131 Asl\u0131&#8217;ya ili\u015fkin duygular\u0131n\u0131 mizah dolu bir dille aktar\u0131yor.Karde\u015fini parka g\u00f6t\u00fcren Aret, a\u011fa\u00e7ta mahsur kalan kediyi kurtarmak i\u00e7in birilerinin seferber oldu\u011funu g\u00f6r\u00fcr. Ho\u015fland\u0131\u011f\u0131, ama istemeden de olsa bazen k\u00f6t\u00fc davrand\u0131\u011f\u0131 arkada\u015f\u0131 Asl\u0131 da \u00e7oraplar\u0131yla sokaktad\u0131r. Evden getirdi\u011fi montu Asl\u0131&#8217;n\u0131n giymemesi Aret&#8217;in can\u0131n\u0131 \u00e7ok s\u0131kar. Onu do\u011fum g\u00fcn\u00fc partisine davet etmek i\u00e7in g\u00fczel bir haz\u0131rl\u0131k yapar, ama i\u015fler yine kar\u0131\u015f\u0131r&#8230; <\/p>\n","protected":false},"excerpt":{"rendered":"<p>\u00c7a\u011fda\u015f \u00e7ocuk edebiyat\u0131n\u0131n dikkati \u00e7eken yazarlar\u0131ndan G\u00f6k\u00e7e Ate\u015f Aytu\u011f, \u00e7ok sevilen Maya&#8217;n\u0131n A\u011fac\u0131 roman\u0131n\u0131n ard\u0131ndan, ilk iki kitab\u0131 Bug\u00fcn Hayal Kuracakt\u0131m ve Bug\u00fcn \u00c7ok S\u0131k\u0131ld\u0131m Ben<span class=\"excerpt-hellip\"> [\u2026]<\/span><\/p>\n","protected":false},"featured_media":0,"template":"","meta":{"_monsterinsights_skip_tracking":false,"_monsterinsights_sitenote_active":false,"_monsterinsights_sitenote_note":"","_monsterinsights_sitenote_category":0},"product_brand":[],"product_cat":[12274,12284],"product_tag":[],"class_list":{"0":"post-713537","1":"product","2":"type-product","3":"status-publish","5":"product_cat-cocuk-ve-genclik-kitaplari","6":"product_cat-hikayeler","7":"pa_cilt-ciltsiz","8":"pa_tur-kitap","9":"pa_yayinevi-gunisigi-kitapligi","10":"pa_yazar-gokce-ates-aytug","12":"first","13":"instock","14":"sale","15":"shipping-taxable","16":"purchasable","17":"product-type-simple"},"_links":{"self":[{"href":"https:\/\/roveyayinevi.com.tr\/index.php\/wp-json\/wp\/v2\/product\/713537","targetHints":{"allow":["GET"]}}],"collection":[{"href":"https:\/\/roveyayinevi.com.tr\/index.php\/wp-json\/wp\/v2\/product"}],"about":[{"href":"https:\/\/roveyayinevi.com.tr\/index.php\/wp-json\/wp\/v2\/types\/product"}],"wp:attachment":[{"href":"https:\/\/roveyayinevi.com.tr\/index.php\/wp-json\/wp\/v2\/media?parent=713537"}],"wp:term":[{"taxonomy":"product_brand","embeddable":true,"href":"https:\/\/roveyayinevi.com.tr\/index.php\/wp-json\/wp\/v2\/product_brand?post=713537"},{"taxonomy":"product_cat","embeddable":true,"href":"https:\/\/roveyayinevi.com.tr\/index.php\/wp-json\/wp\/v2\/product_cat?post=713537"},{"taxonomy":"product_tag","embeddable":true,"href":"https:\/\/roveyayinevi.com.tr\/index.php\/wp-json\/wp\/v2\/product_tag?post=713537"}],"curies":[{"name":"wp","href":"https:\/\/api.w.org\/{rel}","templated":true}]}}