{"id":713535,"date":"2025-08-27T17:08:27","date_gmt":"2025-08-27T14:08:27","guid":{"rendered":"https:\/\/roveyayinevi.com.tr\/index.php\/urun\/bickin-ve-aglak-yeni-turkiyenin-hikayesi\/"},"modified":"2026-04-16T02:22:15","modified_gmt":"2026-04-15T23:22:15","slug":"bickin-ve-aglak-yeni-turkiyenin-hikayesi","status":"publish","type":"product","link":"https:\/\/roveyayinevi.com.tr\/index.php\/urun\/bickin-ve-aglak-yeni-turkiyenin-hikayesi\/","title":{"rendered":"B\u0131\u00e7k\u0131n Ve A\u011flak: Yeni T\u00fcrkiye&#8217;nin Hikayesi"},"content":{"rendered":"<p>Can Kozano\u011flu, Cilal\u0131 \u0130maj Devri, Pop \u00c7a\u011f\u0131 Ate\u015fi, \u0130nternet Dolunay Cemaat ve Yeni \u015eehir Notlar\u0131\u2019nda 1990\u2019lar T\u00fcrkiye\u2019sini anlatt\u0131. Siyaset, toplum, ekonomi, \u015fehir ya\u015fam\u0131, pop\u00fcler k\u00fclt\u00fcr, medya, t\u00fcketim al\u0131\u015fkanl\u0131klar\u0131, e\u011flence, \u00f6zetle bir \u00fclke hakk\u0131nda bahse de\u011fer her \u015fey vard\u0131 bu kitaplarda. \u0130nce g\u00f6zlemlerle insans\u0131z bankac\u0131l\u0131k, arabeskin d\u00f6n\u00fc\u015f\u00fcm\u00fc, yuppie\u2019ler, new age ak\u0131mlar, Fetullah G\u00fclen, internet, orta s\u0131n\u0131f\u0131n AVM\u2019lerle s\u0131nav\u0131, televizyon dizileri furyas\u0131, pop patlamas\u0131, \u00f6zel g\u00fcvenlik sekt\u00f6r\u00fcn\u00fcn y\u00fckseli\u015fi bu kitaplarda \u00e7\u0131kt\u0131 kar\u015f\u0131m\u0131za&#8230; Can Kozano\u011flu 2000&#8217;lerde bu t\u00fcr kitaplara ara verdi. Oysa T\u00fcrkiye\u2019nin son 15 y\u0131lda ya\u015fad\u0131klar\u0131 ve ge\u00e7irdi\u011fi d\u00f6n\u00fc\u015f\u00fcm malum&#8230; Mirg\u00fcn Cabas\u2019\u0131n Can Kozano\u011flu\u2019yla yapt\u0131\u011f\u0131 s\u00f6yle\u015filer dizisi sonucunda ortaya \u00e7\u0131kan B\u0131\u00e7k\u0131n ve A\u011flak, aradaki y\u0131llar\u0131 \u00f6nceki d\u00f6rt kitaba ba\u011flayan bir devam kitab\u0131&#8230; Bu s\u00f6yle\u015filerde siyasetin, toplumun, pop\u00fcler k\u00fclt\u00fcr\u00fcn ge\u00e7irdi\u011fi d\u00f6n\u00fc\u015f\u00fcm, dijital hayat, sosyal medya, darbe giri\u015fimi gibi konular ge\u00e7mi\u015fi bug\u00fcne ba\u011flayan g\u00f6zlem ve saptamalarla ele al\u0131n\u0131yor. Ancak bu renkli ve k\u0131p\u0131r k\u0131p\u0131r kitab\u0131n konular\u0131  bunlarla s\u0131n\u0131rl\u0131 de\u011fil. Her sayfada seri katiller, pornografi, Adana mutfa\u011f\u0131, 1970\u2019lerin tuhaf dergileri, 1980\u2019lerin haber dergilerindeki \u00e7al\u0131\u015fma ortam\u0131, siyasi parti mitingleri, g\u00fcn\u00fcm\u00fcz\u00fcn pop\u00fcler edebiyat dergicili\u011fi gibi konular da kar\u015f\u0131m\u0131za \u00e7\u0131k\u0131yor. Serinkanl\u0131l\u0131\u011f\u0131n\u0131 koruyan bir ne\u015fe, nezaketini yitirmeyen bir ele\u015ftiri, karma\u015fay\u0131 a\u00e7\u0131klayan bir basitlik, iyimser bir bak\u0131\u015f a\u00e7\u0131s\u0131&#8230; Mirg\u00fcn Cabas soruyor, Can Kozano\u011flu \u201cYeni T\u00fcrkiye\u2019nin Hik\u00e2yesi\u201dni anlat\u0131yor: B\u0131\u00e7k\u0131n ve A\u011flak&#8230; <\/p>\n","protected":false},"excerpt":{"rendered":"<p>Can Kozano\u011flu, Cilal\u0131 \u0130maj Devri, Pop \u00c7a\u011f\u0131 Ate\u015fi, \u0130nternet Dolunay Cemaat ve Yeni \u015eehir Notlar\u0131\u2019nda 1990\u2019lar T\u00fcrkiye\u2019sini anlatt\u0131. Siyaset, toplum, ekonomi, \u015fehir ya\u015fam\u0131, pop\u00fcler k\u00fclt\u00fcr, medya,<span class=\"excerpt-hellip\"> [\u2026]<\/span><\/p>\n","protected":false},"featured_media":0,"template":"","meta":{"_monsterinsights_skip_tracking":false,"_monsterinsights_sitenote_active":false,"_monsterinsights_sitenote_note":"","_monsterinsights_sitenote_category":0},"product_brand":[],"product_cat":[12364,12826],"product_tag":[],"class_list":{"0":"post-713535","1":"product","2":"type-product","3":"status-publish","5":"product_cat-genel-konular","6":"product_cat-soylesi","7":"pa_cilt-ciltsiz","8":"pa_tur-kitap","9":"pa_yayinevi-can-yayinlari","10":"pa_yazar-can-kozanoglu","12":"first","13":"instock","14":"sale","15":"shipping-taxable","16":"purchasable","17":"product-type-simple"},"_links":{"self":[{"href":"https:\/\/roveyayinevi.com.tr\/index.php\/wp-json\/wp\/v2\/product\/713535","targetHints":{"allow":["GET"]}}],"collection":[{"href":"https:\/\/roveyayinevi.com.tr\/index.php\/wp-json\/wp\/v2\/product"}],"about":[{"href":"https:\/\/roveyayinevi.com.tr\/index.php\/wp-json\/wp\/v2\/types\/product"}],"wp:attachment":[{"href":"https:\/\/roveyayinevi.com.tr\/index.php\/wp-json\/wp\/v2\/media?parent=713535"}],"wp:term":[{"taxonomy":"product_brand","embeddable":true,"href":"https:\/\/roveyayinevi.com.tr\/index.php\/wp-json\/wp\/v2\/product_brand?post=713535"},{"taxonomy":"product_cat","embeddable":true,"href":"https:\/\/roveyayinevi.com.tr\/index.php\/wp-json\/wp\/v2\/product_cat?post=713535"},{"taxonomy":"product_tag","embeddable":true,"href":"https:\/\/roveyayinevi.com.tr\/index.php\/wp-json\/wp\/v2\/product_tag?post=713535"}],"curies":[{"name":"wp","href":"https:\/\/api.w.org\/{rel}","templated":true}]}}