{"id":713531,"date":"2025-08-27T17:08:25","date_gmt":"2025-08-27T14:08:25","guid":{"rendered":"https:\/\/roveyayinevi.com.tr\/index.php\/urun\/robotlarin-yukselisi-yapay-zeka-ve-issiz-bir-gelecek-tehlikesi\/"},"modified":"2026-04-16T02:22:14","modified_gmt":"2026-04-15T23:22:14","slug":"robotlarin-yukselisi-yapay-zeka-ve-issiz-bir-gelecek-tehlikesi","status":"publish","type":"product","link":"https:\/\/roveyayinevi.com.tr\/index.php\/urun\/robotlarin-yukselisi-yapay-zeka-ve-issiz-bir-gelecek-tehlikesi\/","title":{"rendered":"Robotlar\u0131n Y\u00fckseli\u015fi \u2013 Yapay Zeka ve \u0130\u015fsiz Bir Gelecek Tehlikesi"},"content":{"rendered":"<p>\u201cMartin Ford\u2019un Robotlar\u0131n Y\u00fckseli\u015fi\u2019nde belgeledi\u011fi \u00fczere, teknolojinin i\u015fleri birer birer mideye indiren koca a\u011fz\u0131 art\u0131k en y\u00fcksek e\u011fitimi ve mahareti gerektiren i\u015fleri bile tehdit eder hale geldi. \u0130nsanlar robot teknolojisinin do\u011furmakta oldu\u011fu sonu\u00e7lar\u0131 \u015fimdiden \u00fczerlerinde hissetmeye ba\u015flad\u0131lar. Kitapta bunlar \u00e7ok ustaca anlat\u0131lm\u0131\u015f.\u201d \u2014 BARBARA EHRENREICH, New York Times BookReview \u201cDuru, kapsaml\u0131 ve korkusuz&#8230; Robotlar\u0131n Y\u00fckseli\u015fi uzun zamand\u0131r tart\u0131\u015f\u0131lan bir konuya paha bi\u00e7ilmez katk\u0131lar sa\u011fl\u0131yor.\u201d &#8211; LOS ANGELES TIMES \u201c\u00c7ok iyi ara\u015ft\u0131r\u0131lm\u0131\u015f bir kitap. Ve insan\u0131n huzurunu ka\u00e7\u0131racak derecede ikna edici.\u201d &#8211; FINANCIAL TIMES   Gelece\u011fin meslekleri neler? Ne kadar say\u0131da i\u015f olacak? Peki bu i\u015flere kimler sahip olacak? Teknoloji h\u0131zlan\u0131p da makineler kendi ba\u015flar\u0131n\u0131n \u00e7aresine bakmay\u0131 \u00f6\u011frendik\u00e7e, daha az say\u0131da insana ihtiya\u00e7 olacak. Yapay zeka daha \u015fimdiden pek \u00e7ok \u201ciyi i\u015f\u201di gereksiz hale getirdi bile: Yard\u0131mc\u0131 avukatlar, gazeteciler, ofis \u00e7al\u0131\u015fanlar\u0131, hatta bilgisayar programc\u0131lar\u0131 bile yerlerini yava\u015f yava\u015f robotlara ve zeki yaz\u0131l\u0131mlara b\u0131rak\u0131yorlar. \u0130lerleme s\u00fcrd\u00fck\u00e7e mavi ve beyaz yaka i\u015fler buharla\u015f\u0131p u\u00e7acak; orta s\u0131n\u0131f aileler s\u0131k\u0131\u015ft\u0131k\u00e7a s\u0131k\u0131\u015facak. Gittik\u00e7e artan aile masraflar\u0131 da cabas\u0131. Bilgi teknolojisi sayesinde baz\u0131 \u015feyler ucuzlasa da, \u00f6zellikle e\u011fitim ve sa\u011fl\u0131k sekt\u00f6rleri bu d\u00f6n\u00fc\u015f\u00fcmden nasiplerini almad\u0131lar ve b\u00fcy\u00fck masraf kap\u0131s\u0131 olmay\u0131 s\u00fcrd\u00fcr\u00fcyorlar. Bunun sonucunda muazzam bir i\u015fsizlik ve e\u015fitsizlik dalgas\u0131 y\u00fckselebilir, hatta bizzat t\u00fcketici ekonomisi \u00e7\u00f6kebilir. \u0130\u015f\u00e7ilere daha iyi e\u011fitim vermek gibi eskiden teknolojik y\u0131k\u0131ma deva olmu\u015f \u00e7\u00f6z\u00fcmler de bundan b\u00f6yle i\u015fe yaramayacak. Gelecek b\u00fcy\u00fck \u00e7apl\u0131 refah m\u0131, yoksa korkun\u00e7 bir e\u015fitsizlik ve ekonomik g\u00fcvensizlik mi getirecek? Bu sorunun cevab\u0131n\u0131 bug\u00fcn verip rotam\u0131z\u0131 belirlemek zorunday\u0131z. Robotlar\u0131n Y\u00fckseli\u015fi teknolojinin h\u0131zlanmas\u0131n\u0131n bizim ve \u00e7ocuklar\u0131m\u0131z i\u00e7in do\u011furaca\u011f\u0131 ekonomik sonu\u00e7lar\u0131 anlamam\u0131z i\u00e7in zorunlu okuma kitab\u0131 niteli\u011finde. <\/p>\n","protected":false},"excerpt":{"rendered":"<p>\u201cMartin Ford\u2019un Robotlar\u0131n Y\u00fckseli\u015fi\u2019nde belgeledi\u011fi \u00fczere, teknolojinin i\u015fleri birer birer mideye indiren koca a\u011fz\u0131 art\u0131k en y\u00fcksek e\u011fitimi ve mahareti gerektiren i\u015fleri bile tehdit eder hale<span class=\"excerpt-hellip\"> [\u2026]<\/span><\/p>\n","protected":false},"featured_media":0,"template":"","meta":{"_monsterinsights_skip_tracking":false,"_monsterinsights_sitenote_active":false,"_monsterinsights_sitenote_note":"","_monsterinsights_sitenote_category":0},"product_brand":[],"product_cat":[13043,17647],"product_tag":[],"class_list":{"0":"post-713531","1":"product","2":"type-product","3":"status-publish","5":"product_cat-ekonomi","6":"product_cat-is-dunyasi","7":"pa_cilt-ciltsiz","8":"pa_tur-kitap","9":"pa_yayinevi-kronik-kitap","10":"pa_yazar-martin-ford","12":"first","13":"instock","14":"sale","15":"shipping-taxable","16":"purchasable","17":"product-type-simple"},"_links":{"self":[{"href":"https:\/\/roveyayinevi.com.tr\/index.php\/wp-json\/wp\/v2\/product\/713531","targetHints":{"allow":["GET"]}}],"collection":[{"href":"https:\/\/roveyayinevi.com.tr\/index.php\/wp-json\/wp\/v2\/product"}],"about":[{"href":"https:\/\/roveyayinevi.com.tr\/index.php\/wp-json\/wp\/v2\/types\/product"}],"wp:attachment":[{"href":"https:\/\/roveyayinevi.com.tr\/index.php\/wp-json\/wp\/v2\/media?parent=713531"}],"wp:term":[{"taxonomy":"product_brand","embeddable":true,"href":"https:\/\/roveyayinevi.com.tr\/index.php\/wp-json\/wp\/v2\/product_brand?post=713531"},{"taxonomy":"product_cat","embeddable":true,"href":"https:\/\/roveyayinevi.com.tr\/index.php\/wp-json\/wp\/v2\/product_cat?post=713531"},{"taxonomy":"product_tag","embeddable":true,"href":"https:\/\/roveyayinevi.com.tr\/index.php\/wp-json\/wp\/v2\/product_tag?post=713531"}],"curies":[{"name":"wp","href":"https:\/\/api.w.org\/{rel}","templated":true}]}}