{"id":713528,"date":"2025-08-27T17:08:23","date_gmt":"2025-08-27T14:08:23","guid":{"rendered":"https:\/\/roveyayinevi.com.tr\/index.php\/urun\/kupa-kizini-as\/"},"modified":"2026-04-16T02:22:14","modified_gmt":"2026-04-15T23:22:14","slug":"kupa-kizini-as","status":"publish","type":"product","link":"https:\/\/roveyayinevi.com.tr\/index.php\/urun\/kupa-kizini-as\/","title":{"rendered":"Kupa K\u0131z\u0131n\u0131 As"},"content":{"rendered":"<p>Hi\u00e7 kimse ger\u00e7e\u011fin \u00fcst\u00fcn\u00fc \u00f6rtemez. Yazar, s\u00f6yledi ve ruhunu kurtard\u0131. Fikret ise s\u00f6yleyebildi\u011fi kadar mutlu, s\u00f6yleyemedi\u011fi kadar mutsuz&#8230; Peki ya di\u011ferleri? Sonunu bilme iste\u011fi, insano\u011flunun en b\u00fcy\u00fck merak\u0131 olarak kalmaya devam edecek. Rivayet ederler ki, \u00f6l\u00fcn\u00fcn g\u00f6zlerinde en son, katilinin izi kal\u0131rm\u0131\u015f. Asl\u0131 Muall\u00e2\u2019n\u0131n mavi g\u00f6zlerinde b\u00f6yle bir iz s\u00fcrmek bug\u00fcn i\u00e7in m\u00fcmk\u00fcn de\u011fil. M\u00fcmk\u00fcn oldu\u011funda, belki de y\u00fczlerce fail hepimizi \u015fa\u015f\u0131rtacak. <\/p>\n","protected":false},"excerpt":{"rendered":"<p>Hi\u00e7 kimse ger\u00e7e\u011fin \u00fcst\u00fcn\u00fc \u00f6rtemez. Yazar, s\u00f6yledi ve ruhunu kurtard\u0131. Fikret ise s\u00f6yleyebildi\u011fi kadar mutlu, s\u00f6yleyemedi\u011fi kadar mutsuz&#8230; Peki ya di\u011ferleri? Sonunu bilme iste\u011fi, insano\u011flunun en<span class=\"excerpt-hellip\"> [\u2026]<\/span><\/p>\n","protected":false},"featured_media":0,"template":"","meta":{"_monsterinsights_skip_tracking":false,"_monsterinsights_sitenote_active":false,"_monsterinsights_sitenote_note":"","_monsterinsights_sitenote_category":0},"product_brand":[],"product_cat":[12291,12711],"product_tag":[],"class_list":{"0":"post-713528","1":"product","2":"type-product","3":"status-publish","5":"product_cat-edebiyat","6":"product_cat-roman-oyku","7":"pa_cilt-ciltsiz","8":"pa_tur-kitap","9":"pa_yayinevi-otuken-nesriyat","10":"pa_yazar-senol-turan","12":"first","13":"instock","14":"sale","15":"shipping-taxable","16":"purchasable","17":"product-type-simple"},"_links":{"self":[{"href":"https:\/\/roveyayinevi.com.tr\/index.php\/wp-json\/wp\/v2\/product\/713528","targetHints":{"allow":["GET"]}}],"collection":[{"href":"https:\/\/roveyayinevi.com.tr\/index.php\/wp-json\/wp\/v2\/product"}],"about":[{"href":"https:\/\/roveyayinevi.com.tr\/index.php\/wp-json\/wp\/v2\/types\/product"}],"wp:attachment":[{"href":"https:\/\/roveyayinevi.com.tr\/index.php\/wp-json\/wp\/v2\/media?parent=713528"}],"wp:term":[{"taxonomy":"product_brand","embeddable":true,"href":"https:\/\/roveyayinevi.com.tr\/index.php\/wp-json\/wp\/v2\/product_brand?post=713528"},{"taxonomy":"product_cat","embeddable":true,"href":"https:\/\/roveyayinevi.com.tr\/index.php\/wp-json\/wp\/v2\/product_cat?post=713528"},{"taxonomy":"product_tag","embeddable":true,"href":"https:\/\/roveyayinevi.com.tr\/index.php\/wp-json\/wp\/v2\/product_tag?post=713528"}],"curies":[{"name":"wp","href":"https:\/\/api.w.org\/{rel}","templated":true}]}}