{"id":713526,"date":"2025-08-27T17:08:22","date_gmt":"2025-08-27T14:08:22","guid":{"rendered":"https:\/\/roveyayinevi.com.tr\/index.php\/urun\/light-on-yoga-yogaya-isik-ciltli\/"},"modified":"2026-04-12T02:26:11","modified_gmt":"2026-04-11T23:26:11","slug":"light-on-yoga-yogaya-isik-ciltli","status":"publish","type":"product","link":"https:\/\/roveyayinevi.com.tr\/index.php\/urun\/light-on-yoga-yogaya-isik-ciltli\/","title":{"rendered":"Light On Yoga Yogaya I\u015f\u0131k (Ciltli)"},"content":{"rendered":"<p>Sanskrit\u00e7ede birle\u015fmeyi ifade eden \u201cYoga\u201d kelimesi geni\u015f anlam\u0131yla beden, zihin, duygu ve akl\u0131n birle\u015fmesidir. D\u00fcnyan\u0131n en sayg\u0131n yoga e\u011fitmeni ve yogay\u0131 Bat\u0131 ile tan\u0131\u015ft\u0131ran ki\u015fi olarak bilinen B. K. S. IYENGAR Light on YOGA \u2013 Yogaya I\u015f\u0131k\u2019ta her yoga pozunu ad\u0131m ad\u0131m a\u00e7\u0131kl\u0131yor; nefes tekniklerini, yoga felsefesini ve maneviyat\u0131n\u0131 hem yogaya yeni ba\u015flayanlara hem de deneyimli yoga e\u011fitmenlerine \u00f6\u011freterek haftal\u0131k geli\u015fim plan\u0131yla ve foto\u011fraflarla birlikte sunuyor. B. K. S. Iyengar, asanalar\u0131n (duru\u015f) bir a\u011fac\u0131n dallar\u0131 oldu\u011funu s\u00f6yler ve asanalar\u0131 yaparken bedenle zihin, zihinle ruh aras\u0131ndaki ikiliklerin silinmesi i\u00e7in asanalar\u0131n i\u00e7tenlik ve dikkatle ya\u015fanmas\u0131n\u0131 tavsiye eder. B. K. S. Iyengar yogan\u0131n as\u0131l ama\u00e7lar\u0131ndan biri, bedeni g\u00fc\u00e7lendirerek ki\u015fiyi pranayamaya (ya\u015fam enerjisi, nefes) haz\u0131rlamakt\u0131r.<\/p>\n","protected":false},"excerpt":{"rendered":"<p>Sanskrit\u00e7ede birle\u015fmeyi ifade eden \u201cYoga\u201d kelimesi geni\u015f anlam\u0131yla beden, zihin, duygu ve akl\u0131n birle\u015fmesidir. D\u00fcnyan\u0131n en sayg\u0131n yoga e\u011fitmeni ve yogay\u0131 Bat\u0131 ile tan\u0131\u015ft\u0131ran ki\u015fi olarak<span class=\"excerpt-hellip\"> [\u2026]<\/span><\/p>\n","protected":false},"featured_media":0,"template":"","meta":{"_monsterinsights_skip_tracking":false,"_monsterinsights_sitenote_active":false,"_monsterinsights_sitenote_note":"","_monsterinsights_sitenote_category":0},"product_brand":[],"product_cat":[12364,12376],"product_tag":[],"class_list":{"0":"post-713526","1":"product","2":"type-product","3":"status-publish","5":"product_cat-genel-konular","6":"product_cat-kisisel-gelisim","7":"pa_cilt-ciltli","8":"pa_tur-kitap","9":"pa_yayinevi-omega","10":"pa_yazar-b-k-s-iyenyar","12":"first","13":"instock","14":"sale","15":"shipping-taxable","16":"purchasable","17":"product-type-simple"},"_links":{"self":[{"href":"https:\/\/roveyayinevi.com.tr\/index.php\/wp-json\/wp\/v2\/product\/713526","targetHints":{"allow":["GET"]}}],"collection":[{"href":"https:\/\/roveyayinevi.com.tr\/index.php\/wp-json\/wp\/v2\/product"}],"about":[{"href":"https:\/\/roveyayinevi.com.tr\/index.php\/wp-json\/wp\/v2\/types\/product"}],"wp:attachment":[{"href":"https:\/\/roveyayinevi.com.tr\/index.php\/wp-json\/wp\/v2\/media?parent=713526"}],"wp:term":[{"taxonomy":"product_brand","embeddable":true,"href":"https:\/\/roveyayinevi.com.tr\/index.php\/wp-json\/wp\/v2\/product_brand?post=713526"},{"taxonomy":"product_cat","embeddable":true,"href":"https:\/\/roveyayinevi.com.tr\/index.php\/wp-json\/wp\/v2\/product_cat?post=713526"},{"taxonomy":"product_tag","embeddable":true,"href":"https:\/\/roveyayinevi.com.tr\/index.php\/wp-json\/wp\/v2\/product_tag?post=713526"}],"curies":[{"name":"wp","href":"https:\/\/api.w.org\/{rel}","templated":true}]}}