{"id":713525,"date":"2025-08-27T17:08:22","date_gmt":"2025-08-27T14:08:22","guid":{"rendered":"https:\/\/roveyayinevi.com.tr\/index.php\/urun\/islam-ulkelerinde-bilimin-gerileyisi\/"},"modified":"2026-04-16T02:22:14","modified_gmt":"2026-04-15T23:22:14","slug":"islam-ulkelerinde-bilimin-gerileyisi","status":"publish","type":"product","link":"https:\/\/roveyayinevi.com.tr\/index.php\/urun\/islam-ulkelerinde-bilimin-gerileyisi\/","title":{"rendered":"\u0130slam \u00dclkelerinde Bilimin Gerileyi\u015fi"},"content":{"rendered":"<p>\u0130sl\u00e2m \u00dclkelerinde Bilimin Gerileyi\u015fiBilimsel Bilgi \u00dcretimi20.Yu\u0308zy\u0131la Girerken Bilimi Sarsan Du\u0308\u015fu\u0308ncelerPostmodernizmD\u00fcnya Evrime Kar\u015f\u0131!Cumhuriyetin E\u011fitim FelsefesiBrunolar Yanmas\u0131n!Evrensel Hukuk Var m\u0131?Atatu\u0308rk Geometri Kitab\u0131n\u0131 Neden Yazd\u0131?E\u011fitim 2050Matematik Nedir? Yazar\u0131n, sa\u011flam bir mant\u0131k \u00fczerine kurdu\u011fu tezlerini, bilim ve felsefenin zor san\u0131lan g\u00fcncel konular\u0131n\u0131 herkesin anlayabilece\u011fi ak\u0131c\u0131 bir dille sunmaktad\u0131r. Birinci bas\u0131m\u0131 k\u0131sa s\u00fcrede t\u00fckenen kitab\u0131n yap\u0131lan bu ikinci bas\u0131m\u0131, i\u00e7inde ya\u015fad\u0131klar\u0131 \u00e7a\u011f\u0131 anlamak isteyenlerin okumas\u0131 gerekti\u011fini d\u00fc\u015f\u00fcn\u00fcyoruz\u2026 <\/p>\n","protected":false},"excerpt":{"rendered":"<p>\u0130sl\u00e2m \u00dclkelerinde Bilimin Gerileyi\u015fiBilimsel Bilgi \u00dcretimi20.Yu\u0308zy\u0131la Girerken Bilimi Sarsan Du\u0308\u015fu\u0308ncelerPostmodernizmD\u00fcnya Evrime Kar\u015f\u0131!Cumhuriyetin E\u011fitim FelsefesiBrunolar Yanmas\u0131n!Evrensel Hukuk Var m\u0131?Atatu\u0308rk Geometri Kitab\u0131n\u0131 Neden Yazd\u0131?E\u011fitim 2050Matematik Nedir? Yazar\u0131n, sa\u011flam<span class=\"excerpt-hellip\"> [\u2026]<\/span><\/p>\n","protected":false},"featured_media":0,"template":"","meta":{"_monsterinsights_skip_tracking":false,"_monsterinsights_sitenote_active":false,"_monsterinsights_sitenote_note":"","_monsterinsights_sitenote_category":0},"product_brand":[],"product_cat":[13036,12718,12719],"product_tag":[],"class_list":{"0":"post-713525","1":"product","2":"type-product","3":"status-publish","5":"product_cat-arastirma-inceleme-islam","6":"product_cat-din","7":"product_cat-islam","8":"pa_cilt-ciltsiz","9":"pa_tur-kitap","10":"pa_yayinevi-abakus-kitap","11":"pa_yazar-timur-karacay","13":"first","14":"instock","15":"sale","16":"shipping-taxable","17":"purchasable","18":"product-type-simple"},"_links":{"self":[{"href":"https:\/\/roveyayinevi.com.tr\/index.php\/wp-json\/wp\/v2\/product\/713525","targetHints":{"allow":["GET"]}}],"collection":[{"href":"https:\/\/roveyayinevi.com.tr\/index.php\/wp-json\/wp\/v2\/product"}],"about":[{"href":"https:\/\/roveyayinevi.com.tr\/index.php\/wp-json\/wp\/v2\/types\/product"}],"wp:attachment":[{"href":"https:\/\/roveyayinevi.com.tr\/index.php\/wp-json\/wp\/v2\/media?parent=713525"}],"wp:term":[{"taxonomy":"product_brand","embeddable":true,"href":"https:\/\/roveyayinevi.com.tr\/index.php\/wp-json\/wp\/v2\/product_brand?post=713525"},{"taxonomy":"product_cat","embeddable":true,"href":"https:\/\/roveyayinevi.com.tr\/index.php\/wp-json\/wp\/v2\/product_cat?post=713525"},{"taxonomy":"product_tag","embeddable":true,"href":"https:\/\/roveyayinevi.com.tr\/index.php\/wp-json\/wp\/v2\/product_tag?post=713525"}],"curies":[{"name":"wp","href":"https:\/\/api.w.org\/{rel}","templated":true}]}}