{"id":713523,"date":"2025-08-27T17:08:21","date_gmt":"2025-08-27T14:08:21","guid":{"rendered":"https:\/\/roveyayinevi.com.tr\/index.php\/urun\/cilgin-deyimler-ciltli\/"},"modified":"2026-04-16T02:22:14","modified_gmt":"2026-04-15T23:22:14","slug":"cilgin-deyimler-ciltli","status":"publish","type":"product","link":"https:\/\/roveyayinevi.com.tr\/index.php\/urun\/cilgin-deyimler-ciltli\/","title":{"rendered":"\u00c7\u0131lg\u0131n Deyimler (Ciltli)"},"content":{"rendered":"<p>Bu deyimler \u00e7ok e\u011flenceli. \u0130nan\u0131lmaz!Deyimler, atas\u00f6zlerinin akrabas\u0131 m\u0131d\u0131r?Akbaba de\u011fil, akraba dedim!Sahiden de ipe un serilir mi?\u00d6k\u00fczler neden trene garip garip bakarlar?Buza\u011f\u0131lar, \u00f6k\u00fcz\u00fcn alt\u0131na neden gizlenirler?\u00d6k\u00fczler \u00f6l\u00fcnce neden ortakl\u0131k bozulur? Kim bu \u00f6k\u00fczleeeeerrr!Derdimizi Marko Pa\u015fa\u2019ya anlat\u0131rsak bize yard\u0131m eder mi?Denize d\u00fc\u015fen y\u0131lana neden sar\u0131l\u0131r?E\u015fekler, sudan neden ge\u00e7 geliyor?Dingo\u2019nun ah\u0131r\u0131 nerede bilen var m\u0131?G\u00f6z\u00fcne girdi\u011finiz insan\u0131n, g\u00f6z\u00fc ac\u0131r m\u0131?\u0130mdaaat! Biri bu deyimleri durdursun.Yoksa at\u0131 alan \u00dcsk\u00fcdar\u2019\u0131 ge\u00e7ecek.Haydi gen\u00e7ler, hepsi ve daha fazlar\u0131 bu kitapta!\u0130yi okumalar.. <\/p>\n","protected":false},"excerpt":{"rendered":"<p>Bu deyimler \u00e7ok e\u011flenceli. \u0130nan\u0131lmaz!Deyimler, atas\u00f6zlerinin akrabas\u0131 m\u0131d\u0131r?Akbaba de\u011fil, akraba dedim!Sahiden de ipe un serilir mi?\u00d6k\u00fczler neden trene garip garip bakarlar?Buza\u011f\u0131lar, \u00f6k\u00fcz\u00fcn alt\u0131na neden gizlenirler?\u00d6k\u00fczler \u00f6l\u00fcnce<span class=\"excerpt-hellip\"> [\u2026]<\/span><\/p>\n","protected":false},"featured_media":0,"template":"","meta":{"_monsterinsights_skip_tracking":false,"_monsterinsights_sitenote_active":false,"_monsterinsights_sitenote_note":"","_monsterinsights_sitenote_category":0},"product_brand":[],"product_cat":[12291,14825],"product_tag":[],"class_list":{"0":"post-713523","1":"product","2":"type-product","3":"status-publish","5":"product_cat-edebiyat","6":"product_cat-mizah","7":"pa_cilt-ciltli","8":"pa_tur-kitap","9":"pa_yayinevi-nesil-genc","10":"pa_yazar-yusuf-asal","12":"first","13":"instock","14":"sale","15":"shipping-taxable","16":"purchasable","17":"product-type-simple"},"_links":{"self":[{"href":"https:\/\/roveyayinevi.com.tr\/index.php\/wp-json\/wp\/v2\/product\/713523","targetHints":{"allow":["GET"]}}],"collection":[{"href":"https:\/\/roveyayinevi.com.tr\/index.php\/wp-json\/wp\/v2\/product"}],"about":[{"href":"https:\/\/roveyayinevi.com.tr\/index.php\/wp-json\/wp\/v2\/types\/product"}],"wp:attachment":[{"href":"https:\/\/roveyayinevi.com.tr\/index.php\/wp-json\/wp\/v2\/media?parent=713523"}],"wp:term":[{"taxonomy":"product_brand","embeddable":true,"href":"https:\/\/roveyayinevi.com.tr\/index.php\/wp-json\/wp\/v2\/product_brand?post=713523"},{"taxonomy":"product_cat","embeddable":true,"href":"https:\/\/roveyayinevi.com.tr\/index.php\/wp-json\/wp\/v2\/product_cat?post=713523"},{"taxonomy":"product_tag","embeddable":true,"href":"https:\/\/roveyayinevi.com.tr\/index.php\/wp-json\/wp\/v2\/product_tag?post=713523"}],"curies":[{"name":"wp","href":"https:\/\/api.w.org\/{rel}","templated":true}]}}