{"id":713521,"date":"2025-08-27T17:08:20","date_gmt":"2025-08-27T14:08:20","guid":{"rendered":"https:\/\/roveyayinevi.com.tr\/index.php\/urun\/sorun-cozme-terapisi\/"},"modified":"2026-04-16T02:22:14","modified_gmt":"2026-04-15T23:22:14","slug":"sorun-cozme-terapisi","status":"publish","type":"product","link":"https:\/\/roveyayinevi.com.tr\/index.php\/urun\/sorun-cozme-terapisi\/","title":{"rendered":"Sorun \u00c7\u00f6zme Terapisi"},"content":{"rendered":"<p>Psikolojik s\u0131k\u0131nt\u0131lar ya\u015fam d\u00f6nemlerinde farkl\u0131 g\u00f6r\u00fclme s\u0131kl\u0131\u011f\u0131 g\u00f6stermektedir. Psikolojik rahats\u0131zl\u0131klar\u0131n g\u00f6r\u00fclme s\u0131kl\u0131\u011f\u0131 ile ilgili yap\u0131lm\u0131\u015f bilimsel \u00e7al\u0131\u015fmalar, gen\u00e7ler aras\u0131nda, depresyon, intihar, anksiyete gibi psikolojik sorunlar ile madde k\u00f6t\u00fcye kullan\u0131m\u0131, kendini yaralama ve sald\u0131rganl\u0131k gibi davran\u0131\u015fsal sorunlar\u0131n yayg\u0131n oldu\u011funu ortaya koymaktad\u0131r. Depresyon ve intihar ya\u015fl\u0131 n\u00fcfus i\u00e7erisinde de yayg\u0131nd\u0131r. \u0130nsanlar\u0131n ya\u015famda kar\u015f\u0131la\u015ft\u0131klar\u0131 sorunlar\u0131 \u00e7\u00f6zebilme becerilerine sahip olmas\u0131, ruhsal s\u0131k\u0131nt\u0131 ya\u015famalar\u0131 olas\u0131l\u0131\u011f\u0131n\u0131 \u00f6nemli \u00f6l\u00e7\u00fcde azaltmaktad\u0131r. G\u00fcn\u00fcm\u00fczde etkinli\u011fi bilimsel olarak kan\u0131tlanm\u0131\u015f psikolojik sa\u011falt\u0131m yakla\u015f\u0131mlar\u0131na olan gereksinme artm\u0131\u015ft\u0131r. S\u00f6z konusu art\u0131\u015f hem profesyoneller hem de hizmet kullan\u0131c\u0131lar\u0131 i\u00e7in ge\u00e7erlidir. Bili\u015fsel davran\u0131\u015f\u00e7\u0131 psikoterapi uygulamalar\u0131ndan olan sorun \u00e7\u00f6zme terapisi hem bir\u00e7ok ruhsal s\u0131k\u0131nt\u0131n\u0131n \u00f6nlenmesi ve azalt\u0131lmas\u0131nda etkilili\u011fi bilimsel olarak g\u00f6sterilmi\u015f hem de yap\u0131land\u0131r\u0131lm\u0131\u015f bir psikoterapi yakla\u015f\u0131m\u0131 olmas\u0131 bak\u0131m\u0131ndan \u00f6n plana \u00e7\u0131kmaktad\u0131r. <\/p>\n","protected":false},"excerpt":{"rendered":"<p>Psikolojik s\u0131k\u0131nt\u0131lar ya\u015fam d\u00f6nemlerinde farkl\u0131 g\u00f6r\u00fclme s\u0131kl\u0131\u011f\u0131 g\u00f6stermektedir. Psikolojik rahats\u0131zl\u0131klar\u0131n g\u00f6r\u00fclme s\u0131kl\u0131\u011f\u0131 ile ilgili yap\u0131lm\u0131\u015f bilimsel \u00e7al\u0131\u015fmalar, gen\u00e7ler aras\u0131nda, depresyon, intihar, anksiyete gibi psikolojik sorunlar ile<span class=\"excerpt-hellip\"> [\u2026]<\/span><\/p>\n","protected":false},"featured_media":0,"template":"","meta":{"_monsterinsights_skip_tracking":false,"_monsterinsights_sitenote_active":false,"_monsterinsights_sitenote_note":"","_monsterinsights_sitenote_category":0},"product_brand":[],"product_cat":[12358,12357],"product_tag":[],"class_list":{"0":"post-713521","1":"product","2":"type-product","3":"status-publish","5":"product_cat-genel-psikoloji","6":"product_cat-psikoloji","7":"pa_cilt-ciltsiz","8":"pa_tur-kitap","9":"pa_yayinevi-altinordu-yayinlari","10":"pa_yazar-mehmet-eskin","12":"first","13":"instock","14":"sale","15":"shipping-taxable","16":"purchasable","17":"product-type-simple"},"_links":{"self":[{"href":"https:\/\/roveyayinevi.com.tr\/index.php\/wp-json\/wp\/v2\/product\/713521","targetHints":{"allow":["GET"]}}],"collection":[{"href":"https:\/\/roveyayinevi.com.tr\/index.php\/wp-json\/wp\/v2\/product"}],"about":[{"href":"https:\/\/roveyayinevi.com.tr\/index.php\/wp-json\/wp\/v2\/types\/product"}],"wp:attachment":[{"href":"https:\/\/roveyayinevi.com.tr\/index.php\/wp-json\/wp\/v2\/media?parent=713521"}],"wp:term":[{"taxonomy":"product_brand","embeddable":true,"href":"https:\/\/roveyayinevi.com.tr\/index.php\/wp-json\/wp\/v2\/product_brand?post=713521"},{"taxonomy":"product_cat","embeddable":true,"href":"https:\/\/roveyayinevi.com.tr\/index.php\/wp-json\/wp\/v2\/product_cat?post=713521"},{"taxonomy":"product_tag","embeddable":true,"href":"https:\/\/roveyayinevi.com.tr\/index.php\/wp-json\/wp\/v2\/product_tag?post=713521"}],"curies":[{"name":"wp","href":"https:\/\/api.w.org\/{rel}","templated":true}]}}