{"id":713517,"date":"2025-08-27T17:08:18","date_gmt":"2025-08-27T14:08:18","guid":{"rendered":"https:\/\/roveyayinevi.com.tr\/index.php\/urun\/mutluluk-atolyesi\/"},"modified":"2026-04-13T02:27:13","modified_gmt":"2026-04-12T23:27:13","slug":"mutluluk-atolyesi","status":"publish","type":"product","link":"https:\/\/roveyayinevi.com.tr\/index.php\/urun\/mutluluk-atolyesi\/","title":{"rendered":"Mutluluk At\u00f6lyesi"},"content":{"rendered":"<p>Yoksa siz mutlulu\u011fu \u201chaz\u201d kavram\u0131yla kar\u0131\u015ft\u0131rarak onu \u00f6nemsemeyen, \u00f6teleyen, mutlulu\u011fun ancak \u00f6teki d\u00fcnyada  ya\u015fanacak bir hal oldu\u011funu d\u00fc\u015f\u00fcnenlerden misiniz? Oysa cennete mutlulu\u011fu d\u00fcnyadan g\u00f6t\u00fcr\u00fcr\u00fcz. \u0130nsan\u0131n hayat amac\u0131n\u0131 ger\u00e7ekle\u015ftirmesini ve Allah&#8217;tan raz\u0131 olarak O&#8217;nun r\u0131zas\u0131n\u0131 kazanmas\u0131n\u0131 sa\u011flayan yol \u201c mutlu olmaktan\u201d ge\u00e7er. Mutlu olmak, \u015f\u00fck\u00fcr, hamd, tevekk\u00fcl ve teslimiyetimizi hayat\u0131m\u0131za \u015fahit k\u0131lmakt\u0131r. Mutlu olmak, ibadettir. Ya da siz  mutlulu\u011fun pe\u015finde ko\u015fanlardan m\u0131s\u0131n\u0131z?  Oysa mutlulu\u011fa kendini mutlu etmeye \u00e7al\u0131\u015fanlar de\u011fil, ba\u015fkalar\u0131n\u0131 mutlu etmeye \u00e7al\u0131\u015fanlar ula\u015fabilir. Ba\u015fkalar\u0131n\u0131n kalplerindeki iyili\u011fi d\u0131\u015far\u0131 \u00e7\u0131kartmak i\u00e7in kendi kalbimizdeki iyili\u011fi onlara sunarken, mutluluk hayat\u0131m\u0131za kendili\u011finden gelir. Ya da  siz h\u00e2l\u00e2 mutlulu\u011fun bir duygu  oldu\u011funu mu san\u0131yorsunuz? Oysa mutluluk bir erdemdir. D\u00fcnyaya geli\u015f amac\u0131m\u0131z mutlu olmak de\u011fil, tekam\u00fcl etmektir. Mutluluk ise tekam\u00fcl etmenin bir sonucudur. Mutluluk; \u0131\u015f\u0131\u011f\u0131n\u0131 takip ederek  ait oldu\u011fumuz yere ula\u015faca\u011f\u0131m\u0131z bir kutup y\u0131ld\u0131z\u0131d\u0131r. Bizi f\u0131trat\u0131m\u0131za, ya\u015fam amac\u0131m\u0131za, has esmam\u0131za, hayal etti\u011fimizden \u00e7ok daha b\u00fcy\u00fck bir insan oldu\u011fumuzu ke\u015ffetmeye g\u00f6t\u00fcr\u00fcr. Mutsuzluk ise bize bu yolculu\u011fa mecbur k\u0131lmak i\u00e7in bize verilen hediyenin ad\u0131d\u0131r. Verene \u015f\u00fck\u00fcrler olsun. <\/p>\n","protected":false},"excerpt":{"rendered":"<p>Yoksa siz mutlulu\u011fu \u201chaz\u201d kavram\u0131yla kar\u0131\u015ft\u0131rarak onu \u00f6nemsemeyen, \u00f6teleyen, mutlulu\u011fun ancak \u00f6teki d\u00fcnyada ya\u015fanacak bir hal oldu\u011funu d\u00fc\u015f\u00fcnenlerden misiniz? Oysa cennete mutlulu\u011fu d\u00fcnyadan g\u00f6t\u00fcr\u00fcr\u00fcz. \u0130nsan\u0131n hayat<span class=\"excerpt-hellip\"> [\u2026]<\/span><\/p>\n","protected":false},"featured_media":0,"template":"","meta":{"_monsterinsights_skip_tracking":false,"_monsterinsights_sitenote_active":false,"_monsterinsights_sitenote_note":"","_monsterinsights_sitenote_category":0},"product_brand":[],"product_cat":[12364,12376],"product_tag":[],"class_list":{"0":"post-713517","1":"product","2":"type-product","3":"status-publish","5":"product_cat-genel-konular","6":"product_cat-kisisel-gelisim","7":"pa_cilt-ciltsiz","8":"pa_tur-kitap","9":"pa_yayinevi-hayykitap","10":"pa_yazar-nevin-nesrin-soysal","12":"first","13":"instock","14":"sale","15":"shipping-taxable","16":"purchasable","17":"product-type-simple"},"_links":{"self":[{"href":"https:\/\/roveyayinevi.com.tr\/index.php\/wp-json\/wp\/v2\/product\/713517","targetHints":{"allow":["GET"]}}],"collection":[{"href":"https:\/\/roveyayinevi.com.tr\/index.php\/wp-json\/wp\/v2\/product"}],"about":[{"href":"https:\/\/roveyayinevi.com.tr\/index.php\/wp-json\/wp\/v2\/types\/product"}],"wp:attachment":[{"href":"https:\/\/roveyayinevi.com.tr\/index.php\/wp-json\/wp\/v2\/media?parent=713517"}],"wp:term":[{"taxonomy":"product_brand","embeddable":true,"href":"https:\/\/roveyayinevi.com.tr\/index.php\/wp-json\/wp\/v2\/product_brand?post=713517"},{"taxonomy":"product_cat","embeddable":true,"href":"https:\/\/roveyayinevi.com.tr\/index.php\/wp-json\/wp\/v2\/product_cat?post=713517"},{"taxonomy":"product_tag","embeddable":true,"href":"https:\/\/roveyayinevi.com.tr\/index.php\/wp-json\/wp\/v2\/product_tag?post=713517"}],"curies":[{"name":"wp","href":"https:\/\/api.w.org\/{rel}","templated":true}]}}