{"id":713515,"date":"2025-08-27T17:08:16","date_gmt":"2025-08-27T14:08:16","guid":{"rendered":"https:\/\/roveyayinevi.com.tr\/index.php\/urun\/cingi\/"},"modified":"2026-04-16T02:22:14","modified_gmt":"2026-04-15T23:22:14","slug":"cingi","status":"publish","type":"product","link":"https:\/\/roveyayinevi.com.tr\/index.php\/urun\/cingi\/","title":{"rendered":"\u00c7\u0131ng\u0131"},"content":{"rendered":"<p>\u00c7\u0131ng\u0131\u2019da, erkek ya da kad\u0131n cinsine \u00f6zg\u00fc, belli bir duyarl\u0131\u011fa ve belli bir dile s\u0131\u011fmayan, bu dar alanlardan ta\u015fan ve bu dar alanlar\u0131 y\u0131kan, sonu\u00e7ta insan\u2019\u0131 temel alan \u015fiirler okuyacaks\u0131n\u0131z: ayr\u0131ks\u0131, keskin, sert\u2026\u00c7\u00fcnk\u00fc \u201cd\u00fcnyal\u0131\u201d bir \u015fair Kevser Atay; g\u00f6\u011fe kucak a\u00e7\u0131yor, topra\u011fa inan\u0131yor, ufka bak\u0131yor\u2026Yani b\u00fcy\u00fck ve sonsuz olan ne varsa\u2026Dopdolu bir \u015fiir evrenine konuk olacaks\u0131n\u0131z \u00c7\u0131ng\u0131\u2019da: \u015fa\u015f\u0131rt\u0131c\u0131, heyecanl\u0131, s\u0131ra d\u0131\u015f\u0131..G\u00f6khan Cengizhan <\/p>\n","protected":false},"excerpt":{"rendered":"<p>\u00c7\u0131ng\u0131\u2019da, erkek ya da kad\u0131n cinsine \u00f6zg\u00fc, belli bir duyarl\u0131\u011fa ve belli bir dile s\u0131\u011fmayan, bu dar alanlardan ta\u015fan ve bu dar alanlar\u0131 y\u0131kan, sonu\u00e7ta insan\u2019\u0131<span class=\"excerpt-hellip\"> [\u2026]<\/span><\/p>\n","protected":false},"featured_media":0,"template":"","meta":{"_monsterinsights_skip_tracking":false,"_monsterinsights_sitenote_active":false,"_monsterinsights_sitenote_note":"","_monsterinsights_sitenote_category":0},"product_brand":[],"product_cat":[12291,12509],"product_tag":[],"class_list":{"0":"post-713515","1":"product","2":"type-product","3":"status-publish","5":"product_cat-edebiyat","6":"product_cat-siir","7":"pa_cilt-ciltsiz","8":"pa_tur-kitap","9":"pa_yayinevi-sinopsis-yayinlari","10":"pa_yazar-kevser-atay","12":"first","13":"instock","14":"sale","15":"shipping-taxable","16":"purchasable","17":"product-type-simple"},"_links":{"self":[{"href":"https:\/\/roveyayinevi.com.tr\/index.php\/wp-json\/wp\/v2\/product\/713515","targetHints":{"allow":["GET"]}}],"collection":[{"href":"https:\/\/roveyayinevi.com.tr\/index.php\/wp-json\/wp\/v2\/product"}],"about":[{"href":"https:\/\/roveyayinevi.com.tr\/index.php\/wp-json\/wp\/v2\/types\/product"}],"wp:attachment":[{"href":"https:\/\/roveyayinevi.com.tr\/index.php\/wp-json\/wp\/v2\/media?parent=713515"}],"wp:term":[{"taxonomy":"product_brand","embeddable":true,"href":"https:\/\/roveyayinevi.com.tr\/index.php\/wp-json\/wp\/v2\/product_brand?post=713515"},{"taxonomy":"product_cat","embeddable":true,"href":"https:\/\/roveyayinevi.com.tr\/index.php\/wp-json\/wp\/v2\/product_cat?post=713515"},{"taxonomy":"product_tag","embeddable":true,"href":"https:\/\/roveyayinevi.com.tr\/index.php\/wp-json\/wp\/v2\/product_tag?post=713515"}],"curies":[{"name":"wp","href":"https:\/\/api.w.org\/{rel}","templated":true}]}}