{"id":713514,"date":"2025-08-27T17:08:16","date_gmt":"2025-08-27T14:08:16","guid":{"rendered":"https:\/\/roveyayinevi.com.tr\/index.php\/urun\/amerikan-islamciligi\/"},"modified":"2026-04-16T02:22:14","modified_gmt":"2026-04-15T23:22:14","slug":"amerikan-islamciligi","status":"publish","type":"product","link":"https:\/\/roveyayinevi.com.tr\/index.php\/urun\/amerikan-islamciligi\/","title":{"rendered":"Amerikan \u0130slamc\u0131l\u0131\u011f\u0131"},"content":{"rendered":"<p>\u201cBug\u00fcn \u00fclkemizin ve di\u011fer \u0130slam \u00fclkelerinin temel sorunlar\u0131ndan biri, as\u0131l evimiz olan \u0130slam\u2019\u0131n sahih kaynaklar\u0131ndan uzakla\u015ft\u0131r\u0131l\u0131p, birlik, b\u00fct\u00fcnl\u00fck, sahicilik, samimilik, hakikilik mahiyeti yok edilip y\u0131k\u0131larak yerine k\u00f6le ruhlu ve vazifeli \u015feflere ba\u011fl\u0131l\u0131k merkezli, par\u00e7al\u0131, da\u011f\u0131n\u0131k ve kar\u015f\u0131tl\u0131klar \u00fczerine in\u015fa edilmi\u015f uyduruk tarikat ve cemaat gecekondular\u0131 taraf\u0131ndan i\u015fgal edilmesidir. Bug\u00fcn \u0130slamc\u0131 g\u00f6r\u00fcn\u00fcml\u00fc bir\u00e7ok cemaat ve tarikat olu\u015fumu, siyasi \u0130slamc\u0131 ve ter\u00f6rist \u0130slamc\u0131 yap\u0131lar, \u00f6zellikle \u0130srail, Avrupa Birli\u011fi ve Amerika Birle\u015fik Devletleri emperyalizmi taraf\u0131ndan kontrol alt\u0131nda tutulmakta, y\u00f6nlendirilmekte ve kullan\u0131lmaktad\u0131rlar.\u201d <\/p>\n","protected":false},"excerpt":{"rendered":"<p>\u201cBug\u00fcn \u00fclkemizin ve di\u011fer \u0130slam \u00fclkelerinin temel sorunlar\u0131ndan biri, as\u0131l evimiz olan \u0130slam\u2019\u0131n sahih kaynaklar\u0131ndan uzakla\u015ft\u0131r\u0131l\u0131p, birlik, b\u00fct\u00fcnl\u00fck, sahicilik, samimilik, hakikilik mahiyeti yok edilip y\u0131k\u0131larak yerine<span class=\"excerpt-hellip\"> [\u2026]<\/span><\/p>\n","protected":false},"featured_media":0,"template":"","meta":{"_monsterinsights_skip_tracking":false,"_monsterinsights_sitenote_active":false,"_monsterinsights_sitenote_note":"","_monsterinsights_sitenote_category":0},"product_brand":[],"product_cat":[13036,12718,12719],"product_tag":[],"class_list":{"0":"post-713514","1":"product","2":"type-product","3":"status-publish","5":"product_cat-arastirma-inceleme-islam","6":"product_cat-din","7":"product_cat-islam","8":"pa_cilt-ciltsiz","9":"pa_tur-kitap","10":"pa_yayinevi-yade-yayinlari","11":"pa_yazar-nurullah-cetin","13":"first","14":"instock","15":"sale","16":"shipping-taxable","17":"purchasable","18":"product-type-simple"},"_links":{"self":[{"href":"https:\/\/roveyayinevi.com.tr\/index.php\/wp-json\/wp\/v2\/product\/713514","targetHints":{"allow":["GET"]}}],"collection":[{"href":"https:\/\/roveyayinevi.com.tr\/index.php\/wp-json\/wp\/v2\/product"}],"about":[{"href":"https:\/\/roveyayinevi.com.tr\/index.php\/wp-json\/wp\/v2\/types\/product"}],"wp:attachment":[{"href":"https:\/\/roveyayinevi.com.tr\/index.php\/wp-json\/wp\/v2\/media?parent=713514"}],"wp:term":[{"taxonomy":"product_brand","embeddable":true,"href":"https:\/\/roveyayinevi.com.tr\/index.php\/wp-json\/wp\/v2\/product_brand?post=713514"},{"taxonomy":"product_cat","embeddable":true,"href":"https:\/\/roveyayinevi.com.tr\/index.php\/wp-json\/wp\/v2\/product_cat?post=713514"},{"taxonomy":"product_tag","embeddable":true,"href":"https:\/\/roveyayinevi.com.tr\/index.php\/wp-json\/wp\/v2\/product_tag?post=713514"}],"curies":[{"name":"wp","href":"https:\/\/api.w.org\/{rel}","templated":true}]}}