{"id":713511,"date":"2025-08-27T17:08:14","date_gmt":"2025-08-27T14:08:14","guid":{"rendered":"https:\/\/roveyayinevi.com.tr\/index.php\/urun\/ozgurluk-hukuk-ve-demokrasi\/"},"modified":"2026-04-16T02:22:14","modified_gmt":"2026-04-15T23:22:14","slug":"ozgurluk-hukuk-ve-demokrasi","status":"publish","type":"product","link":"https:\/\/roveyayinevi.com.tr\/index.php\/urun\/ozgurluk-hukuk-ve-demokrasi\/","title":{"rendered":"\u00d6zg\u00fcrl\u00fck, Hukuk ve Demokrasi"},"content":{"rendered":"<p>Mustafa Erdo\u011fan son otuz y\u0131lda anayasa teorisi ve hukuku, insan haklar\u0131, hukuk ve siyaset teorisi alanlar\u0131nda \u00e7ok say\u0131da eser verdi. T\u00fcrkiye Bilimler Akademisi asl\u00ee \u00fcyesi de olan Erdo\u011fan\u2019\u0131n ba\u015fl\u0131ca eserleri \u015funlard\u0131r: \u0130nsan Haklar\u0131: Teorisi ve Hukuku (5. b., 2018), T\u00fcrk Anayasa Hukuku (2018), Hukuk ve Adalet (2017), Anayasa Hukukuna Giri\u015f (2017), Anayasal Demokrasi (13. b., 2017), T\u00fcrkiye\u2019de Anayasalar ve Siyaset (9. b., 2016), Ayd\u0131nlanma, Modernlik ve Liberalizm (2006), Anayasa ve \u00d6zg\u00fcrl\u00fck (2002), Demokrasi, L\u00e2iklik ve Resmi \u0130deoloji (2. b., 2000).Yazar bu kitapta hukukun adalet ve siyasetle ili\u015fkisi hakk\u0131nda olanlar\u0131 yan\u0131nda, demokrasinin teori ve prati\u011fi hakk\u0131ndaki makalelerini de bir araya getirmi\u015ftir. \u00d6zg\u00fcrl\u00fck Hukuk ve Demokrasi\u2019de yer alan makalelerin hemen hemen hepsinde hem incelenen konuya ili\u015fkin teorik-kavramsal \u00e7er\u00e7eveler g\u00f6zden ge\u00e7irilmekte, hem de bu verilerden hareketle ve \u00f6zg\u00fcrl\u00fck\u00e7\u00fc bir perspektiften T\u00fcrkiye\u2019nin g\u00fcncel sorunlar\u0131 de\u011ferlendirilmektedir. \u015e\u00f6yle de denebilir: Bu kitap T\u00fcrkiye\u2019nin sosyo-politik sisteminin \u00f6teden beri neredeyse hi\u00e7 de\u011fi\u015fmeksizin varl\u0131\u011f\u0131n\u0131 koruyan \u2018\u2019\u00f6zg\u00fcrl\u00fck, hukuk ve demokrasi\u2019\u2019yle ba\u011flant\u0131l\u0131 sorunlar\u0131n\u0131n tahrik etti\u011fi ara\u015ft\u0131rma yaz\u0131lar\u0131ndan olu\u015fmaktad\u0131r. Kitab\u0131n toplumsal-siyasal teoriyle ve hukukla gerek ara\u015ft\u0131r <\/p>\n","protected":false},"excerpt":{"rendered":"<p>Mustafa Erdo\u011fan son otuz y\u0131lda anayasa teorisi ve hukuku, insan haklar\u0131, hukuk ve siyaset teorisi alanlar\u0131nda \u00e7ok say\u0131da eser verdi. T\u00fcrkiye Bilimler Akademisi asl\u00ee \u00fcyesi de<span class=\"excerpt-hellip\"> [\u2026]<\/span><\/p>\n","protected":false},"featured_media":0,"template":"","meta":{"_monsterinsights_skip_tracking":false,"_monsterinsights_sitenote_active":false,"_monsterinsights_sitenote_note":"","_monsterinsights_sitenote_category":0},"product_brand":[],"product_cat":[15350,17602],"product_tag":[],"class_list":{"0":"post-713511","1":"product","2":"type-product","3":"status-publish","5":"product_cat-hukuk","6":"product_cat-hukuk-uzerine","7":"pa_cilt-ciltsiz","8":"pa_tur-kitap","9":"pa_yayinevi-siyasal-kitabevi","10":"pa_yazar-mustafa-erdogan","12":"first","13":"instock","14":"sale","15":"shipping-taxable","16":"purchasable","17":"product-type-simple"},"_links":{"self":[{"href":"https:\/\/roveyayinevi.com.tr\/index.php\/wp-json\/wp\/v2\/product\/713511","targetHints":{"allow":["GET"]}}],"collection":[{"href":"https:\/\/roveyayinevi.com.tr\/index.php\/wp-json\/wp\/v2\/product"}],"about":[{"href":"https:\/\/roveyayinevi.com.tr\/index.php\/wp-json\/wp\/v2\/types\/product"}],"wp:attachment":[{"href":"https:\/\/roveyayinevi.com.tr\/index.php\/wp-json\/wp\/v2\/media?parent=713511"}],"wp:term":[{"taxonomy":"product_brand","embeddable":true,"href":"https:\/\/roveyayinevi.com.tr\/index.php\/wp-json\/wp\/v2\/product_brand?post=713511"},{"taxonomy":"product_cat","embeddable":true,"href":"https:\/\/roveyayinevi.com.tr\/index.php\/wp-json\/wp\/v2\/product_cat?post=713511"},{"taxonomy":"product_tag","embeddable":true,"href":"https:\/\/roveyayinevi.com.tr\/index.php\/wp-json\/wp\/v2\/product_tag?post=713511"}],"curies":[{"name":"wp","href":"https:\/\/api.w.org\/{rel}","templated":true}]}}