{"id":713510,"date":"2025-08-27T17:08:14","date_gmt":"2025-08-27T14:08:14","guid":{"rendered":"https:\/\/roveyayinevi.com.tr\/index.php\/urun\/elestirel-bir-yaklasim\/"},"modified":"2026-04-16T02:22:14","modified_gmt":"2026-04-15T23:22:14","slug":"elestirel-bir-yaklasim","status":"publish","type":"product","link":"https:\/\/roveyayinevi.com.tr\/index.php\/urun\/elestirel-bir-yaklasim\/","title":{"rendered":"Ele\u015ftirel Bir Yakla\u015f\u0131m"},"content":{"rendered":"<p>20. Y\u00fczy\u0131lda, Bir Adalet Teorisi adl\u0131 eseriyle \u00e7a\u011fda\u015f siyaset felsefesine y\u00f6n veren John B. Rawls teorisini; ba\u015flang\u0131\u00e7 durumu, cehalet perdesi, adaletin iki ilkesinin se\u00e7imi ve bunlar\u0131n uygulanmas\u0131 konular\u0131yla detayland\u0131r\u0131r. Adalet, \u00f6zg\u00fcrl\u00fck ve e\u015fitlik kavramlar\u0131n\u0131 fark ilkesi arac\u0131l\u0131\u011f\u0131yla bir \u2018hakkaniyet olarak adalet\u2019 \u00e7er\u00e7evesinde yap\u0131land\u0131rmas\u0131 hem Marksist hem de liberal taraftan ele\u015ftirilerin gelmesine neden olmu\u015ftur.\u0130nsano\u011flunun adaletin sa\u011flanmas\u0131 konusundaki hakl\u0131 talebi y\u00fczy\u0131llard\u0131r de\u011fi\u015fmemi\u015ftir ve adaletsizli\u011fe kar\u015f\u0131 \u00e7\u00f6z\u00fcm umutlar\u0131 da hi\u00e7 t\u00fckenmemi\u015ftir.  \u00d6zg\u00fcrl\u00fckten veya e\u015fitlikten yola \u00e7\u0131k\u0131larak adaletin sa\u011flanmas\u0131 konusunda \u00e7\u00f6z\u00fcm aray\u0131\u015flar\u0131 devam etmi\u015ftir. Bu noktada Rawls, dikkatleri \u00e7eken bir \u2018hakkaniyet olarak adalet\u2019 teorisiyle tart\u0131\u015fmalar\u0131n odak noktas\u0131 olmu\u015ftur.  1971\u2019te bas\u0131lan Bir Adalet Teorisi, g\u00fcn\u00fcm\u00fcz adalet sorunlar\u0131na y\u00f6n vermede g\u00fcncelli\u011fini hala korumaktad\u0131r ve teoriyi temellendirdi\u011fi kavramlarla ve bunlar\u0131n \u2018hakkaniyet olarak adalet\u2019 temelinde birbirlerine ba\u011flanmas\u0131 ile g\u00fcncelli\u011fini gelecekte de koruyacak bir g\u00fcce sahiptir.Bu kitap, adaletin sa\u011flanmas\u0131 temelinde Rawls\u2019un Bir Adalet Teorisi adl\u0131 eserine y\u00f6nelik ortaya koydu\u011fu ayr\u0131nt\u0131l\u0131 belirlemeler, de\u011ferlendirme ve ele\u015ftirilerle Siyaset Felsefesi alan\u0131na y\u00f6n verdi\u011fi kadar Siyaset Bilimi, Sosyoloji, Hukuk ve Uluslararas\u0131 \u0130li\u015fkiler gibi alanlar i\u00e7in de bir kaynak kitap niteli\u011findedir. <\/p>\n","protected":false},"excerpt":{"rendered":"<p>20. Y\u00fczy\u0131lda, Bir Adalet Teorisi adl\u0131 eseriyle \u00e7a\u011fda\u015f siyaset felsefesine y\u00f6n veren John B. Rawls teorisini; ba\u015flang\u0131\u00e7 durumu, cehalet perdesi, adaletin iki ilkesinin se\u00e7imi ve bunlar\u0131n<span class=\"excerpt-hellip\"> [\u2026]<\/span><\/p>\n","protected":false},"featured_media":0,"template":"","meta":{"_monsterinsights_skip_tracking":false,"_monsterinsights_sitenote_active":false,"_monsterinsights_sitenote_note":"","_monsterinsights_sitenote_category":0},"product_brand":[],"product_cat":[12388,15536],"product_tag":[],"class_list":{"0":"post-713510","1":"product","2":"type-product","3":"status-publish","5":"product_cat-felsefe","6":"product_cat-siyaset-felsefesi","7":"pa_cilt-ciltsiz","8":"pa_tur-kitap","9":"pa_yayinevi-siyasal-kitabevi","10":"pa_yazar-aysel-demir","12":"first","13":"instock","14":"sale","15":"shipping-taxable","16":"purchasable","17":"product-type-simple"},"_links":{"self":[{"href":"https:\/\/roveyayinevi.com.tr\/index.php\/wp-json\/wp\/v2\/product\/713510","targetHints":{"allow":["GET"]}}],"collection":[{"href":"https:\/\/roveyayinevi.com.tr\/index.php\/wp-json\/wp\/v2\/product"}],"about":[{"href":"https:\/\/roveyayinevi.com.tr\/index.php\/wp-json\/wp\/v2\/types\/product"}],"wp:attachment":[{"href":"https:\/\/roveyayinevi.com.tr\/index.php\/wp-json\/wp\/v2\/media?parent=713510"}],"wp:term":[{"taxonomy":"product_brand","embeddable":true,"href":"https:\/\/roveyayinevi.com.tr\/index.php\/wp-json\/wp\/v2\/product_brand?post=713510"},{"taxonomy":"product_cat","embeddable":true,"href":"https:\/\/roveyayinevi.com.tr\/index.php\/wp-json\/wp\/v2\/product_cat?post=713510"},{"taxonomy":"product_tag","embeddable":true,"href":"https:\/\/roveyayinevi.com.tr\/index.php\/wp-json\/wp\/v2\/product_tag?post=713510"}],"curies":[{"name":"wp","href":"https:\/\/api.w.org\/{rel}","templated":true}]}}