{"id":713509,"date":"2025-08-27T17:08:13","date_gmt":"2025-08-27T14:08:13","guid":{"rendered":"https:\/\/roveyayinevi.com.tr\/index.php\/urun\/halkla-iliskiler-public-relations-pr\/"},"modified":"2026-04-16T02:22:14","modified_gmt":"2026-04-15T23:22:14","slug":"halkla-iliskiler-public-relations-pr","status":"publish","type":"product","link":"https:\/\/roveyayinevi.com.tr\/index.php\/urun\/halkla-iliskiler-public-relations-pr\/","title":{"rendered":"Halkla \u0130li\u015fkiler &#8211; Public Relations &#8216;PR&#8217;"},"content":{"rendered":"<p>\u0130\u00e7indekiler 1-Halkla \u0130li\u015fkiler: Kavramsal \u00c7er\u00e7eve 2-Halkla \u0130li\u015fkiler ve ilgili Alanlar 3-Halkla \u0130li\u015fkiler ve \u0130leti\u015fim 4-Kurum \u0130\u00e7i \u0130leti\u015fim ve Halkla \u0130li\u015fkiler 5-Halkla \u0130li\u015fkilerin \u00d6rg\u00fctlenmesi 6-Halkla \u0130li\u015fkiler S\u00fcreci 7-Halkla \u0130li\u015fkilerde Kullan\u0131lan \u0130leti\u015fim Ara\u00e7lar\u0131 8-Kriz Y\u00f6netimi ve Halkla ili\u015fkiler <\/p>\n","protected":false},"excerpt":{"rendered":"<p>\u0130\u00e7indekiler 1-Halkla \u0130li\u015fkiler: Kavramsal \u00c7er\u00e7eve 2-Halkla \u0130li\u015fkiler ve ilgili Alanlar 3-Halkla \u0130li\u015fkiler ve \u0130leti\u015fim 4-Kurum \u0130\u00e7i \u0130leti\u015fim ve Halkla \u0130li\u015fkiler 5-Halkla \u0130li\u015fkilerin \u00d6rg\u00fctlenmesi 6-Halkla \u0130li\u015fkiler S\u00fcreci<span class=\"excerpt-hellip\"> [\u2026]<\/span><\/p>\n","protected":false},"featured_media":0,"template":"","meta":{"_monsterinsights_skip_tracking":false,"_monsterinsights_sitenote_active":false,"_monsterinsights_sitenote_note":"","_monsterinsights_sitenote_category":0},"product_brand":[],"product_cat":[12573,12566],"product_tag":[],"class_list":{"0":"post-713509","1":"product","2":"type-product","3":"status-publish","5":"product_cat-akademik-kitaplar","6":"product_cat-egitim","7":"pa_cilt-ciltsiz","8":"pa_tur-kitap","9":"pa_yayinevi-gazi-kitabevi","10":"pa_yazar-pinar-karacan-dogan","12":"first","13":"instock","14":"sale","15":"shipping-taxable","16":"purchasable","17":"product-type-simple"},"_links":{"self":[{"href":"https:\/\/roveyayinevi.com.tr\/index.php\/wp-json\/wp\/v2\/product\/713509","targetHints":{"allow":["GET"]}}],"collection":[{"href":"https:\/\/roveyayinevi.com.tr\/index.php\/wp-json\/wp\/v2\/product"}],"about":[{"href":"https:\/\/roveyayinevi.com.tr\/index.php\/wp-json\/wp\/v2\/types\/product"}],"wp:attachment":[{"href":"https:\/\/roveyayinevi.com.tr\/index.php\/wp-json\/wp\/v2\/media?parent=713509"}],"wp:term":[{"taxonomy":"product_brand","embeddable":true,"href":"https:\/\/roveyayinevi.com.tr\/index.php\/wp-json\/wp\/v2\/product_brand?post=713509"},{"taxonomy":"product_cat","embeddable":true,"href":"https:\/\/roveyayinevi.com.tr\/index.php\/wp-json\/wp\/v2\/product_cat?post=713509"},{"taxonomy":"product_tag","embeddable":true,"href":"https:\/\/roveyayinevi.com.tr\/index.php\/wp-json\/wp\/v2\/product_tag?post=713509"}],"curies":[{"name":"wp","href":"https:\/\/api.w.org\/{rel}","templated":true}]}}