{"id":713508,"date":"2025-08-27T17:08:13","date_gmt":"2025-08-27T14:08:13","guid":{"rendered":"https:\/\/roveyayinevi.com.tr\/index.php\/urun\/xi-aiecm3-uluslararasi-orta-cag-ve-modern-akdeniz-dunyasi-seramik-kongresi-bildirileri-cilt-1-2\/"},"modified":"2026-04-16T02:22:14","modified_gmt":"2026-04-15T23:22:14","slug":"xi-aiecm3-uluslararasi-orta-cag-ve-modern-akdeniz-dunyasi-seramik-kongresi-bildirileri-cilt-1-2","status":"publish","type":"product","link":"https:\/\/roveyayinevi.com.tr\/index.php\/urun\/xi-aiecm3-uluslararasi-orta-cag-ve-modern-akdeniz-dunyasi-seramik-kongresi-bildirileri-cilt-1-2\/","title":{"rendered":"XI. AIECM3 Uluslararas\u0131 Orta \u00c7a\u011f ve Modern Akdeniz D\u00fcnyas\u0131 Seramik Kongresi Bildirileri &#8211; Cilt 1-2"},"content":{"rendered":"<p>Association Internationale pour L\u2019Etude des C\u00e9ramiques M\u00e9di\u00e9vales et Modernes en M\u00e9diterran\u00e9e (AIECM3), Orta \u00c7a\u011f ve Modern Akdeniz d\u00fcnyas\u0131 seramik \u00e7al\u0131\u015fmalar\u0131n\u0131 destekleyen ve bu alanda \u00e7al\u0131\u015fan ara\u015ft\u0131rmac\u0131lar\u0131n deneyim ve bilgilerinin payla\u015f\u0131lmas\u0131n\u0131 te\u015fvik eden bir dernektir. Dernek her \u00fc\u00e7 y\u0131lda bir i\u015fbirli\u011fi i\u00e7erisinde oldu\u011fu \u00fclkelerin yerel kurulu\u015flar\u0131 ile Uluslararas\u0131 Akdeniz Orta \u00c7a\u011f Seramik Kongresi\u2019ni ger\u00e7ekle\u015ftirmektedir. XI. AIECM3 Uluslararas\u0131 Orta \u00c7a\u011f ve Modern Akdeniz D\u00fcnyas\u0131 Seramik Kongresi, T\u00fcrkiye\u2019de ilk kez Ko\u00e7 \u00dcniversitesi Vehbi Ko\u00e7 Ankara Ara\u015ft\u0131rmalar\u0131 Uygulama ve Ara\u015ft\u0131rma Merkezi (VEKAM) taraf\u0131ndan,   19-24 Ekim 2015 tarihleri aras\u0131nda Antalya AKMED\u2018de ger\u00e7ekle\u015ftirilmi\u015ftir.\u00d6zellikle Do\u011fu Akdeniz b\u00f6lgesinde y\u00fcr\u00fct\u00fclen \u00e7al\u0131\u015fmalara bir giri\u015f ve genel bir de\u011ferlendirme yapmay\u0131 ama\u00e7lamayan kongrede Fransa, \u0130talya, \u0130spanya, Portekiz, Almanya, Yunanistan, Amerika Birle\u015fik Devletleri, \u0130ngiltere, Hollanda, Tunus, Macaristan, Rusya, Bulgaristan, Makedonya, Ermenistan, Ukrayna, Avusturya gibi \u00e7e\u015fitli \u00fclkelerden gelen konu\u015fmac\u0131lar taraf\u0131ndan 85 s\u00f6zl\u00fc, 64 poster sunumu yap\u0131lm\u0131\u015ft\u0131r. \u0130ki ciltten olu\u015fan bu yay\u0131nda, 19-24 Ekim 2015 tarihlerinde  Antalya\u2019da ger\u00e7ekle\u015fen kongrede sunulan 106 adet bildiriye  orijinal dilinde yer verilmektedir. <\/p>\n","protected":false},"excerpt":{"rendered":"<p>Association Internationale pour L\u2019Etude des C\u00e9ramiques M\u00e9di\u00e9vales et Modernes en M\u00e9diterran\u00e9e (AIECM3), Orta \u00c7a\u011f ve Modern Akdeniz d\u00fcnyas\u0131 seramik \u00e7al\u0131\u015fmalar\u0131n\u0131 destekleyen ve bu alanda \u00e7al\u0131\u015fan ara\u015ft\u0131rmac\u0131lar\u0131n<span class=\"excerpt-hellip\"> [\u2026]<\/span><\/p>\n","protected":false},"featured_media":0,"template":"","meta":{"_monsterinsights_skip_tracking":false,"_monsterinsights_sitenote_active":false,"_monsterinsights_sitenote_note":"","_monsterinsights_sitenote_category":0},"product_brand":[],"product_cat":[12408,14197],"product_tag":[],"class_list":{"0":"post-713508","1":"product","2":"type-product","3":"status-publish","5":"product_cat-sanat","6":"product_cat-sanat-tarihi","7":"pa_cilt-ciltsiz","8":"pa_tur-kitap","9":"pa_yayinevi-vekam-koc-universitesi-vehbi-koc-ankara-arastirmalari-uygulama-ve-arastirma-merkezi","10":"pa_yazar-filiz-yenisehirlioglu","12":"first","13":"instock","14":"sale","15":"shipping-taxable","16":"purchasable","17":"product-type-simple"},"_links":{"self":[{"href":"https:\/\/roveyayinevi.com.tr\/index.php\/wp-json\/wp\/v2\/product\/713508","targetHints":{"allow":["GET"]}}],"collection":[{"href":"https:\/\/roveyayinevi.com.tr\/index.php\/wp-json\/wp\/v2\/product"}],"about":[{"href":"https:\/\/roveyayinevi.com.tr\/index.php\/wp-json\/wp\/v2\/types\/product"}],"wp:attachment":[{"href":"https:\/\/roveyayinevi.com.tr\/index.php\/wp-json\/wp\/v2\/media?parent=713508"}],"wp:term":[{"taxonomy":"product_brand","embeddable":true,"href":"https:\/\/roveyayinevi.com.tr\/index.php\/wp-json\/wp\/v2\/product_brand?post=713508"},{"taxonomy":"product_cat","embeddable":true,"href":"https:\/\/roveyayinevi.com.tr\/index.php\/wp-json\/wp\/v2\/product_cat?post=713508"},{"taxonomy":"product_tag","embeddable":true,"href":"https:\/\/roveyayinevi.com.tr\/index.php\/wp-json\/wp\/v2\/product_tag?post=713508"}],"curies":[{"name":"wp","href":"https:\/\/api.w.org\/{rel}","templated":true}]}}