{"id":713507,"date":"2025-08-27T17:08:12","date_gmt":"2025-08-27T14:08:12","guid":{"rendered":"https:\/\/roveyayinevi.com.tr\/index.php\/urun\/gece-misafiri-ugurbocegi-sevecen-ile-salyangoz-tomurcuk-26\/"},"modified":"2026-04-16T02:22:14","modified_gmt":"2026-04-15T23:22:14","slug":"gece-misafiri-ugurbocegi-sevecen-ile-salyangoz-tomurcuk-26","status":"publish","type":"product","link":"https:\/\/roveyayinevi.com.tr\/index.php\/urun\/gece-misafiri-ugurbocegi-sevecen-ile-salyangoz-tomurcuk-26\/","title":{"rendered":"Gece Misafiri: U\u011furb\u00f6ce\u011fi Sevecen ile Salyangoz Tomurcuk 26"},"content":{"rendered":"<p>Salyangoz Tomurcuk, f\u0131rt\u0131nal\u0131 bir gecede kap\u0131s\u0131n\u0131 \u00e7alan Solucan\u2019\u0131 misafir eder.Ama Solucanc\u0131k o kadar korkmu\u015ftur ki, bir t\u00fcrl\u00fc uyuyamaz, Tomurcuk\u2019u da uyutmaz! Neyse ki g\u00fczel bir masal tatl\u0131 r\u00fcyalar\u0131n kap\u0131s\u0131n\u0131 aralayacakt\u0131r&#8230; <\/p>\n","protected":false},"excerpt":{"rendered":"<p>Salyangoz Tomurcuk, f\u0131rt\u0131nal\u0131 bir gecede kap\u0131s\u0131n\u0131 \u00e7alan Solucan\u2019\u0131 misafir eder.Ama Solucanc\u0131k o kadar korkmu\u015ftur ki, bir t\u00fcrl\u00fc uyuyamaz, Tomurcuk\u2019u da uyutmaz! Neyse ki g\u00fczel bir masal<span class=\"excerpt-hellip\"> [\u2026]<\/span><\/p>\n","protected":false},"featured_media":0,"template":"","meta":{"_monsterinsights_skip_tracking":false,"_monsterinsights_sitenote_active":false,"_monsterinsights_sitenote_note":"","_monsterinsights_sitenote_category":0},"product_brand":[],"product_cat":[12913,12274],"product_tag":[],"class_list":{"0":"post-713507","1":"product","2":"type-product","3":"status-publish","5":"product_cat-3-6-yas-kitaplari","6":"product_cat-cocuk-ve-genclik-kitaplari","7":"pa_cilt-ciltsiz","8":"pa_tur-kitap","9":"pa_yayinevi-yapi-kredi-yayinlari","10":"pa_yazar-erika-bartos","12":"first","13":"instock","14":"sale","15":"shipping-taxable","16":"purchasable","17":"product-type-simple"},"_links":{"self":[{"href":"https:\/\/roveyayinevi.com.tr\/index.php\/wp-json\/wp\/v2\/product\/713507","targetHints":{"allow":["GET"]}}],"collection":[{"href":"https:\/\/roveyayinevi.com.tr\/index.php\/wp-json\/wp\/v2\/product"}],"about":[{"href":"https:\/\/roveyayinevi.com.tr\/index.php\/wp-json\/wp\/v2\/types\/product"}],"wp:attachment":[{"href":"https:\/\/roveyayinevi.com.tr\/index.php\/wp-json\/wp\/v2\/media?parent=713507"}],"wp:term":[{"taxonomy":"product_brand","embeddable":true,"href":"https:\/\/roveyayinevi.com.tr\/index.php\/wp-json\/wp\/v2\/product_brand?post=713507"},{"taxonomy":"product_cat","embeddable":true,"href":"https:\/\/roveyayinevi.com.tr\/index.php\/wp-json\/wp\/v2\/product_cat?post=713507"},{"taxonomy":"product_tag","embeddable":true,"href":"https:\/\/roveyayinevi.com.tr\/index.php\/wp-json\/wp\/v2\/product_tag?post=713507"}],"curies":[{"name":"wp","href":"https:\/\/api.w.org\/{rel}","templated":true}]}}