{"id":713504,"date":"2025-08-27T17:08:11","date_gmt":"2025-08-27T14:08:11","guid":{"rendered":"https:\/\/roveyayinevi.com.tr\/index.php\/urun\/orhan-pamukun-edebi-dunyasi\/"},"modified":"2026-04-16T02:22:14","modified_gmt":"2026-04-15T23:22:14","slug":"orhan-pamukun-edebi-dunyasi","status":"publish","type":"product","link":"https:\/\/roveyayinevi.com.tr\/index.php\/urun\/orhan-pamukun-edebi-dunyasi\/","title":{"rendered":"Orhan Pamuk\u2019un Edebi D\u00fcnyas\u0131"},"content":{"rendered":"<p>Orhan Pamuk\u2019un Edebi D\u00fcnyas\u0131, Orhan Pamuk\u2019un 2006\u2019da Nobel Edebiyat \u00d6d\u00fcl\u00fc\u2019n\u00fc kazanmas\u0131n\u0131n ard\u0131ndan yazar i\u00e7in d\u00fczenlenen ilk uluslararas\u0131 nitelikte sempozyuma sunulan bildirilerin makalelerinden olu\u015fuyor. 14-15 May\u0131s 2007 tarihinde Bo\u011fazi\u00e7i \u00dcniversitesi\u2019nde d\u00fczenlenen bu ilk uluslararas\u0131 Orhan Pamuk Sempozyumu makalelerinin kimisi yazar\u0131n tek bir eseri ya da iki eserini, kimisi Orhan Pamuk\u2019u \u00e7evirmeyi, kimisi de yazar\u0131n Nobel \u00d6d\u00fcl\u00fc\u2019ne kadarki eserlerindeki ortak temalar\u0131n\u0131 incelikle ve derinlikle ele al\u0131yor. Orhan Pamuk\u2019un Edebi D\u00fcnyas\u0131, Pamuk\u2019un eserleriyle ilgili yap\u0131lan ilk makaleler derlemesi Kara Kitap \u00dczerine Yaz\u0131lar\u2019\u0131 haz\u0131rlayan N\u00fcket Esen ve Orhan Pamuk\u2019u Anlamak\u2019\u0131 haz\u0131rlayan Engin K\u0131l\u0131\u00e7\u2019\u0131n ortak \u201c\u00d6ns\u00f6z\u201dlerindeki ifadesiyle \u201cOrhan Pamuk okumalar\u0131n\u0131 zenginle\u015ftiren de\u011ferli bir katk\u0131\u201d. <\/p>\n","protected":false},"excerpt":{"rendered":"<p>Orhan Pamuk\u2019un Edebi D\u00fcnyas\u0131, Orhan Pamuk\u2019un 2006\u2019da Nobel Edebiyat \u00d6d\u00fcl\u00fc\u2019n\u00fc kazanmas\u0131n\u0131n ard\u0131ndan yazar i\u00e7in d\u00fczenlenen ilk uluslararas\u0131 nitelikte sempozyuma sunulan bildirilerin makalelerinden olu\u015fuyor. 14-15 May\u0131s 2007<span class=\"excerpt-hellip\"> [\u2026]<\/span><\/p>\n","protected":false},"featured_media":0,"template":"","meta":{"_monsterinsights_skip_tracking":false,"_monsterinsights_sitenote_active":false,"_monsterinsights_sitenote_note":"","_monsterinsights_sitenote_category":0},"product_brand":[],"product_cat":[14009,12291],"product_tag":[],"class_list":{"0":"post-713504","1":"product","2":"type-product","3":"status-publish","5":"product_cat-biyografi-otobiyografi-edebiyat","6":"product_cat-edebiyat","7":"pa_cilt-ciltsiz","8":"pa_tur-kitap","9":"pa_yayinevi-yapi-kredi-yayinlari","10":"pa_yazar-nuket-esen-engin-kilic","12":"first","13":"instock","14":"sale","15":"shipping-taxable","16":"purchasable","17":"product-type-simple"},"_links":{"self":[{"href":"https:\/\/roveyayinevi.com.tr\/index.php\/wp-json\/wp\/v2\/product\/713504","targetHints":{"allow":["GET"]}}],"collection":[{"href":"https:\/\/roveyayinevi.com.tr\/index.php\/wp-json\/wp\/v2\/product"}],"about":[{"href":"https:\/\/roveyayinevi.com.tr\/index.php\/wp-json\/wp\/v2\/types\/product"}],"wp:attachment":[{"href":"https:\/\/roveyayinevi.com.tr\/index.php\/wp-json\/wp\/v2\/media?parent=713504"}],"wp:term":[{"taxonomy":"product_brand","embeddable":true,"href":"https:\/\/roveyayinevi.com.tr\/index.php\/wp-json\/wp\/v2\/product_brand?post=713504"},{"taxonomy":"product_cat","embeddable":true,"href":"https:\/\/roveyayinevi.com.tr\/index.php\/wp-json\/wp\/v2\/product_cat?post=713504"},{"taxonomy":"product_tag","embeddable":true,"href":"https:\/\/roveyayinevi.com.tr\/index.php\/wp-json\/wp\/v2\/product_tag?post=713504"}],"curies":[{"name":"wp","href":"https:\/\/api.w.org\/{rel}","templated":true}]}}