{"id":713502,"date":"2025-08-27T17:08:10","date_gmt":"2025-08-27T14:08:10","guid":{"rendered":"https:\/\/roveyayinevi.com.tr\/index.php\/urun\/canakkale-savasi-siperin-ardi-vatan\/"},"modified":"2026-04-16T02:22:14","modified_gmt":"2026-04-15T23:22:14","slug":"canakkale-savasi-siperin-ardi-vatan","status":"publish","type":"product","link":"https:\/\/roveyayinevi.com.tr\/index.php\/urun\/canakkale-savasi-siperin-ardi-vatan\/","title":{"rendered":"\u00c7anakkale Sava\u015f\u0131 Siperin Ard\u0131 Vatan"},"content":{"rendered":"<p>Tarih; ya\u015fad\u0131\u011f\u0131 zaman\u0131 mutlak, akt\u00fcel de\u011fer yarg\u0131lar\u0131n\u0131 de\u011fi\u015fmez, de\u011fi\u015fimi her zaman ilerleme sayanlara oynad\u0131\u011f\u0131 oyunlar\u0131 anlat\u0131r. G\u00fcnl\u00fck planlar\u0131n ve gelecek projeksiyonlar\u0131n\u0131n, kendisini hesaba katmadan yap\u0131lmas\u0131na izin vermez. Bar\u0131nd\u0131rd\u0131\u011f\u0131 bilgiyi almayanlar\u0131, korumayanlar\u0131 genle\u015fen gelecek i\u00e7inde yaln\u0131z, tan\u0131ms\u0131z ve ifadesiz b\u0131rak\u0131r.Bu kitapta yak\u0131n tarihin gerek yap\u0131l\u0131\u015f\u0131, gerek kahramanlar\u0131, gerekse sonu\u00e7lar\u0131 bak\u0131m\u0131ndan en \u00f6nemli olaylar\u0131ndan biri olan \u00c7anakkale Sava\u015f\u0131; ba\u015flang\u0131c\u0131ndan sonuna t\u00fcm operasyonel detaylar\u0131yla, T\u00fcrk taraf\u0131 a\u00e7\u0131s\u0131ndan ve objektif kriterlere g\u00f6re de\u011ferlendiriliyor.T\u00fcrkler hangi alanda, hangi ko\u015fullarda, nas\u0131l sava\u015ft\u0131? Siperlerde neler do\u011fru, neler yanl\u0131\u015f yap\u0131ld\u0131? Vatan\u0131 savunanlar, d\u00f6nemin en g\u00fc\u00e7l\u00fc ordular\u0131 kar\u015f\u0131s\u0131nda hangi fedak\u00e2rl\u0131klara katland\u0131lar ve nas\u0131l kazand\u0131lar?Mustafa Kemal\u2019in muharebelerin kaderini de\u011fi\u015ftiren karar ve uygulamalar\u0131 nelerdi? T\u00fcrk komuta kademesinde ne t\u00fcr problemler ya\u015fand\u0131? D\u00fc\u015fman, hangi noktalarda neleri planlad\u0131; hangi hesaplar neden tutmad\u0131? Lojistik ve idari hizmetler ne \u00f6l\u00e7\u00fcde verilebildi? Sa\u011fl\u0131k hizmetlerinde hangi zorluklar ya\u015fand\u0131? Yaral\u0131 ve hastalara nas\u0131l bak\u0131ld\u0131? T\u00fcrk askeri ger\u00e7ekte ne kadar kay\u0131p verdi?Sava\u015f alan\u0131ndaki t\u00fcm yer isimleri, ayr\u0131nt\u0131l\u0131 krokileri ve dile getirilmemi\u015f olaylar&#8230; <\/p>\n","protected":false},"excerpt":{"rendered":"<p>Tarih; ya\u015fad\u0131\u011f\u0131 zaman\u0131 mutlak, akt\u00fcel de\u011fer yarg\u0131lar\u0131n\u0131 de\u011fi\u015fmez, de\u011fi\u015fimi her zaman ilerleme sayanlara oynad\u0131\u011f\u0131 oyunlar\u0131 anlat\u0131r. G\u00fcnl\u00fck planlar\u0131n ve gelecek projeksiyonlar\u0131n\u0131n, kendisini hesaba katmadan yap\u0131lmas\u0131na izin<span class=\"excerpt-hellip\"> [\u2026]<\/span><\/p>\n","protected":false},"featured_media":0,"template":"","meta":{"_monsterinsights_skip_tracking":false,"_monsterinsights_sitenote_active":false,"_monsterinsights_sitenote_note":"","_monsterinsights_sitenote_category":0},"product_brand":[],"product_cat":[12370,12304],"product_tag":[],"class_list":{"0":"post-713502","1":"product","2":"type-product","3":"status-publish","5":"product_cat-arastirma-inceleme","6":"product_cat-tarih","7":"pa_cilt-ciltsiz","8":"pa_tur-kitap","9":"pa_yayinevi-kirmizi-kedi-yayinevi","10":"pa_yazar-gursel-goncu-sahin-aldogan","12":"first","13":"instock","14":"sale","15":"shipping-taxable","16":"purchasable","17":"product-type-simple"},"_links":{"self":[{"href":"https:\/\/roveyayinevi.com.tr\/index.php\/wp-json\/wp\/v2\/product\/713502","targetHints":{"allow":["GET"]}}],"collection":[{"href":"https:\/\/roveyayinevi.com.tr\/index.php\/wp-json\/wp\/v2\/product"}],"about":[{"href":"https:\/\/roveyayinevi.com.tr\/index.php\/wp-json\/wp\/v2\/types\/product"}],"wp:attachment":[{"href":"https:\/\/roveyayinevi.com.tr\/index.php\/wp-json\/wp\/v2\/media?parent=713502"}],"wp:term":[{"taxonomy":"product_brand","embeddable":true,"href":"https:\/\/roveyayinevi.com.tr\/index.php\/wp-json\/wp\/v2\/product_brand?post=713502"},{"taxonomy":"product_cat","embeddable":true,"href":"https:\/\/roveyayinevi.com.tr\/index.php\/wp-json\/wp\/v2\/product_cat?post=713502"},{"taxonomy":"product_tag","embeddable":true,"href":"https:\/\/roveyayinevi.com.tr\/index.php\/wp-json\/wp\/v2\/product_tag?post=713502"}],"curies":[{"name":"wp","href":"https:\/\/api.w.org\/{rel}","templated":true}]}}