{"id":713501,"date":"2025-08-27T17:08:09","date_gmt":"2025-08-27T14:08:09","guid":{"rendered":"https:\/\/roveyayinevi.com.tr\/index.php\/urun\/benim-muzem\/"},"modified":"2026-04-16T02:22:14","modified_gmt":"2026-04-15T23:22:14","slug":"benim-muzem","status":"publish","type":"product","link":"https:\/\/roveyayinevi.com.tr\/index.php\/urun\/benim-muzem\/","title":{"rendered":"Benim M\u00fczem"},"content":{"rendered":"<p>&#8220;Herkes m\u00fczeleri \u00e7ok sevece\u011fimi s\u00f6yl\u00fcyor.&#8221;Benim M\u00fczem kitab\u0131nda, k\u00fc\u00e7\u00fck bir k\u0131za \u015fehirde e\u015flik ederek m\u00fczelerin nas\u0131l yerler oldu\u011funu ke\u015ffediyoruz. M\u00fczelerde sadece eski koleksiyonlar m\u0131 olur, yoksa yepyeni nesneler de sergilenebilir mi? Ya\u015fayan ve her g\u00fcn b\u00fcy\u00fcyen bir m\u00fcze neye benzer?Londra\u2019da bulunan Tate Modern\u2019in imzas\u0131n\u0131 att\u0131\u011f\u0131 bu kitapla k\u00fc\u00e7\u00fck ya\u015ftaki \u00e7ocuklar m\u00fczeleri yak\u0131ndan tan\u0131y\u0131p \u00e7ok sevecek. Emma Lewis\u2019in yaz\u0131p resimledi\u011fi Benim M\u00fczem 2017 y\u0131l\u0131nda, \u00e7ocuk kitaplar\u0131 i\u00e7in verilen en \u00f6nemli \u00f6d\u00fcllerden biri olan Bologna Ragazzi \u00f6d\u00fcl\u00fcn\u00fc alm\u0131\u015ft\u0131r. <\/p>\n","protected":false},"excerpt":{"rendered":"<p>&#8220;Herkes m\u00fczeleri \u00e7ok sevece\u011fimi s\u00f6yl\u00fcyor.&#8221;Benim M\u00fczem kitab\u0131nda, k\u00fc\u00e7\u00fck bir k\u0131za \u015fehirde e\u015flik ederek m\u00fczelerin nas\u0131l yerler oldu\u011funu ke\u015ffediyoruz. M\u00fczelerde sadece eski koleksiyonlar m\u0131 olur, yoksa yepyeni<span class=\"excerpt-hellip\"> [\u2026]<\/span><\/p>\n","protected":false},"featured_media":0,"template":"","meta":{"_monsterinsights_skip_tracking":false,"_monsterinsights_sitenote_active":false,"_monsterinsights_sitenote_note":"","_monsterinsights_sitenote_category":0},"product_brand":[],"product_cat":[12913,12274],"product_tag":[],"class_list":{"0":"post-713501","1":"product","2":"type-product","3":"status-publish","5":"product_cat-3-6-yas-kitaplari","6":"product_cat-cocuk-ve-genclik-kitaplari","7":"pa_cilt-ciltsiz","8":"pa_tur-kitap","9":"pa_yayinevi-redhouse-kidz-yayinlari","10":"pa_yazar-emma-lewis","12":"first","13":"instock","14":"sale","15":"shipping-taxable","16":"purchasable","17":"product-type-simple"},"_links":{"self":[{"href":"https:\/\/roveyayinevi.com.tr\/index.php\/wp-json\/wp\/v2\/product\/713501","targetHints":{"allow":["GET"]}}],"collection":[{"href":"https:\/\/roveyayinevi.com.tr\/index.php\/wp-json\/wp\/v2\/product"}],"about":[{"href":"https:\/\/roveyayinevi.com.tr\/index.php\/wp-json\/wp\/v2\/types\/product"}],"wp:attachment":[{"href":"https:\/\/roveyayinevi.com.tr\/index.php\/wp-json\/wp\/v2\/media?parent=713501"}],"wp:term":[{"taxonomy":"product_brand","embeddable":true,"href":"https:\/\/roveyayinevi.com.tr\/index.php\/wp-json\/wp\/v2\/product_brand?post=713501"},{"taxonomy":"product_cat","embeddable":true,"href":"https:\/\/roveyayinevi.com.tr\/index.php\/wp-json\/wp\/v2\/product_cat?post=713501"},{"taxonomy":"product_tag","embeddable":true,"href":"https:\/\/roveyayinevi.com.tr\/index.php\/wp-json\/wp\/v2\/product_tag?post=713501"}],"curies":[{"name":"wp","href":"https:\/\/api.w.org\/{rel}","templated":true}]}}