{"id":713500,"date":"2025-08-27T17:08:08","date_gmt":"2025-08-27T14:08:08","guid":{"rendered":"https:\/\/roveyayinevi.com.tr\/index.php\/urun\/ilmekler-multeci-krizinden-bir-kesit-ciltli\/"},"modified":"2026-04-16T02:22:14","modified_gmt":"2026-04-15T23:22:14","slug":"ilmekler-multeci-krizinden-bir-kesit-ciltli","status":"publish","type":"product","link":"https:\/\/roveyayinevi.com.tr\/index.php\/urun\/ilmekler-multeci-krizinden-bir-kesit-ciltli\/","title":{"rendered":"\u0130lmekler: M\u00fclteci Krizinden Bir Kesit (Ciltli)"},"content":{"rendered":"<p>Son y\u0131llar\u0131n en \u00e7arp\u0131c\u0131 grafik romanlar\u0131ndan biri olarak an\u0131lan\u0130lmekler: M\u00fclteci Krizinden Bir Kesit, Fransa\u2019n\u0131n \u0130ngiltere\u2019ye ge\u00e7i\u015f noktas\u0131 ve ayn\u0131 zamanda Avrupa\u2019daki g\u00f6\u00e7men krizinin sembollerinden biri olan Calais\u2019deki m\u00fclteci kamp\u0131n\u0131 anlat\u0131yor. \u00c7o\u011fu Ortado\u011fu ve Afrika\u2019dan gelen m\u00fcltecilerin en b\u00fcy\u00fck iste\u011fi \u0130ngiltere\u2019ye ula\u015fmak. \u00c7a\u011f\u0131m\u0131z\u0131n en b\u00fcy\u00fck yaralar\u0131ndan biri olan m\u00fcltecilik olgusuna birinci elden tan\u0131kl\u0131k ettiren kitap, dramatik hayat \u00f6yk\u00fclerini nesnel bir bak\u0131\u015fla anlat\u0131yor.   Kate Evans&#8217;\u0131n anlat\u0131m\u0131n\u0131, haber-r\u00f6portaj tekni\u011fi \u00fczerine temellendirdi\u011fi \u0130lmekler:M\u00fclteci Krizinden Bir Kesit, farkl\u0131 \u00e7izim ve boyama tekniklerinden beslenen karakteristik resimleriyle dikkat \u00e7ekiyor. \u201c2015 y\u0131l\u0131nda, bir milyondan fazla m\u00fclteci Avrupa\u2019ya geldi ve en az \u00fc\u00e7 bin \u00fc\u00e7 y\u00fcz yetmi\u015f be\u015f ki\u015fi yolda hayat\u0131n\u0131 kaybetti. Bu b\u00fcy\u00fck insan kitlesi i\u00e7inden birka\u00e7 bin ki\u015fi, bu tehlikeli yolculukta denizi a\u015f\u0131p \u0130ngiltere\u2019ye varabilmek i\u00e7in Fransa\u2019daki Calais kentine ula\u015ft\u0131. Burada anlat\u0131lanlar, \u00f6yk\u00fclerinin yaln\u0131zca \u00e7ok k\u00fc\u00e7\u00fck bir k\u0131sm\u0131d\u0131r.\u201d <\/p>\n","protected":false},"excerpt":{"rendered":"<p>Son y\u0131llar\u0131n en \u00e7arp\u0131c\u0131 grafik romanlar\u0131ndan biri olarak an\u0131lan\u0130lmekler: M\u00fclteci Krizinden Bir Kesit, Fransa\u2019n\u0131n \u0130ngiltere\u2019ye ge\u00e7i\u015f noktas\u0131 ve ayn\u0131 zamanda Avrupa\u2019daki g\u00f6\u00e7men krizinin sembollerinden biri olan<span class=\"excerpt-hellip\"> [\u2026]<\/span><\/p>\n","protected":false},"featured_media":0,"template":"","meta":{"_monsterinsights_skip_tracking":false,"_monsterinsights_sitenote_active":false,"_monsterinsights_sitenote_note":"","_monsterinsights_sitenote_category":0},"product_brand":[],"product_cat":[12416,12291],"product_tag":[],"class_list":{"0":"post-713500","1":"product","2":"type-product","3":"status-publish","5":"product_cat-cizgi-roman","6":"product_cat-edebiyat","7":"pa_cilt-ciltli","8":"pa_tur-kitap","9":"pa_yayinevi-desen-yayinlari","10":"pa_yazar-kate-evans","12":"first","13":"instock","14":"sale","15":"shipping-taxable","16":"purchasable","17":"product-type-simple"},"_links":{"self":[{"href":"https:\/\/roveyayinevi.com.tr\/index.php\/wp-json\/wp\/v2\/product\/713500","targetHints":{"allow":["GET"]}}],"collection":[{"href":"https:\/\/roveyayinevi.com.tr\/index.php\/wp-json\/wp\/v2\/product"}],"about":[{"href":"https:\/\/roveyayinevi.com.tr\/index.php\/wp-json\/wp\/v2\/types\/product"}],"wp:attachment":[{"href":"https:\/\/roveyayinevi.com.tr\/index.php\/wp-json\/wp\/v2\/media?parent=713500"}],"wp:term":[{"taxonomy":"product_brand","embeddable":true,"href":"https:\/\/roveyayinevi.com.tr\/index.php\/wp-json\/wp\/v2\/product_brand?post=713500"},{"taxonomy":"product_cat","embeddable":true,"href":"https:\/\/roveyayinevi.com.tr\/index.php\/wp-json\/wp\/v2\/product_cat?post=713500"},{"taxonomy":"product_tag","embeddable":true,"href":"https:\/\/roveyayinevi.com.tr\/index.php\/wp-json\/wp\/v2\/product_tag?post=713500"}],"curies":[{"name":"wp","href":"https:\/\/api.w.org\/{rel}","templated":true}]}}