{"id":713498,"date":"2025-08-27T17:08:07","date_gmt":"2025-08-27T14:08:07","guid":{"rendered":"https:\/\/roveyayinevi.com.tr\/index.php\/urun\/hadi-gulumse\/"},"modified":"2026-02-23T11:15:18","modified_gmt":"2026-02-23T08:15:18","slug":"hadi-gulumse","status":"publish","type":"product","link":"https:\/\/roveyayinevi.com.tr\/index.php\/urun\/hadi-gulumse\/","title":{"rendered":"Hadi G\u00fcl\u00fcmse"},"content":{"rendered":"<p>D\u00fcnya ne tuhaf, s\u00fcrprizlerle dolu. Bazen ac\u0131, bazen de b\u00f6yle g\u00fczel \u015feyler ya\u015fatabiliyor insana. Bir r\u00fcya, ge\u00e7mi\u015fe d\u00f6n\u00fc\u015f iste\u011fi, bamba\u015fka \u015feylere arac\u0131 olabiliyor demek ki. Sen art\u0131k bug\u00fcndesin, diyor. D\u00fcn yaralar\u0131n\u0131 a\u00e7\u0131p gitti ama bug\u00fcn bizimle\u2026 Mucize denilen \u015fey bu belki. <\/p>\n","protected":false},"excerpt":{"rendered":"<p>D\u00fcnya ne tuhaf, s\u00fcrprizlerle dolu. Bazen ac\u0131, bazen de b\u00f6yle g\u00fczel \u015feyler ya\u015fatabiliyor insana. Bir r\u00fcya, ge\u00e7mi\u015fe d\u00f6n\u00fc\u015f iste\u011fi, bamba\u015fka \u015feylere arac\u0131 olabiliyor demek ki. Sen<span class=\"excerpt-hellip\"> [\u2026]<\/span><\/p>\n","protected":false},"featured_media":0,"template":"","meta":{"_monsterinsights_skip_tracking":false,"_monsterinsights_sitenote_active":false,"_monsterinsights_sitenote_note":"","_monsterinsights_sitenote_category":0},"product_brand":[],"product_cat":[12291,12711],"product_tag":[],"class_list":{"0":"post-713498","1":"product","2":"type-product","3":"status-publish","5":"product_cat-edebiyat","6":"product_cat-roman-oyku","7":"pa_cilt-ciltsiz","8":"pa_tur-kitap","9":"pa_yayinevi-sinopsis-yayinlari","10":"pa_yazar-belgin-biyikoglu","12":"first","13":"instock","14":"sale","15":"shipping-taxable","16":"purchasable","17":"product-type-simple"},"_links":{"self":[{"href":"https:\/\/roveyayinevi.com.tr\/index.php\/wp-json\/wp\/v2\/product\/713498","targetHints":{"allow":["GET"]}}],"collection":[{"href":"https:\/\/roveyayinevi.com.tr\/index.php\/wp-json\/wp\/v2\/product"}],"about":[{"href":"https:\/\/roveyayinevi.com.tr\/index.php\/wp-json\/wp\/v2\/types\/product"}],"wp:attachment":[{"href":"https:\/\/roveyayinevi.com.tr\/index.php\/wp-json\/wp\/v2\/media?parent=713498"}],"wp:term":[{"taxonomy":"product_brand","embeddable":true,"href":"https:\/\/roveyayinevi.com.tr\/index.php\/wp-json\/wp\/v2\/product_brand?post=713498"},{"taxonomy":"product_cat","embeddable":true,"href":"https:\/\/roveyayinevi.com.tr\/index.php\/wp-json\/wp\/v2\/product_cat?post=713498"},{"taxonomy":"product_tag","embeddable":true,"href":"https:\/\/roveyayinevi.com.tr\/index.php\/wp-json\/wp\/v2\/product_tag?post=713498"}],"curies":[{"name":"wp","href":"https:\/\/api.w.org\/{rel}","templated":true}]}}