{"id":713497,"date":"2025-08-27T17:08:07","date_gmt":"2025-08-27T14:08:07","guid":{"rendered":"https:\/\/roveyayinevi.com.tr\/index.php\/urun\/kelebek-hikayeleri\/"},"modified":"2026-04-16T02:22:14","modified_gmt":"2026-04-15T23:22:14","slug":"kelebek-hikayeleri","status":"publish","type":"product","link":"https:\/\/roveyayinevi.com.tr\/index.php\/urun\/kelebek-hikayeleri\/","title":{"rendered":"Kelebek Hikayeleri"},"content":{"rendered":"<p>Hepimiz birer m\u00fclteci, birer yol yorgunuyuz ama zaman lehimize de\u011fil. Bu y\u00fczden eteklerinizde d\u00f6k\u00fclecek ta\u015f\u0131n\u0131z, sevebilece\u011finiz bir kalp, nadasa b\u0131rakt\u0131\u011f\u0131n\u0131z eski bir firari sevginiz, y\u0131llard\u0131r g\u00f6rmek  istemenize ra\u011fmen bahanelerle erteledi\u011finiz bir dost ya da mezarl\u0131k ziyaretiniz varsa tam zaman\u0131 \u015fimdi\/\u015fu an! Daha ne duruyorsunuz? Zaman ak\u0131yor insafs\u0131zca\u2026 Carpe Diem edas\u0131nda\u2026 <\/p>\n","protected":false},"excerpt":{"rendered":"<p>Hepimiz birer m\u00fclteci, birer yol yorgunuyuz ama zaman lehimize de\u011fil. Bu y\u00fczden eteklerinizde d\u00f6k\u00fclecek ta\u015f\u0131n\u0131z, sevebilece\u011finiz bir kalp, nadasa b\u0131rakt\u0131\u011f\u0131n\u0131z eski bir firari sevginiz, y\u0131llard\u0131r g\u00f6rmek<span class=\"excerpt-hellip\"> [\u2026]<\/span><\/p>\n","protected":false},"featured_media":0,"template":"","meta":{"_monsterinsights_skip_tracking":false,"_monsterinsights_sitenote_active":false,"_monsterinsights_sitenote_note":"","_monsterinsights_sitenote_category":0},"product_brand":[],"product_cat":[12291,12509],"product_tag":[],"class_list":{"0":"post-713497","1":"product","2":"type-product","3":"status-publish","5":"product_cat-edebiyat","6":"product_cat-siir","7":"pa_cilt-ciltsiz","8":"pa_tur-kitap","9":"pa_yayinevi-sinopsis-yayinlari","10":"pa_yazar-imre-gaffarogullari","12":"first","13":"instock","14":"sale","15":"shipping-taxable","16":"purchasable","17":"product-type-simple"},"_links":{"self":[{"href":"https:\/\/roveyayinevi.com.tr\/index.php\/wp-json\/wp\/v2\/product\/713497","targetHints":{"allow":["GET"]}}],"collection":[{"href":"https:\/\/roveyayinevi.com.tr\/index.php\/wp-json\/wp\/v2\/product"}],"about":[{"href":"https:\/\/roveyayinevi.com.tr\/index.php\/wp-json\/wp\/v2\/types\/product"}],"wp:attachment":[{"href":"https:\/\/roveyayinevi.com.tr\/index.php\/wp-json\/wp\/v2\/media?parent=713497"}],"wp:term":[{"taxonomy":"product_brand","embeddable":true,"href":"https:\/\/roveyayinevi.com.tr\/index.php\/wp-json\/wp\/v2\/product_brand?post=713497"},{"taxonomy":"product_cat","embeddable":true,"href":"https:\/\/roveyayinevi.com.tr\/index.php\/wp-json\/wp\/v2\/product_cat?post=713497"},{"taxonomy":"product_tag","embeddable":true,"href":"https:\/\/roveyayinevi.com.tr\/index.php\/wp-json\/wp\/v2\/product_tag?post=713497"}],"curies":[{"name":"wp","href":"https:\/\/api.w.org\/{rel}","templated":true}]}}