{"id":713494,"date":"2025-08-27T17:08:05","date_gmt":"2025-08-27T14:08:05","guid":{"rendered":"https:\/\/roveyayinevi.com.tr\/index.php\/urun\/12-mart-anilari\/"},"modified":"2026-04-16T02:22:14","modified_gmt":"2026-04-15T23:22:14","slug":"12-mart-anilari","status":"publish","type":"product","link":"https:\/\/roveyayinevi.com.tr\/index.php\/urun\/12-mart-anilari\/","title":{"rendered":"12 Mart An\u0131lar\u0131"},"content":{"rendered":"<p>Cumhuriyet tarihinin ikinci askeri m\u00fcdahalesinin yap\u0131ld\u0131\u011f\u0131 12 Mart d\u00f6neminin ba\u015fkan\u0131 Nihat Erim, ola\u011fan\u00fcst\u00fc ko\u015fullar&#8217;\u0131n h\u00fck\u00fcm s\u00fcrd\u00fc\u011f\u00fc bir d\u00f6nemi an\u0131lar\u0131yla ayd\u0131nlat\u0131yor. 12 Mart An\u0131lar\u0131. Ortan\u0131n solunda bir akademisyen, insan haklar\u0131 savunucusu ve olas\u0131 T.C. Cumhurba\u015fkan\u0131 aday\u0131 olan Erim, bir askeri m\u00fcdahale s\u0131ras\u0131nda ba\u015fbakanl\u0131k gibi \u00f6nemli bir g\u00f6rev neden ve nas\u0131l kabul etmi\u015fti? 12 Mart An\u0131lar\u0131, d\u00f6nemin olaylar\u0131n\u0131 Erim&#8217;in kaleminden ki\u015fisel savunmas\u0131 olarak anlat\u0131yor, ileride yaz\u0131lacak tarih bilgisine \u0131\u015f\u0131k tutmay\u0131 ama\u00e7l\u0131yor. <\/p>\n","protected":false},"excerpt":{"rendered":"<p>Cumhuriyet tarihinin ikinci askeri m\u00fcdahalesinin yap\u0131ld\u0131\u011f\u0131 12 Mart d\u00f6neminin ba\u015fkan\u0131 Nihat Erim, ola\u011fan\u00fcst\u00fc ko\u015fullar&#8217;\u0131n h\u00fck\u00fcm s\u00fcrd\u00fc\u011f\u00fc bir d\u00f6nemi an\u0131lar\u0131yla ayd\u0131nlat\u0131yor. 12 Mart An\u0131lar\u0131. Ortan\u0131n solunda bir<span class=\"excerpt-hellip\"> [\u2026]<\/span><\/p>\n","protected":false},"featured_media":0,"template":"","meta":{"_monsterinsights_skip_tracking":false,"_monsterinsights_sitenote_active":false,"_monsterinsights_sitenote_note":"","_monsterinsights_sitenote_category":0},"product_brand":[],"product_cat":[13701,12291],"product_tag":[],"class_list":{"0":"post-713494","1":"product","2":"type-product","3":"status-publish","5":"product_cat-ani-mektup-gunluk","6":"product_cat-edebiyat","7":"pa_cilt-ciltsiz","8":"pa_tur-kitap","9":"pa_yayinevi-yapi-kredi-yayinlari","10":"pa_yazar-nihat-erim","12":"first","13":"instock","14":"sale","15":"shipping-taxable","16":"purchasable","17":"product-type-simple"},"_links":{"self":[{"href":"https:\/\/roveyayinevi.com.tr\/index.php\/wp-json\/wp\/v2\/product\/713494","targetHints":{"allow":["GET"]}}],"collection":[{"href":"https:\/\/roveyayinevi.com.tr\/index.php\/wp-json\/wp\/v2\/product"}],"about":[{"href":"https:\/\/roveyayinevi.com.tr\/index.php\/wp-json\/wp\/v2\/types\/product"}],"wp:attachment":[{"href":"https:\/\/roveyayinevi.com.tr\/index.php\/wp-json\/wp\/v2\/media?parent=713494"}],"wp:term":[{"taxonomy":"product_brand","embeddable":true,"href":"https:\/\/roveyayinevi.com.tr\/index.php\/wp-json\/wp\/v2\/product_brand?post=713494"},{"taxonomy":"product_cat","embeddable":true,"href":"https:\/\/roveyayinevi.com.tr\/index.php\/wp-json\/wp\/v2\/product_cat?post=713494"},{"taxonomy":"product_tag","embeddable":true,"href":"https:\/\/roveyayinevi.com.tr\/index.php\/wp-json\/wp\/v2\/product_tag?post=713494"}],"curies":[{"name":"wp","href":"https:\/\/api.w.org\/{rel}","templated":true}]}}