{"id":713493,"date":"2025-08-27T17:08:04","date_gmt":"2025-08-27T14:08:04","guid":{"rendered":"https:\/\/roveyayinevi.com.tr\/index.php\/urun\/zeytin-agacinin-golgesinde-yunanistan\/"},"modified":"2026-04-16T02:22:14","modified_gmt":"2026-04-15T23:22:14","slug":"zeytin-agacinin-golgesinde-yunanistan","status":"publish","type":"product","link":"https:\/\/roveyayinevi.com.tr\/index.php\/urun\/zeytin-agacinin-golgesinde-yunanistan\/","title":{"rendered":"Zeytin A\u011fac\u0131n\u0131n G\u00f6lgesinde Yunanistan"},"content":{"rendered":"<p>Belki zor bir seneydi. Belki \u00e7ok \u00e7al\u0131\u015ft\u0131n\u0131z, \u00e7ok stresli g\u00fcnler ge- \u00e7irdiniz. Belki \u00e7ok bunald\u0131n\u0131z, g\u00fcndelik i\u015fler bile uykular\u0131n\u0131z\u0131 ka- \u00e7\u0131rmaya ba\u015flad\u0131. Ne olursa olsun bir tatili hak ettiniz. Yaz geliyor; dinlenmek, hafiflemek laz\u0131m. Belki de bunu insanlar\u0131n en rahat oldu\u011fu, g\u00fczel kokular\u0131n s\u0131zd\u0131\u011f\u0131 masalardan \u015fen kahkahalar\u0131n y\u00fck- seldi\u011fi bir \u00fclkede yapmal\u0131s\u0131n\u0131z bu sene. Begonvil kokulu masmavi \u00fclke Yunanistan\u2019da! Bunun i\u00e7in ihtiyac\u0131n\u0131z olan en \u00f6nemli \u015feylerden biri iyi bir rehber! Sizi kalabal\u0131klardan uzakta, a\u011fa\u00e7lara sar\u0131labilece\u011finiz, masma- vi sular\u0131n i\u00e7inde t\u00fcm stresinizi unutturacak, herkesin ge\u00e7medi\u011fi yollardan ge\u00e7irecek bir kitap belki. Okuduk\u00e7a i\u00e7inizi \u0131s\u0131tacak, fo- to\u011fraflar\u0131yla b\u00fcy\u00fcleyecek, co\u015fkusuyla aylard\u0131r erteledi\u011finiz tatil planlar\u0131n\u0131z\u0131 ger\u00e7ekle\u015ftirme g\u00fcc\u00fc verecek bir kitap\u2026 \u0130\u015fte seyahati bir sanat olarak g\u00f6ren Nazl\u0131 G\u00fcrka\u015f\u2019\u0131n yazd\u0131\u011f\u0131 Zeytin A\u011fac\u0131n\u0131n G\u00f6lgesinde Yunanistan tam da arad\u0131\u011f\u0131n\u0131z yol arka- da\u015f\u0131! Cebinizi yakmayacak bol mavili-ye\u015filli bir rota \u00e7izmek, Yuna- nistan\u2019\u0131n en g\u00fczel yemeklerini yemek istiyorsan\u0131z; daha az turistik, daha fazla yerel deneyim diyorsan\u0131z \u00e7antan\u0131zda bu kitap olmadan yola \u00e7\u0131kmay\u0131n! <\/p>\n","protected":false},"excerpt":{"rendered":"<p>Belki zor bir seneydi. Belki \u00e7ok \u00e7al\u0131\u015ft\u0131n\u0131z, \u00e7ok stresli g\u00fcnler ge- \u00e7irdiniz. Belki \u00e7ok bunald\u0131n\u0131z, g\u00fcndelik i\u015fler bile uykular\u0131n\u0131z\u0131 ka- \u00e7\u0131rmaya ba\u015flad\u0131. Ne olursa olsun bir<span class=\"excerpt-hellip\"> [\u2026]<\/span><\/p>\n","protected":false},"featured_media":0,"template":"","meta":{"_monsterinsights_skip_tracking":false,"_monsterinsights_sitenote_active":false,"_monsterinsights_sitenote_note":"","_monsterinsights_sitenote_category":0},"product_brand":[],"product_cat":[13528,13527],"product_tag":[],"class_list":{"0":"post-713493","1":"product","2":"type-product","3":"status-publish","5":"product_cat-gezi","6":"product_cat-sureli-yayinlar","7":"pa_cilt-ciltsiz","8":"pa_tur-kitap","9":"pa_yayinevi-hep-kitap","10":"pa_yazar-nazli-gurkas","12":"first","13":"instock","14":"sale","15":"shipping-taxable","16":"purchasable","17":"product-type-simple"},"_links":{"self":[{"href":"https:\/\/roveyayinevi.com.tr\/index.php\/wp-json\/wp\/v2\/product\/713493","targetHints":{"allow":["GET"]}}],"collection":[{"href":"https:\/\/roveyayinevi.com.tr\/index.php\/wp-json\/wp\/v2\/product"}],"about":[{"href":"https:\/\/roveyayinevi.com.tr\/index.php\/wp-json\/wp\/v2\/types\/product"}],"wp:attachment":[{"href":"https:\/\/roveyayinevi.com.tr\/index.php\/wp-json\/wp\/v2\/media?parent=713493"}],"wp:term":[{"taxonomy":"product_brand","embeddable":true,"href":"https:\/\/roveyayinevi.com.tr\/index.php\/wp-json\/wp\/v2\/product_brand?post=713493"},{"taxonomy":"product_cat","embeddable":true,"href":"https:\/\/roveyayinevi.com.tr\/index.php\/wp-json\/wp\/v2\/product_cat?post=713493"},{"taxonomy":"product_tag","embeddable":true,"href":"https:\/\/roveyayinevi.com.tr\/index.php\/wp-json\/wp\/v2\/product_tag?post=713493"}],"curies":[{"name":"wp","href":"https:\/\/api.w.org\/{rel}","templated":true}]}}