{"id":713492,"date":"2025-08-27T17:08:04","date_gmt":"2025-08-27T14:08:04","guid":{"rendered":"https:\/\/roveyayinevi.com.tr\/index.php\/urun\/yapabilirlikler-yaratmak-insani-gelismislik-yaklasimi\/"},"modified":"2026-04-16T02:22:14","modified_gmt":"2026-04-15T23:22:14","slug":"yapabilirlikler-yaratmak-insani-gelismislik-yaklasimi","status":"publish","type":"product","link":"https:\/\/roveyayinevi.com.tr\/index.php\/urun\/yapabilirlikler-yaratmak-insani-gelismislik-yaklasimi\/","title":{"rendered":"Yapabilirlikler Yaratmak &#8211; \u0130nsani Geli\u015fmi\u015flik Yakla\u015f\u0131m\u0131"},"content":{"rendered":"<p>\u201cKalk\u0131nma ve politika d\u00fcnyas\u0131nda art\u0131k yepyeni bir kuramsal paradigma var. \u2018\u0130nsani Geli\u015fmi\u015flik\u2019 ya da \u2018Yapabilirlikler Yakla\u015f\u0131m\u0131\u2019 olarak adland\u0131r\u0131lan bu model \u00e7ok basit bir soruyla i\u015fe ba\u015flar: \u0130nsanlar ger\u00e7ekte neler yapabilir ve ne olabilirler? \u00d6nlerinde ne gibi f\u0131rsatlar vard\u0131r? \u0130nsan hayat\u0131, do\u011fas\u0131 gere\u011fi, birbiriyle ilintili \u00e7ok say\u0131da unsurun bir arada incelenmesini gerektirir, bu nedenle basit gibi g\u00f6r\u00fcnen bu sorular asl\u0131nda olduk\u00e7a karma\u015f\u0131kt\u0131r. Zaten modeli cazip k\u0131lan \u00f6zelliklerden biri de bu karma\u015f\u0131kl\u0131kt\u0131r: insan ya\u015fam\u0131n\u0131n ve insani \u00e7aban\u0131n kendi karma\u015f\u0131kl\u0131\u011f\u0131na yan\u0131t verecek donan\u0131ma sahip yepyeni bir yakla\u015f\u0131m olmas\u0131. Her hal\u00fck\u00e2rda, modelin sordu\u011fu sorularla insanlar g\u00fcnl\u00fck hayatlar\u0131nda s\u00fcrekli kar\u015f\u0131 kar\u015f\u0131ya kal\u0131rlar.\u201dG\u00fcn\u00fcm\u00fcz d\u00fcnyas\u0131 h\u00e2kim kalk\u0131nma paradigmas\u0131n\u0131n i\u00e7ine hapsolmu\u015f durumda. Bu kalk\u0131nma anlay\u0131\u015f\u0131nda insanlar hesaplanabilir hesaplanmas\u0131 gereken birimler, insan ya\u015fam\u0131 ekonomik rasyonalizmin bir nesnesi, insan\u0131n en temel ihtiya\u00e7lar\u0131 ise \u00fczerinde pazarl\u0131k edilebilir \u201c\u015fey\u201dler olarak g\u00f6r\u00fcl\u00fcyor. \u00dclkelerin geli\u015fmi\u015flik d\u00fczeyleri de bu paradigmayla ko\u015futluk i\u00e7erisinde gayri safi yurti\u00e7i h\u00e2s\u0131la gibi rakamlara g\u00f6re belirleniyor; adil b\u00f6l\u00fc\u015f\u00fcm, temel ihtiya\u00e7lar, ekonomik ve sosyal adalet, kamusal tart\u0131\u015fman\u0131n d\u0131\u015f\u0131nda konumland\u0131r\u0131l\u0131p \u201cideolojik\u201d olmakla e\u015fle\u015ftiriliyor.Martha C. Nussbaum elinizde tuttu\u011funuz bu kitapta, \u201cYapabilirlik Yakla\u015f\u0131m\u0131\u201d ad\u0131n\u0131 verdi\u011fi ve bir paradigma de\u011fi\u015fimini esas alan yakla\u015f\u0131m\u0131yla yaln\u0131zca insanlar i\u00e7in de\u011fil, t\u00fcm canl\u0131lar i\u00e7in \u201cya\u015fanabilir\u201d bir d\u00fcnya kurabilmenin incelikli aray\u0131\u015f\u0131n\u0131 sunuyor. <\/p>\n","protected":false},"excerpt":{"rendered":"<p>\u201cKalk\u0131nma ve politika d\u00fcnyas\u0131nda art\u0131k yepyeni bir kuramsal paradigma var. \u2018\u0130nsani Geli\u015fmi\u015flik\u2019 ya da \u2018Yapabilirlikler Yakla\u015f\u0131m\u0131\u2019 olarak adland\u0131r\u0131lan bu model \u00e7ok basit bir soruyla i\u015fe ba\u015flar:<span class=\"excerpt-hellip\"> [\u2026]<\/span><\/p>\n","protected":false},"featured_media":0,"template":"","meta":{"_monsterinsights_skip_tracking":false,"_monsterinsights_sitenote_active":false,"_monsterinsights_sitenote_note":"","_monsterinsights_sitenote_category":0},"product_brand":[],"product_cat":[13590,12337],"product_tag":[],"class_list":{"0":"post-713492","1":"product","2":"type-product","3":"status-publish","5":"product_cat-arastirma-inceleme-politika-siyaset","6":"product_cat-politika-siyaset","7":"pa_cilt-ciltsiz","8":"pa_tur-kitap","9":"pa_yayinevi-iletisim-yayinlari","10":"pa_yazar-martha-c-nussbaum","12":"first","13":"instock","14":"sale","15":"shipping-taxable","16":"purchasable","17":"product-type-simple"},"_links":{"self":[{"href":"https:\/\/roveyayinevi.com.tr\/index.php\/wp-json\/wp\/v2\/product\/713492","targetHints":{"allow":["GET"]}}],"collection":[{"href":"https:\/\/roveyayinevi.com.tr\/index.php\/wp-json\/wp\/v2\/product"}],"about":[{"href":"https:\/\/roveyayinevi.com.tr\/index.php\/wp-json\/wp\/v2\/types\/product"}],"wp:attachment":[{"href":"https:\/\/roveyayinevi.com.tr\/index.php\/wp-json\/wp\/v2\/media?parent=713492"}],"wp:term":[{"taxonomy":"product_brand","embeddable":true,"href":"https:\/\/roveyayinevi.com.tr\/index.php\/wp-json\/wp\/v2\/product_brand?post=713492"},{"taxonomy":"product_cat","embeddable":true,"href":"https:\/\/roveyayinevi.com.tr\/index.php\/wp-json\/wp\/v2\/product_cat?post=713492"},{"taxonomy":"product_tag","embeddable":true,"href":"https:\/\/roveyayinevi.com.tr\/index.php\/wp-json\/wp\/v2\/product_tag?post=713492"}],"curies":[{"name":"wp","href":"https:\/\/api.w.org\/{rel}","templated":true}]}}