{"id":713491,"date":"2025-08-27T17:08:03","date_gmt":"2025-08-27T14:08:03","guid":{"rendered":"https:\/\/roveyayinevi.com.tr\/index.php\/urun\/kayirma-ekonomisi\/"},"modified":"2026-02-03T02:35:34","modified_gmt":"2026-02-02T23:35:34","slug":"kayirma-ekonomisi","status":"publish","type":"product","link":"https:\/\/roveyayinevi.com.tr\/index.php\/urun\/kayirma-ekonomisi\/","title":{"rendered":"Kay\u0131rma Ekonomisi"},"content":{"rendered":"<p>\u201c2001 krizi \u00f6ncesinde ve i\u00e7inde T\u00fcrkiye ekonomisinin y\u00f6netimini \u00fcstlenmi\u015f olan D\u00fcnya Bankas\u0131 &#8211; IMF ikilisi, 1980 sonras\u0131nda yayg\u0131nla\u015fan yolsuzluk \u00f6rneklerini yeterince alg\u0131lam\u0131\u015ft\u0131. Bunal\u0131m\u0131n yaratt\u0131\u011f\u0131 f\u0131rsat, bu alanda yeni bir reformun hayata ge\u00e7irilmesi i\u00e7in kullan\u0131lacakt\u0131. \u00c7\u00f6z\u00fcm, b\u00f6l\u00fc\u015f\u00fcm\u00fc etkileyen alanlar\u0131 siyas\u00ee iktidardan ba\u011f\u0131ms\u0131z k\u0131lan bir dizi \u2018\u00f6zerk kurum\u2019un olu\u015fmas\u0131 i\u00e7inde arand\u0131. (&#8230;) Bu inceleme, AKP iktidar\u0131 alt\u0131nda bu \u00e7er\u00e7evenin bozulmas\u0131n\u0131, t\u0131rpanlanmas\u0131n\u0131 anlatan hazin bir \u00f6yk\u00fcd\u00fcr. (&#8230;) Sonu\u00e7, ihale sistemine getirilen reform \u00e7er\u00e7evesinin, kapsaml\u0131 bir kay\u0131rmac\u0131l\u0131\u011fa d\u00f6n\u00fc\u015fmesi olacakt\u0131r. S\u00f6z\u00fc ge\u00e7en kurumsal reformun mimarlar\u0131 da (D\u00fcnya Bankas\u0131 &#8211; IMF ikilisi), projelerinin iflas\u0131n\u0131 sineye \u00e7ekecek; AKP h\u00fck\u00fcmetleriyle imzalanm\u0131\u015f anla\u015fmalar\u0131 s\u00fcrd\u00fcrecektir.\u201dKorkut BoratavT\u00fcrkiye ekonomisinde kay\u0131rmac\u0131l\u0131\u011f\u0131n belirleyici etkisi, \u00f6teden beri tart\u0131\u015f\u0131l\u0131r. Esra \u00c7eviker G\u00fcrakar\u2019\u0131n \u00e7al\u0131\u015fmas\u0131, kay\u0131rmac\u0131l\u0131\u011f\u0131n, AKP iktidar\u0131 d\u00f6neminde kazand\u0131\u011f\u0131 yap\u0131sal niteli\u011fi analiz ediyor. Kay\u0131rmac\u0131l\u0131\u011f\u0131n bu d\u00f6nemdeki sistemati\u011finin \u201cironik\u201d say\u0131labilecek yan\u0131, \u00f6ylesi ili\u015fkileri bertaraf etmeye d\u00f6n\u00fck yap\u0131sal reformlar\u0131n sa\u011flad\u0131\u011f\u0131 kurumsal altyap\u0131 i\u00e7inde yeniden \u00fcretiliyor olmas\u0131d\u0131r. Yakla\u015f\u0131k elli bin kamu ihalesinin verilerine dayanan kitapta, siyasal iktidarla sermaye aras\u0131ndaki ili\u015fki a\u011f\u0131n\u0131n haritas\u0131 \u00e7\u0131kar\u0131l\u0131yor. Bu, bir kar\u015f\u0131l\u0131kl\u0131 ba\u011f\u0131ml\u0131l\u0131k a\u011f\u0131d\u0131r. Devlet-\u00f6zel sekt\u00f6r ili\u015fkisinin gerek k\u00f6kle\u015fmi\u015f \u201cgelene\u011fi, gerek yeni \u201cmuhafazak\u00e2r\u201d burjuvazinin olu\u015fum s\u00fcreciyle i\u00e7 i\u00e7e ge\u00e7en yeni dinamiklerinin ayr\u0131nt\u0131l\u0131 bir tasvirini g\u00f6r\u00fcyoruz. Hep \u201cs\u00f6ylenti\u201d ve \u201cs\u00f6ylenme\u201d konusu olan hayat\u00ee bir mesele hakk\u0131nda, somut ve berrak bir analiz.<\/p>\n","protected":false},"excerpt":{"rendered":"<p>\u201c2001 krizi \u00f6ncesinde ve i\u00e7inde T\u00fcrkiye ekonomisinin y\u00f6netimini \u00fcstlenmi\u015f olan D\u00fcnya Bankas\u0131 &#8211; IMF ikilisi, 1980 sonras\u0131nda yayg\u0131nla\u015fan yolsuzluk \u00f6rneklerini yeterince alg\u0131lam\u0131\u015ft\u0131. Bunal\u0131m\u0131n yaratt\u0131\u011f\u0131 f\u0131rsat, bu<span class=\"excerpt-hellip\"> [\u2026]<\/span><\/p>\n","protected":false},"featured_media":0,"template":"","meta":{"_monsterinsights_skip_tracking":false,"_monsterinsights_sitenote_active":false,"_monsterinsights_sitenote_note":"","_monsterinsights_sitenote_category":0},"product_brand":[],"product_cat":[13548,12408],"product_tag":[],"class_list":{"0":"post-713491","1":"product","2":"type-product","3":"status-publish","5":"product_cat-kuram","6":"product_cat-sanat","7":"pa_cilt-ciltsiz","8":"pa_tur-kitap","9":"pa_yayinevi-iletisim-yayinlari","10":"pa_yazar-esra-ceviker-gurakar","12":"first","13":"instock","14":"sale","15":"shipping-taxable","16":"purchasable","17":"product-type-simple"},"_links":{"self":[{"href":"https:\/\/roveyayinevi.com.tr\/index.php\/wp-json\/wp\/v2\/product\/713491","targetHints":{"allow":["GET"]}}],"collection":[{"href":"https:\/\/roveyayinevi.com.tr\/index.php\/wp-json\/wp\/v2\/product"}],"about":[{"href":"https:\/\/roveyayinevi.com.tr\/index.php\/wp-json\/wp\/v2\/types\/product"}],"wp:attachment":[{"href":"https:\/\/roveyayinevi.com.tr\/index.php\/wp-json\/wp\/v2\/media?parent=713491"}],"wp:term":[{"taxonomy":"product_brand","embeddable":true,"href":"https:\/\/roveyayinevi.com.tr\/index.php\/wp-json\/wp\/v2\/product_brand?post=713491"},{"taxonomy":"product_cat","embeddable":true,"href":"https:\/\/roveyayinevi.com.tr\/index.php\/wp-json\/wp\/v2\/product_cat?post=713491"},{"taxonomy":"product_tag","embeddable":true,"href":"https:\/\/roveyayinevi.com.tr\/index.php\/wp-json\/wp\/v2\/product_tag?post=713491"}],"curies":[{"name":"wp","href":"https:\/\/api.w.org\/{rel}","templated":true}]}}