{"id":713489,"date":"2025-08-27T17:08:02","date_gmt":"2025-08-27T14:08:02","guid":{"rendered":"https:\/\/roveyayinevi.com.tr\/index.php\/urun\/merdivenler-kenti\/"},"modified":"2026-04-16T02:22:14","modified_gmt":"2026-04-15T23:22:14","slug":"merdivenler-kenti","status":"publish","type":"product","link":"https:\/\/roveyayinevi.com.tr\/index.php\/urun\/merdivenler-kenti\/","title":{"rendered":"Merdivenler Kenti"},"content":{"rendered":"<p>Bir zamanlar Bulikov kenti ilahlar\u0131n g\u00fcc\u00fcne sahipti ve onlar bu g\u00fcc\u00fc milyonlar\u0131 boyunduruk alt\u0131na almak i\u00e7in kulland\u0131lar\u2026 ta ki o ilahlar \u00f6ld\u00fcr\u00fclene dek. \u015eimdiyse, Bulikov&#8217;un tarihi sans\u00fcrl\u00fc ve yasakl\u0131yd\u0131. T\u00fcm k\u0131ta ise uzun y\u0131llard\u0131r s\u00f6m\u00fcrd\u00fckleri \u00fclke taraf\u0131ndan i\u015fgal edilmi\u015fti, Bulikov ba\u015fta olmak \u00fczere. Fakat art\u0131k mant\u0131k s\u0131n\u0131rlar\u0131n\u0131n d\u0131\u015f\u0131nda i\u015fleyen, hi\u00e7bir yere \u00e7\u0131kmayan say\u0131s\u0131z merdivenle bezeli bu \u0130lahi Kent, K\u0131ta&#8217;n\u0131n eski g\u00f6rkemli g\u00fcnlerinin bir hayaletiydi yaln\u0131zca. Her g\u00fcn\u00fc ayr\u0131 kaosla ge\u00e7en Bulikov&#8217;da beklenmedik bir cinayet i\u015flenince, bu cinayetin yaratt\u0131\u011f\u0131 diplomatik karma\u015fay\u0131 \u00e7\u00f6zmesi i\u00e7in Shara Thivani ve sekreteri Sigrud, Bulikov&#8217;a gelmekle g\u00f6revlendirildi. Her ne kadar tehlikesiz g\u00f6r\u00fcnse ve resmiyette bir k\u00fclt\u00fcr el\u00e7isi olsa da Shara asl\u0131nda Saypur&#8217;un elindeki en ba\u015far\u0131l\u0131 ve tehlikeli casus, ayn\u0131 zamanda da bir K\u0131ta tarihi uzman\u0131yd\u0131. Bulikov&#8217;a as\u0131l geli\u015f amac\u0131 da i\u015flenen cinayeti \u00e7\u00f6zmek, Saypur&#8217;a kar\u015f\u0131 geli\u015fen bir tehdit olup olmad\u0131\u011f\u0131n\u0131 belirlemekti. Ancak kentin alt\u0131nda komplolar d\u00f6nmeye, ilahlar\u0131n \u00f6ld\u00fcr\u00fclmesinden beri \u015fahit olunmayan mucizeler yeniden vuku bulmaya ba\u015flay\u0131nca, bir zamanlar \u00f6ld\u00fc\u011f\u00fcne inan\u0131lan tanr\u0131lar\u0131n, ger\u00e7ekten \u00f6l\u00fc olup olmad\u0131\u011f\u0131 \u015f\u00fcphesi Shara\u2019n\u0131n akl\u0131n\u0131 kurcalayacakt\u0131. <\/p>\n","protected":false},"excerpt":{"rendered":"<p>Bir zamanlar Bulikov kenti ilahlar\u0131n g\u00fcc\u00fcne sahipti ve onlar bu g\u00fcc\u00fc milyonlar\u0131 boyunduruk alt\u0131na almak i\u00e7in kulland\u0131lar\u2026 ta ki o ilahlar \u00f6ld\u00fcr\u00fclene dek. \u015eimdiyse, Bulikov&#8217;un tarihi<span class=\"excerpt-hellip\"> [\u2026]<\/span><\/p>\n","protected":false},"featured_media":0,"template":"","meta":{"_monsterinsights_skip_tracking":false,"_monsterinsights_sitenote_active":false,"_monsterinsights_sitenote_note":"","_monsterinsights_sitenote_category":0},"product_brand":[],"product_cat":[12291,14777],"product_tag":[],"class_list":{"0":"post-713489","1":"product","2":"type-product","3":"status-publish","5":"product_cat-edebiyat","6":"product_cat-fantastik","7":"pa_cilt-ciltsiz","8":"pa_tur-kitap","9":"pa_yayinevi-ithaki-yayinlari","10":"pa_yazar-robert-jackson-bennett","12":"first","13":"instock","14":"sale","15":"shipping-taxable","16":"purchasable","17":"product-type-simple"},"_links":{"self":[{"href":"https:\/\/roveyayinevi.com.tr\/index.php\/wp-json\/wp\/v2\/product\/713489","targetHints":{"allow":["GET"]}}],"collection":[{"href":"https:\/\/roveyayinevi.com.tr\/index.php\/wp-json\/wp\/v2\/product"}],"about":[{"href":"https:\/\/roveyayinevi.com.tr\/index.php\/wp-json\/wp\/v2\/types\/product"}],"wp:attachment":[{"href":"https:\/\/roveyayinevi.com.tr\/index.php\/wp-json\/wp\/v2\/media?parent=713489"}],"wp:term":[{"taxonomy":"product_brand","embeddable":true,"href":"https:\/\/roveyayinevi.com.tr\/index.php\/wp-json\/wp\/v2\/product_brand?post=713489"},{"taxonomy":"product_cat","embeddable":true,"href":"https:\/\/roveyayinevi.com.tr\/index.php\/wp-json\/wp\/v2\/product_cat?post=713489"},{"taxonomy":"product_tag","embeddable":true,"href":"https:\/\/roveyayinevi.com.tr\/index.php\/wp-json\/wp\/v2\/product_tag?post=713489"}],"curies":[{"name":"wp","href":"https:\/\/api.w.org\/{rel}","templated":true}]}}