{"id":713487,"date":"2025-08-27T17:08:01","date_gmt":"2025-08-27T14:08:01","guid":{"rendered":"https:\/\/roveyayinevi.com.tr\/index.php\/urun\/yorganci-hayal-agaci-ve-kalayci\/"},"modified":"2026-04-16T02:22:14","modified_gmt":"2026-04-15T23:22:14","slug":"yorganci-hayal-agaci-ve-kalayci","status":"publish","type":"product","link":"https:\/\/roveyayinevi.com.tr\/index.php\/urun\/yorganci-hayal-agaci-ve-kalayci\/","title":{"rendered":"Yorganc\u0131 Hayal A\u011fac\u0131 Ve Kalayc\u0131"},"content":{"rendered":"<p>Siz de mi tatili iple \u00e7ekenlerdensiniz? O h\u00e2lde bu yaz Bora ile Titrekkavak\u2019a gitmeye, orada Bora\u2019n\u0131n babaannesinin kuyruklu dostlar\u0131 ile tan\u0131\u015fmaya ne dersiniz? \u00d6devlerden s\u0131k\u0131ld\u0131ysan\u0131z belki de Korsanlar Kral\u0131 Timuti size yard\u0131m edebilir. \u201cBay\u0131l\u0131r\u0131m maceraya!\u201d diyenler, maymun yakalama operasyonu sizi bekliyor. Dikkat! Birbirinden heyecanl\u0131 bu \u00f6yk\u00fcleri okurken, \u201cAh bizim evde de elektrikler kesilse! \u015eu ocak k\u0131v\u0131lc\u0131mland\u0131ranlar, kap\u0131 g\u0131c\u0131rdatanlar bize de u\u011frasa.\u201d diyeceksiniz. Yorganc\u0131 ve kalayc\u0131y\u0131 \u00f6zleyecek, acemi \u015faire \u00e7ok g\u00fclecek, hayal a\u011fac\u0131n\u0131n ve hayalbaz\u0131n pe\u015fine d\u00fc\u015feceksiniz. Koray Avc\u0131 \u00c7akman yine \u00e7ocuk d\u00fcnyas\u0131na, g\u00f6nl\u00fcne ve hayallerine dokunuyor. S\u0131cak bir dostluk tad\u0131nda, bir \u00e7ocuk kahkahas\u0131nda\u2026 \ufffcTan\u0131t\u0131m Metni<\/p>\n","protected":false},"excerpt":{"rendered":"<p>Siz de mi tatili iple \u00e7ekenlerdensiniz? O h\u00e2lde bu yaz Bora ile Titrekkavak\u2019a gitmeye, orada Bora\u2019n\u0131n babaannesinin kuyruklu dostlar\u0131 ile tan\u0131\u015fmaya ne dersiniz? \u00d6devlerden s\u0131k\u0131ld\u0131ysan\u0131z belki<span class=\"excerpt-hellip\"> [\u2026]<\/span><\/p>\n","protected":false},"featured_media":0,"template":"","meta":{"_monsterinsights_skip_tracking":false,"_monsterinsights_sitenote_active":false,"_monsterinsights_sitenote_note":"","_monsterinsights_sitenote_category":0},"product_brand":[],"product_cat":[12275,12274],"product_tag":[],"class_list":{"0":"post-713487","1":"product","2":"type-product","3":"status-publish","5":"product_cat-6-12-yas-kitaplari","6":"product_cat-cocuk-ve-genclik-kitaplari","7":"pa_cilt-ciltsiz","8":"pa_tur-kitap","9":"pa_yayinevi-altin-kitaplar-ozel-urun","10":"pa_yazar-koray-avci-cakman","12":"first","13":"instock","14":"sale","15":"shipping-taxable","16":"purchasable","17":"product-type-simple"},"_links":{"self":[{"href":"https:\/\/roveyayinevi.com.tr\/index.php\/wp-json\/wp\/v2\/product\/713487","targetHints":{"allow":["GET"]}}],"collection":[{"href":"https:\/\/roveyayinevi.com.tr\/index.php\/wp-json\/wp\/v2\/product"}],"about":[{"href":"https:\/\/roveyayinevi.com.tr\/index.php\/wp-json\/wp\/v2\/types\/product"}],"wp:attachment":[{"href":"https:\/\/roveyayinevi.com.tr\/index.php\/wp-json\/wp\/v2\/media?parent=713487"}],"wp:term":[{"taxonomy":"product_brand","embeddable":true,"href":"https:\/\/roveyayinevi.com.tr\/index.php\/wp-json\/wp\/v2\/product_brand?post=713487"},{"taxonomy":"product_cat","embeddable":true,"href":"https:\/\/roveyayinevi.com.tr\/index.php\/wp-json\/wp\/v2\/product_cat?post=713487"},{"taxonomy":"product_tag","embeddable":true,"href":"https:\/\/roveyayinevi.com.tr\/index.php\/wp-json\/wp\/v2\/product_tag?post=713487"}],"curies":[{"name":"wp","href":"https:\/\/api.w.org\/{rel}","templated":true}]}}