{"id":713486,"date":"2025-08-27T17:08:01","date_gmt":"2025-08-27T14:08:01","guid":{"rendered":"https:\/\/roveyayinevi.com.tr\/index.php\/urun\/bilim-din-ve-turkculuk\/"},"modified":"2026-04-16T02:22:14","modified_gmt":"2026-04-15T23:22:14","slug":"bilim-din-ve-turkculuk","status":"publish","type":"product","link":"https:\/\/roveyayinevi.com.tr\/index.php\/urun\/bilim-din-ve-turkculuk\/","title":{"rendered":"Bilim, Din ve T\u00fcrk\u00e7\u00fcl\u00fck"},"content":{"rendered":"<p>* Bilim nedir? Gayesi, yap\u0131s\u0131, dili nedir?* Bilim-din ili\u015fkisinin Hristiyanl\u0131kta en \u00e7ok tart\u0131\u015f\u0131lan alan\u0131, evrim. Evrime M\u00fcsl\u00fcmanlar nas\u0131l bak\u0131yordu? Bilim-din ili\u015fkisi nas\u0131l olmal\u0131? Olmal\u0131 m\u0131?* \u0130nternet devrinde bilim, bilgi, teknoloji ve internet toplumu.* T\u00fcrk\u00e7\u00fcl\u00fck, G\u00f6kalp ve Ak\u00e7ura ile bilimi \u00f6nceleyerek ba\u015flad\u0131. Ats\u0131z\u2019la bu gelenek devam etti. T\u00fcrk\u00e7\u00fcl\u00fc\u011f\u00fcn en g\u00fc\u00e7l\u00fc savunucusu bug\u00fcn de bilimdir. <\/p>\n","protected":false},"excerpt":{"rendered":"<p>* Bilim nedir? Gayesi, yap\u0131s\u0131, dili nedir?* Bilim-din ili\u015fkisinin Hristiyanl\u0131kta en \u00e7ok tart\u0131\u015f\u0131lan alan\u0131, evrim. Evrime M\u00fcsl\u00fcmanlar nas\u0131l bak\u0131yordu? Bilim-din ili\u015fkisi nas\u0131l olmal\u0131? Olmal\u0131 m\u0131?* \u0130nternet<span class=\"excerpt-hellip\"> [\u2026]<\/span><\/p>\n","protected":false},"featured_media":0,"template":"","meta":{"_monsterinsights_skip_tracking":false,"_monsterinsights_sitenote_active":false,"_monsterinsights_sitenote_note":"","_monsterinsights_sitenote_category":0},"product_brand":[],"product_cat":[12370,12304],"product_tag":[],"class_list":{"0":"post-713486","1":"product","2":"type-product","3":"status-publish","5":"product_cat-arastirma-inceleme","6":"product_cat-tarih","7":"pa_cilt-ciltsiz","8":"pa_tur-kitap","9":"pa_yayinevi-panama-yayincilik","10":"pa_yazar-iskender-oksuz","12":"first","13":"instock","14":"sale","15":"shipping-taxable","16":"purchasable","17":"product-type-simple"},"_links":{"self":[{"href":"https:\/\/roveyayinevi.com.tr\/index.php\/wp-json\/wp\/v2\/product\/713486","targetHints":{"allow":["GET"]}}],"collection":[{"href":"https:\/\/roveyayinevi.com.tr\/index.php\/wp-json\/wp\/v2\/product"}],"about":[{"href":"https:\/\/roveyayinevi.com.tr\/index.php\/wp-json\/wp\/v2\/types\/product"}],"wp:attachment":[{"href":"https:\/\/roveyayinevi.com.tr\/index.php\/wp-json\/wp\/v2\/media?parent=713486"}],"wp:term":[{"taxonomy":"product_brand","embeddable":true,"href":"https:\/\/roveyayinevi.com.tr\/index.php\/wp-json\/wp\/v2\/product_brand?post=713486"},{"taxonomy":"product_cat","embeddable":true,"href":"https:\/\/roveyayinevi.com.tr\/index.php\/wp-json\/wp\/v2\/product_cat?post=713486"},{"taxonomy":"product_tag","embeddable":true,"href":"https:\/\/roveyayinevi.com.tr\/index.php\/wp-json\/wp\/v2\/product_tag?post=713486"}],"curies":[{"name":"wp","href":"https:\/\/api.w.org\/{rel}","templated":true}]}}