{"id":713485,"date":"2025-08-27T17:08:00","date_gmt":"2025-08-27T14:08:00","guid":{"rendered":"https:\/\/roveyayinevi.com.tr\/index.php\/urun\/kos-kurtar\/"},"modified":"2026-04-16T02:22:14","modified_gmt":"2026-04-15T23:22:14","slug":"kos-kurtar","status":"publish","type":"product","link":"https:\/\/roveyayinevi.com.tr\/index.php\/urun\/kos-kurtar\/","title":{"rendered":"Ko\u015f Kurtar"},"content":{"rendered":"<p>Naz ve Kuzey, o y\u0131l ya\u015famlar\u0131n\u0131n b\u00f6ylesine de\u011fi\u015fece\u011fini asla tahmin edemezlerdi. Sen de biliyorsundur; bazen i\u015fler yolunda gitmez. Hayat y\u0131k\u0131m ekipleriyle y\u00fcr\u00fcr \u00fczerine. Tutundu\u011fun dallar hep elinde kal\u0131r. Olsun; zorluklar da iyi gelebilir insana. M\u00fccadele etmek yorar belki ama oyunda tutar seni. Umudunu yitirmeyeni hayat taca atamaz. Hele de yan\u0131nda Naz ve Kuzey\u2019inkiler gibi dostlar\u0131 varsa\u2026 Toprak I\u015f\u0131k yeni bir romanla okurlar\u0131yla bulu\u015fuyor. Ya\u015fam\u0131n zorlu s\u00fcrprizlerine, umuda ve dostlu\u011fa dair yeni kap\u0131lar aral\u0131yor\u2026 <\/p>\n","protected":false},"excerpt":{"rendered":"<p>Naz ve Kuzey, o y\u0131l ya\u015famlar\u0131n\u0131n b\u00f6ylesine de\u011fi\u015fece\u011fini asla tahmin edemezlerdi. Sen de biliyorsundur; bazen i\u015fler yolunda gitmez. Hayat y\u0131k\u0131m ekipleriyle y\u00fcr\u00fcr \u00fczerine. Tutundu\u011fun dallar hep<span class=\"excerpt-hellip\"> [\u2026]<\/span><\/p>\n","protected":false},"featured_media":0,"template":"","meta":{"_monsterinsights_skip_tracking":false,"_monsterinsights_sitenote_active":false,"_monsterinsights_sitenote_note":"","_monsterinsights_sitenote_category":0},"product_brand":[],"product_cat":[12275,12274],"product_tag":[],"class_list":{"0":"post-713485","1":"product","2":"type-product","3":"status-publish","5":"product_cat-6-12-yas-kitaplari","6":"product_cat-cocuk-ve-genclik-kitaplari","7":"pa_cilt-ciltsiz","8":"pa_tur-kitap","9":"pa_yayinevi-altin-kitaplar-ozel-urun","10":"pa_yazar-toprak-isik","12":"first","13":"instock","14":"sale","15":"shipping-taxable","16":"purchasable","17":"product-type-simple"},"_links":{"self":[{"href":"https:\/\/roveyayinevi.com.tr\/index.php\/wp-json\/wp\/v2\/product\/713485","targetHints":{"allow":["GET"]}}],"collection":[{"href":"https:\/\/roveyayinevi.com.tr\/index.php\/wp-json\/wp\/v2\/product"}],"about":[{"href":"https:\/\/roveyayinevi.com.tr\/index.php\/wp-json\/wp\/v2\/types\/product"}],"wp:attachment":[{"href":"https:\/\/roveyayinevi.com.tr\/index.php\/wp-json\/wp\/v2\/media?parent=713485"}],"wp:term":[{"taxonomy":"product_brand","embeddable":true,"href":"https:\/\/roveyayinevi.com.tr\/index.php\/wp-json\/wp\/v2\/product_brand?post=713485"},{"taxonomy":"product_cat","embeddable":true,"href":"https:\/\/roveyayinevi.com.tr\/index.php\/wp-json\/wp\/v2\/product_cat?post=713485"},{"taxonomy":"product_tag","embeddable":true,"href":"https:\/\/roveyayinevi.com.tr\/index.php\/wp-json\/wp\/v2\/product_tag?post=713485"}],"curies":[{"name":"wp","href":"https:\/\/api.w.org\/{rel}","templated":true}]}}