{"id":713483,"date":"2025-08-27T17:07:59","date_gmt":"2025-08-27T14:07:59","guid":{"rendered":"https:\/\/roveyayinevi.com.tr\/index.php\/urun\/gec-hitit-donemi-tasvir-sanatinda-mobilyalar\/"},"modified":"2026-04-16T02:22:13","modified_gmt":"2026-04-15T23:22:13","slug":"gec-hitit-donemi-tasvir-sanatinda-mobilyalar","status":"publish","type":"product","link":"https:\/\/roveyayinevi.com.tr\/index.php\/urun\/gec-hitit-donemi-tasvir-sanatinda-mobilyalar\/","title":{"rendered":"Ge\u00e7 Hitit D\u00f6nemi Tasvir Sanat\u0131nda Mobilyalar"},"content":{"rendered":"<p>Bu kitapta M.\u00d6.I. Binin ilk yar\u0131snda kent beylikleri olarak ya\u015fam\u0131\u015f olan ge\u00e7 hititler\u2019in Kullanm\u0131\u015f olduklar\u0131 mobilyalar tan\u0131t\u0131lmaktad\u0131r.Ge\u00e7 hititler mobilyac\u0131l\u0131kta, ayn\u0131 d\u00f6nemde Mezopotamya\u2019da imparatorluk kurmu\u015f olan Ge\u00e7 Asur\u2019un etki ve modas\u0131yla \u00f6zellikle krali ve dinsel sahnelerde kulland\u0131klar\u0131 mobilyalar\u0131n\u0131 tasvir etmi\u015flerdir.Bazen de Ge\u00e7 Hititli sanat\u00e7\u0131 bu Asur modas\u0131na kendi yorumunu eklemi\u015ftir. <\/p>\n","protected":false},"excerpt":{"rendered":"<p>Bu kitapta M.\u00d6.I. Binin ilk yar\u0131snda kent beylikleri olarak ya\u015fam\u0131\u015f olan ge\u00e7 hititler\u2019in Kullanm\u0131\u015f olduklar\u0131 mobilyalar tan\u0131t\u0131lmaktad\u0131r.Ge\u00e7 hititler mobilyac\u0131l\u0131kta, ayn\u0131 d\u00f6nemde Mezopotamya\u2019da imparatorluk kurmu\u015f olan Ge\u00e7<span class=\"excerpt-hellip\"> [\u2026]<\/span><\/p>\n","protected":false},"featured_media":0,"template":"","meta":{"_monsterinsights_skip_tracking":false,"_monsterinsights_sitenote_active":false,"_monsterinsights_sitenote_note":"","_monsterinsights_sitenote_category":0},"product_brand":[],"product_cat":[52477,52478],"product_tag":[],"class_list":{"0":"post-713483","1":"product","2":"type-product","3":"status-publish","5":"product_cat-arastirma","6":"product_cat-arkeoloji","7":"pa_cilt-ciltsiz","8":"pa_tur-kitap","9":"pa_yayinevi-bilgin-kultur-sanat","10":"pa_yazar-k-serdar-girginer","12":"first","13":"instock","14":"sale","15":"shipping-taxable","16":"purchasable","17":"product-type-simple"},"_links":{"self":[{"href":"https:\/\/roveyayinevi.com.tr\/index.php\/wp-json\/wp\/v2\/product\/713483","targetHints":{"allow":["GET"]}}],"collection":[{"href":"https:\/\/roveyayinevi.com.tr\/index.php\/wp-json\/wp\/v2\/product"}],"about":[{"href":"https:\/\/roveyayinevi.com.tr\/index.php\/wp-json\/wp\/v2\/types\/product"}],"wp:attachment":[{"href":"https:\/\/roveyayinevi.com.tr\/index.php\/wp-json\/wp\/v2\/media?parent=713483"}],"wp:term":[{"taxonomy":"product_brand","embeddable":true,"href":"https:\/\/roveyayinevi.com.tr\/index.php\/wp-json\/wp\/v2\/product_brand?post=713483"},{"taxonomy":"product_cat","embeddable":true,"href":"https:\/\/roveyayinevi.com.tr\/index.php\/wp-json\/wp\/v2\/product_cat?post=713483"},{"taxonomy":"product_tag","embeddable":true,"href":"https:\/\/roveyayinevi.com.tr\/index.php\/wp-json\/wp\/v2\/product_tag?post=713483"}],"curies":[{"name":"wp","href":"https:\/\/api.w.org\/{rel}","templated":true}]}}