{"id":713479,"date":"2025-08-27T17:07:57","date_gmt":"2025-08-27T14:07:57","guid":{"rendered":"https:\/\/roveyayinevi.com.tr\/index.php\/urun\/gevisgetirenler-zamani\/"},"modified":"2026-04-16T02:22:13","modified_gmt":"2026-04-15T23:22:13","slug":"gevisgetirenler-zamani","status":"publish","type":"product","link":"https:\/\/roveyayinevi.com.tr\/index.php\/urun\/gevisgetirenler-zamani\/","title":{"rendered":"Gevi\u015fgetirenler Zaman\u0131"},"content":{"rendered":"<p>Jos\u00e9 J. Veiga, daha ilk sat\u0131rlar\u0131ndan itibaren okuru ele ge\u00e7irmeyi ba\u015faran roman\u0131 Gevi\u015fgetirenler Zaman\u0131\u2019nda, \u00e7ok katmanl\u0131 ve derinlikli bir metne imza at\u0131yor.   Hayatlar\u0131 i\u00e7 i\u00e7e ge\u00e7mi\u015f, neredeyse bir b\u00fct\u00fcn haline gelmi\u015f Manarairemal\u0131lar, bir g\u00fcn, nehrin \u00f6te yan\u0131ndaki \u00e7ay\u0131ra yerle\u015fen gizemli adamlarla g\u00fcne uyan\u0131r. Kim olduklar\u0131 ve nereden geldikleri bilinmeyen bu esrarengiz adamlar, yaratt\u0131klar\u0131 korku, endi\u015fe ve \u00f6fke ile kasaban\u0131n toplumsal haf\u0131zas\u0131nda derin izler b\u0131rakacakt\u0131r.   \u201cK\u00fc\u00e7\u00fck kasaba s\u0131k\u0131\u015fm\u0131\u015fl\u0131\u011f\u0131n\u0131\u201d tekinsizce anlatan Gevi\u015fgetirenler Zaman\u0131, belirsizliklerle dolu bir atmosferde, tedirginli\u011fin iktidar\u0131yla ba\u015fa \u00e7\u0131kmaya \u00e7al\u0131\u015fan bir avu\u00e7 kasabal\u0131n\u0131n m\u00fccadelesini konu edinen, \u00e7arp\u0131c\u0131 bir roman. Her \u015fehrin, her kasaban\u0131n, halk\u0131 akl\u0131n yoluna davet eden bir deliye ihtiyac\u0131 vard\u0131r. <\/p>\n","protected":false},"excerpt":{"rendered":"<p>Jos\u00e9 J. Veiga, daha ilk sat\u0131rlar\u0131ndan itibaren okuru ele ge\u00e7irmeyi ba\u015faran roman\u0131 Gevi\u015fgetirenler Zaman\u0131\u2019nda, \u00e7ok katmanl\u0131 ve derinlikli bir metne imza at\u0131yor. Hayatlar\u0131 i\u00e7 i\u00e7e ge\u00e7mi\u015f,<span class=\"excerpt-hellip\"> [\u2026]<\/span><\/p>\n","protected":false},"featured_media":0,"template":"","meta":{"_monsterinsights_skip_tracking":false,"_monsterinsights_sitenote_active":false,"_monsterinsights_sitenote_note":"","_monsterinsights_sitenote_category":0},"product_brand":[],"product_cat":[12291,12711],"product_tag":[],"class_list":{"0":"post-713479","1":"product","2":"type-product","3":"status-publish","5":"product_cat-edebiyat","6":"product_cat-roman-oyku","7":"pa_cilt-ciltli","8":"pa_tur-kitap","9":"pa_yayinevi-delidolu","10":"pa_yazar-jose-j-veiga","12":"first","13":"instock","14":"sale","15":"shipping-taxable","16":"purchasable","17":"product-type-simple"},"_links":{"self":[{"href":"https:\/\/roveyayinevi.com.tr\/index.php\/wp-json\/wp\/v2\/product\/713479","targetHints":{"allow":["GET"]}}],"collection":[{"href":"https:\/\/roveyayinevi.com.tr\/index.php\/wp-json\/wp\/v2\/product"}],"about":[{"href":"https:\/\/roveyayinevi.com.tr\/index.php\/wp-json\/wp\/v2\/types\/product"}],"wp:attachment":[{"href":"https:\/\/roveyayinevi.com.tr\/index.php\/wp-json\/wp\/v2\/media?parent=713479"}],"wp:term":[{"taxonomy":"product_brand","embeddable":true,"href":"https:\/\/roveyayinevi.com.tr\/index.php\/wp-json\/wp\/v2\/product_brand?post=713479"},{"taxonomy":"product_cat","embeddable":true,"href":"https:\/\/roveyayinevi.com.tr\/index.php\/wp-json\/wp\/v2\/product_cat?post=713479"},{"taxonomy":"product_tag","embeddable":true,"href":"https:\/\/roveyayinevi.com.tr\/index.php\/wp-json\/wp\/v2\/product_tag?post=713479"}],"curies":[{"name":"wp","href":"https:\/\/api.w.org\/{rel}","templated":true}]}}