{"id":713477,"date":"2025-08-27T17:07:55","date_gmt":"2025-08-27T14:07:55","guid":{"rendered":"https:\/\/roveyayinevi.com.tr\/index.php\/urun\/bolsevik-hayri\/"},"modified":"2026-01-29T02:39:36","modified_gmt":"2026-01-28T23:39:36","slug":"bolsevik-hayri","status":"publish","type":"product","link":"https:\/\/roveyayinevi.com.tr\/index.php\/urun\/bolsevik-hayri\/","title":{"rendered":"Bol\u015fevik Hayri"},"content":{"rendered":"<p>Kimdir Bol\u015fevik Hayri? Bol\u015fevik Hayri bir roman kahraman\u0131 de\u011fil! Etiyle, kemi\u011fiyle, kan\u0131yla devrimci hareketin yaratt\u0131\u011f\u0131 bir kom\u00fcnist! Hayat\u0131n\u0131 i\u00e7inden \u00e7\u0131k\u0131p geldi\u011fi insanlar kadar, hi\u00e7 g\u00f6rmedi\u011fi, tan\u0131mad\u0131\u011f\u0131 insanlar\u0131n kurtulu\u015funa adam\u0131\u015f 78 ku\u015fa\u011f\u0131n\u0131n bir neferi! 12 Eyl\u00fcl 1980\u2019nin zindanlar\u0131nda \u00e7eli\u011fe su verenlerden! Darbecilerin dayatt\u0131\u011f\u0131 tek tip elbiseye \u0130stanbul\u2019un dondurucu so\u011fu\u011funda don g\u00f6mlek kalarak cevap verenlerden! Teslim Olmay\u0131 kabul etmeyen, a\u00e7l\u0131k grevi t\u00fcrk\u00fcs\u00fc s\u00f6yleyenlerden! Yaray\u0131 derin yerinden alanlardan! Yolda\u015fl\u0131\u011f\u0131n de\u011ferini bilenlerden, yolda\u015flar\u0131n\u0131 satmayanlardan! Mehmet \u0130nan\u00e7 Turan <\/p>\n","protected":false},"excerpt":{"rendered":"<p>Kimdir Bol\u015fevik Hayri? Bol\u015fevik Hayri bir roman kahraman\u0131 de\u011fil! Etiyle, kemi\u011fiyle, kan\u0131yla devrimci hareketin yaratt\u0131\u011f\u0131 bir kom\u00fcnist! Hayat\u0131n\u0131 i\u00e7inden \u00e7\u0131k\u0131p geldi\u011fi insanlar kadar, hi\u00e7 g\u00f6rmedi\u011fi, tan\u0131mad\u0131\u011f\u0131<span class=\"excerpt-hellip\"> [\u2026]<\/span><\/p>\n","protected":false},"featured_media":0,"template":"","meta":{"_monsterinsights_skip_tracking":false,"_monsterinsights_sitenote_active":false,"_monsterinsights_sitenote_note":"","_monsterinsights_sitenote_category":0},"product_brand":[],"product_cat":[13590,12337],"product_tag":[],"class_list":{"0":"post-713477","1":"product","2":"type-product","3":"status-publish","5":"product_cat-arastirma-inceleme-politika-siyaset","6":"product_cat-politika-siyaset","7":"pa_cilt-ciltsiz","8":"pa_tur-kitap","9":"pa_yayinevi-utopya-yayinevi","10":"pa_yazar-sait-almis","12":"first","13":"instock","14":"sale","15":"shipping-taxable","16":"purchasable","17":"product-type-simple"},"_links":{"self":[{"href":"https:\/\/roveyayinevi.com.tr\/index.php\/wp-json\/wp\/v2\/product\/713477","targetHints":{"allow":["GET"]}}],"collection":[{"href":"https:\/\/roveyayinevi.com.tr\/index.php\/wp-json\/wp\/v2\/product"}],"about":[{"href":"https:\/\/roveyayinevi.com.tr\/index.php\/wp-json\/wp\/v2\/types\/product"}],"wp:attachment":[{"href":"https:\/\/roveyayinevi.com.tr\/index.php\/wp-json\/wp\/v2\/media?parent=713477"}],"wp:term":[{"taxonomy":"product_brand","embeddable":true,"href":"https:\/\/roveyayinevi.com.tr\/index.php\/wp-json\/wp\/v2\/product_brand?post=713477"},{"taxonomy":"product_cat","embeddable":true,"href":"https:\/\/roveyayinevi.com.tr\/index.php\/wp-json\/wp\/v2\/product_cat?post=713477"},{"taxonomy":"product_tag","embeddable":true,"href":"https:\/\/roveyayinevi.com.tr\/index.php\/wp-json\/wp\/v2\/product_tag?post=713477"}],"curies":[{"name":"wp","href":"https:\/\/api.w.org\/{rel}","templated":true}]}}