{"id":713476,"date":"2025-08-27T17:07:55","date_gmt":"2025-08-27T14:07:55","guid":{"rendered":"https:\/\/roveyayinevi.com.tr\/index.php\/urun\/dil-ve-edebiyat-yazilari\/"},"modified":"2026-04-16T02:22:13","modified_gmt":"2026-04-15T23:22:13","slug":"dil-ve-edebiyat-yazilari","status":"publish","type":"product","link":"https:\/\/roveyayinevi.com.tr\/index.php\/urun\/dil-ve-edebiyat-yazilari\/","title":{"rendered":"Dil ve Edebiyat Yaz\u0131lar\u0131"},"content":{"rendered":"<p>Dil ve Edebiyat\u0131 Yaz\u0131lar\u0131, Bart\u0131n \u00dcniversitesi Edebiyat Fak\u00fcltesi&#8217;nin 2016-2017&#8217;de b\u00fcnyesindeki \u00f6\u011fretim \u00fcyelerinin d\u00fczenledi\u011fi konferanslar i\u00e7erisinden se\u00e7ilerek olu\u015fturulmu\u015ftur. Her biri kendi alan\u0131nda uzman \u00f6\u011fretim \u00fcyelerinin konferans metinleri makale haline getirilerek yine alan uzman\u0131 ba\u015fka \u00f6\u011fretim \u00fcyelerince de\u011ferlendirilmi\u015f hakem s\u00fcrecinden ba\u015far\u0131yla ge\u00e7en yaz\u0131lar yay\u0131na dahil edilmi\u015ftir. <\/p>\n","protected":false},"excerpt":{"rendered":"<p>Dil ve Edebiyat\u0131 Yaz\u0131lar\u0131, Bart\u0131n \u00dcniversitesi Edebiyat Fak\u00fcltesi&#8217;nin 2016-2017&#8217;de b\u00fcnyesindeki \u00f6\u011fretim \u00fcyelerinin d\u00fczenledi\u011fi konferanslar i\u00e7erisinden se\u00e7ilerek olu\u015fturulmu\u015ftur. Her biri kendi alan\u0131nda uzman \u00f6\u011fretim \u00fcyelerinin konferans metinleri<span class=\"excerpt-hellip\"> [\u2026]<\/span><\/p>\n","protected":false},"featured_media":0,"template":"","meta":{"_monsterinsights_skip_tracking":false,"_monsterinsights_sitenote_active":false,"_monsterinsights_sitenote_note":"","_monsterinsights_sitenote_category":0},"product_brand":[],"product_cat":[13072,12291],"product_tag":[],"class_list":{"0":"post-713476","1":"product","2":"type-product","3":"status-publish","5":"product_cat-arastirma-inceleme-referans","6":"product_cat-edebiyat","7":"pa_cilt-ciltsiz","8":"pa_tur-kitap","9":"pa_yayinevi-bilgin-kultur-sanat","10":"pa_yazar-kollektif","12":"first","13":"instock","14":"sale","15":"shipping-taxable","16":"purchasable","17":"product-type-simple"},"_links":{"self":[{"href":"https:\/\/roveyayinevi.com.tr\/index.php\/wp-json\/wp\/v2\/product\/713476","targetHints":{"allow":["GET"]}}],"collection":[{"href":"https:\/\/roveyayinevi.com.tr\/index.php\/wp-json\/wp\/v2\/product"}],"about":[{"href":"https:\/\/roveyayinevi.com.tr\/index.php\/wp-json\/wp\/v2\/types\/product"}],"wp:attachment":[{"href":"https:\/\/roveyayinevi.com.tr\/index.php\/wp-json\/wp\/v2\/media?parent=713476"}],"wp:term":[{"taxonomy":"product_brand","embeddable":true,"href":"https:\/\/roveyayinevi.com.tr\/index.php\/wp-json\/wp\/v2\/product_brand?post=713476"},{"taxonomy":"product_cat","embeddable":true,"href":"https:\/\/roveyayinevi.com.tr\/index.php\/wp-json\/wp\/v2\/product_cat?post=713476"},{"taxonomy":"product_tag","embeddable":true,"href":"https:\/\/roveyayinevi.com.tr\/index.php\/wp-json\/wp\/v2\/product_tag?post=713476"}],"curies":[{"name":"wp","href":"https:\/\/api.w.org\/{rel}","templated":true}]}}