{"id":713474,"date":"2025-08-27T17:07:54","date_gmt":"2025-08-27T14:07:54","guid":{"rendered":"https:\/\/roveyayinevi.com.tr\/index.php\/urun\/madeni-eser-tipolojisi\/"},"modified":"2026-04-16T02:22:13","modified_gmt":"2026-04-15T23:22:13","slug":"madeni-eser-tipolojisi","status":"publish","type":"product","link":"https:\/\/roveyayinevi.com.tr\/index.php\/urun\/madeni-eser-tipolojisi\/","title":{"rendered":"Madeni Eser Tipolojisi"},"content":{"rendered":"<p>Tipoloji, arkeolojinin \u00f6nemli bir s\u0131n\u0131fland\u0131rma y\u00f6ntemi olarak ilk kez 19.y\u00fczy\u0131lda uygulanmaya ba\u015flam\u0131\u015ft\u0131r.K\u00fc\u00e7\u00fck buluntular\u0131n tasnifinde tipoloji s\u0131kl\u0131kla ba\u015fvurulan ve yaz\u0131 \u00f6ncesi d\u00f6nemlerde kronolojik ay\u0131r\u0131mlar\u0131 saptamaya yard\u0131mc\u0131 olan bir y\u00f6ntemdir.Bu kitap madeni eserlerin tipolojisi \u00fczerine \u00e7al\u0131\u015fma yapmak isteyenlere katk\u0131 sa\u011flamak \u00fczere haz\u0131rlanm\u0131\u015ft\u0131r.Kitap i\u00e7indeki madeni eserler Silahlar,S\u00fcs e\u015fyas\u0131 ve aletler olmak \u00fczere \u00fc\u00e7 ana ba\u015fl\u0131k alt\u0131nda toplanm\u0131\u015f,i\u015flevsel ve bi\u00e7imsel farl\u0131l\u0131klarla g\u00f6re alt ba\u015fl\u0131klar olu\u015fturulmu\u015ftur.Olu\u015fturulan tipoloji 69 resim ve 127 \u00e7izim ile okuyuca sunulmu\u015ftur.Kitapta her ne kadar kesin bir co\u011frafi ve kronolojik s\u0131n\u0131rlama \u00e7izilmememi\u015f olsa da ele al\u0131nnan malzemen\u0131n \u00e7o\u011fu Anadolu\u2019nun Demir \u00c7a\u011f\u0131\u2019na kadar g\u00f6r\u00fclen madeni eserlerini kapsamaktad\u0131r. <\/p>\n","protected":false},"excerpt":{"rendered":"<p>Tipoloji, arkeolojinin \u00f6nemli bir s\u0131n\u0131fland\u0131rma y\u00f6ntemi olarak ilk kez 19.y\u00fczy\u0131lda uygulanmaya ba\u015flam\u0131\u015ft\u0131r.K\u00fc\u00e7\u00fck buluntular\u0131n tasnifinde tipoloji s\u0131kl\u0131kla ba\u015fvurulan ve yaz\u0131 \u00f6ncesi d\u00f6nemlerde kronolojik ay\u0131r\u0131mlar\u0131 saptamaya yard\u0131mc\u0131 olan<span class=\"excerpt-hellip\"> [\u2026]<\/span><\/p>\n","protected":false},"featured_media":0,"template":"","meta":{"_monsterinsights_skip_tracking":false,"_monsterinsights_sitenote_active":false,"_monsterinsights_sitenote_note":"","_monsterinsights_sitenote_category":0},"product_brand":[],"product_cat":[52477,52478],"product_tag":[],"class_list":{"0":"post-713474","1":"product","2":"type-product","3":"status-publish","5":"product_cat-arastirma","6":"product_cat-arkeoloji","7":"pa_cilt-ciltsiz","8":"pa_tur-kitap","9":"pa_yayinevi-bilgin-kultur-sanat","10":"pa_yazar-halil-tekin","12":"first","13":"instock","14":"sale","15":"shipping-taxable","16":"purchasable","17":"product-type-simple"},"_links":{"self":[{"href":"https:\/\/roveyayinevi.com.tr\/index.php\/wp-json\/wp\/v2\/product\/713474","targetHints":{"allow":["GET"]}}],"collection":[{"href":"https:\/\/roveyayinevi.com.tr\/index.php\/wp-json\/wp\/v2\/product"}],"about":[{"href":"https:\/\/roveyayinevi.com.tr\/index.php\/wp-json\/wp\/v2\/types\/product"}],"wp:attachment":[{"href":"https:\/\/roveyayinevi.com.tr\/index.php\/wp-json\/wp\/v2\/media?parent=713474"}],"wp:term":[{"taxonomy":"product_brand","embeddable":true,"href":"https:\/\/roveyayinevi.com.tr\/index.php\/wp-json\/wp\/v2\/product_brand?post=713474"},{"taxonomy":"product_cat","embeddable":true,"href":"https:\/\/roveyayinevi.com.tr\/index.php\/wp-json\/wp\/v2\/product_cat?post=713474"},{"taxonomy":"product_tag","embeddable":true,"href":"https:\/\/roveyayinevi.com.tr\/index.php\/wp-json\/wp\/v2\/product_tag?post=713474"}],"curies":[{"name":"wp","href":"https:\/\/api.w.org\/{rel}","templated":true}]}}