{"id":713471,"date":"2025-08-27T17:07:52","date_gmt":"2025-08-27T14:07:52","guid":{"rendered":"https:\/\/roveyayinevi.com.tr\/index.php\/urun\/sus-delisi-super-cocuklar-4\/"},"modified":"2026-04-16T02:22:13","modified_gmt":"2026-04-15T23:22:13","slug":"sus-delisi-super-cocuklar-4","status":"publish","type":"product","link":"https:\/\/roveyayinevi.com.tr\/index.php\/urun\/sus-delisi-super-cocuklar-4\/","title":{"rendered":"S\u00fcs Delisi S\u00fcper \u00c7ocuklar &#8211; 4"},"content":{"rendered":"<p>Tatilde can\u0131 \u00e7ok s\u0131k\u0131lan Mete\u2019nin hayat\u0131 bir g\u00fcn h\u0131zla ge\u00e7ip giden arabadan d\u00fc\u015fen parlak bir bro\u015f ile hareketlenir! Bro\u015fun, gizemli araban\u0131n s\u0131rr\u0131n\u0131 \u00e7\u00f6zmek ve Gamze\u2019nin \u00fcnl\u00fc bir moda tasar\u0131mc\u0131s\u0131 olan halas\u0131n\u0131 bulmak i\u00e7in S\u00fcper \u00c7ocuklar kollar\u0131 s\u0131var. Renklere, kokulara ve seslere kar\u015f\u0131 hassas kahramanlar\u0131m\u0131z\u0131 yeni bir macera beklemektedir.Hayat\u0131n her alan\u0131nda, ba\u015fkalar\u0131n\u0131n tasar\u0131mlar\u0131n\u0131, d\u00fc\u015flerini, yarat\u0131c\u0131l\u0131klar\u0131n\u0131 sahiplenmek isteyenlerin \u00e7\u0131kabilece\u011fini an\u0131msatan S\u00fcper \u00c7ocuklar, S\u00fcs Delisi ile \u00f6zg\u00fcn olan\u0131n daima en \u00f6nde duraca\u011f\u0131n\u0131n alt\u0131n\u0131 \u00e7iziyor.Serinin \u00f6nceki halkalar\u0131ndan ba\u011f\u0131ms\u0131z olarak da okunabilen S\u00fcs Delisi, kendini ve s\u00fcper yetene\u011fini hen\u00fcz ke\u015ffedememi\u015f \u00e7ocuklara rehberlik ediyor. <\/p>\n","protected":false},"excerpt":{"rendered":"<p>Tatilde can\u0131 \u00e7ok s\u0131k\u0131lan Mete\u2019nin hayat\u0131 bir g\u00fcn h\u0131zla ge\u00e7ip giden arabadan d\u00fc\u015fen parlak bir bro\u015f ile hareketlenir! Bro\u015fun, gizemli araban\u0131n s\u0131rr\u0131n\u0131 \u00e7\u00f6zmek ve Gamze\u2019nin \u00fcnl\u00fc<span class=\"excerpt-hellip\"> [\u2026]<\/span><\/p>\n","protected":false},"featured_media":0,"template":"","meta":{"_monsterinsights_skip_tracking":false,"_monsterinsights_sitenote_active":false,"_monsterinsights_sitenote_note":"","_monsterinsights_sitenote_category":0},"product_brand":[],"product_cat":[12275,12274],"product_tag":[],"class_list":{"0":"post-713471","1":"product","2":"type-product","3":"status-publish","5":"product_cat-6-12-yas-kitaplari","6":"product_cat-cocuk-ve-genclik-kitaplari","7":"pa_cilt-ciltsiz","8":"pa_tur-kitap","9":"pa_yayinevi-tudem-yayinlari","10":"pa_yazar-aytul-akal","12":"first","13":"instock","14":"sale","15":"shipping-taxable","16":"purchasable","17":"product-type-simple"},"_links":{"self":[{"href":"https:\/\/roveyayinevi.com.tr\/index.php\/wp-json\/wp\/v2\/product\/713471","targetHints":{"allow":["GET"]}}],"collection":[{"href":"https:\/\/roveyayinevi.com.tr\/index.php\/wp-json\/wp\/v2\/product"}],"about":[{"href":"https:\/\/roveyayinevi.com.tr\/index.php\/wp-json\/wp\/v2\/types\/product"}],"wp:attachment":[{"href":"https:\/\/roveyayinevi.com.tr\/index.php\/wp-json\/wp\/v2\/media?parent=713471"}],"wp:term":[{"taxonomy":"product_brand","embeddable":true,"href":"https:\/\/roveyayinevi.com.tr\/index.php\/wp-json\/wp\/v2\/product_brand?post=713471"},{"taxonomy":"product_cat","embeddable":true,"href":"https:\/\/roveyayinevi.com.tr\/index.php\/wp-json\/wp\/v2\/product_cat?post=713471"},{"taxonomy":"product_tag","embeddable":true,"href":"https:\/\/roveyayinevi.com.tr\/index.php\/wp-json\/wp\/v2\/product_tag?post=713471"}],"curies":[{"name":"wp","href":"https:\/\/api.w.org\/{rel}","templated":true}]}}