{"id":713470,"date":"2025-08-27T17:07:51","date_gmt":"2025-08-27T14:07:51","guid":{"rendered":"https:\/\/roveyayinevi.com.tr\/index.php\/urun\/bismarck-hususi-ve-siyasi-hayati\/"},"modified":"2026-04-16T02:22:13","modified_gmt":"2026-04-15T23:22:13","slug":"bismarck-hususi-ve-siyasi-hayati","status":"publish","type":"product","link":"https:\/\/roveyayinevi.com.tr\/index.php\/urun\/bismarck-hususi-ve-siyasi-hayati\/","title":{"rendered":"Bismarck Hususi ve Siyasi Hayat\u0131"},"content":{"rendered":"<p>Modern uluslararas\u0131 ili\u015fkilerin tarihi genellikle, Otuz Y\u0131l Sava\u015flar\u0131&#8217;n\u0131 bitiren Westfalia Antla\u015fmas\u0131&#8217;na (1648) kadar uzat\u0131l\u0131r. Avrupa&#8217;n\u0131n ulusla\u015fmas\u0131 s\u00fcreci diyebilece\u011fimiz bu yo\u011fun d\u00f6nemin nihayetinde Kont Cavour&#8217;un \u0130talya&#8217;da elde etti\u011fi ba\u015far\u0131y\u0131 Almanya&#8217;da tekrarlayan ise Prens Bismarck olmu\u015ftur. Her ikisi de \u00fclkelerindeki \u015fehir devletleri ve feodal h\u00fck\u00fcmdarl\u0131klar aras\u0131ndaki sonu gelmez kavgalar\u0131, d\u0131\u015f politikada elde ettikleri ba\u015far\u0131lar\u0131n sa\u011flad\u0131\u011f\u0131 karizma ile sona erdirmi\u015f ve mill\u00ee birliklerinin mimar\u0131 olmu\u015flard\u0131r. Adeta bir kuyumcu titizli\u011fi ile haz\u0131rlad\u0131\u011f\u0131 \u015fartlar, Avrupa devletler dengesini Prusya&#8217;n\u0131n lehine \u00e7evirdi\u011finde harekete ge\u00e7en Bismarck, Alman birli\u011finin \u00f6n\u00fcndeki en b\u00fcy\u00fck iki engeli Sadowa (1866-Avusturya) ve Sedan (1870-Fransa) zaferleri ile a\u015ft\u0131ktan sonra i\u00e7 politik sorunlar, g\u00fcne\u015f g\u00f6rm\u00fc\u015f kar gibi erimi\u015ftir. Prusya Kral\u0131 I. Wilhelm \u0130mparatorluk tac\u0131n\u0131 takarken, tarih Alman \u0131rk\u0131n\u0131n Bismarck&#8217;\u0131n omuzlar\u0131nda y\u00fckseli\u015fine \u015fahitlik etmi\u015ftir. Ger\u00e7ekten de, \u00f6ld\u00fc\u011f\u00fcnde Times gazetesinin yazd\u0131\u011f\u0131 gibi, \u201cBirinci Napolyon&#8217;un Saint Helen Adas\u0131&#8217;nda vef\u00e2t etti\u011fi zamandan beri siyaset \u00e2leminde cumartesi g\u00fcn\u00fc Friedrichsruh&#8217;da hayat\u0131n\u0131n say\u0131l\u0131 nefeslerini tamamlam\u0131\u015f olan Bismarck kadar b\u00fcy\u00fck bir adam vef\u00e2t etmemi\u015ftir.\u201d 19. asr\u0131n ikinci yar\u0131s\u0131na siyas\u00ee dehas\u0131yla damga vuran Bismarck&#8217;\u0131n, \u00f6l\u00fcm\u00fcn\u00fcn hemen ard\u0131ndan kaleme al\u0131nan elimizdeki biyografi, tarihte oynad\u0131\u011f\u0131 rol\u00fcn \u00fclkemizde de takdir g\u00f6rd\u00fc\u011f\u00fcn\u00fcn en m\u00fchim delilidir. \ufffcTan\u0131t\u0131m Metni<\/p>\n","protected":false},"excerpt":{"rendered":"<p>Modern uluslararas\u0131 ili\u015fkilerin tarihi genellikle, Otuz Y\u0131l Sava\u015flar\u0131&#8217;n\u0131 bitiren Westfalia Antla\u015fmas\u0131&#8217;na (1648) kadar uzat\u0131l\u0131r. Avrupa&#8217;n\u0131n ulusla\u015fmas\u0131 s\u00fcreci diyebilece\u011fimiz bu yo\u011fun d\u00f6nemin nihayetinde Kont Cavour&#8217;un \u0130talya&#8217;da elde<span class=\"excerpt-hellip\"> [\u2026]<\/span><\/p>\n","protected":false},"featured_media":0,"template":"","meta":{"_monsterinsights_skip_tracking":false,"_monsterinsights_sitenote_active":false,"_monsterinsights_sitenote_note":"","_monsterinsights_sitenote_category":0},"product_brand":[],"product_cat":[13946,12304],"product_tag":[],"class_list":{"0":"post-713470","1":"product","2":"type-product","3":"status-publish","5":"product_cat-biyografi-otobiyografi","6":"product_cat-tarih","7":"pa_cilt-ciltsiz","8":"pa_tur-kitap","9":"pa_yayinevi-otuken-nesriyat","10":"pa_yazar-ali-resad-bey-ismail-hakki","12":"first","13":"instock","14":"sale","15":"shipping-taxable","16":"purchasable","17":"product-type-simple"},"_links":{"self":[{"href":"https:\/\/roveyayinevi.com.tr\/index.php\/wp-json\/wp\/v2\/product\/713470","targetHints":{"allow":["GET"]}}],"collection":[{"href":"https:\/\/roveyayinevi.com.tr\/index.php\/wp-json\/wp\/v2\/product"}],"about":[{"href":"https:\/\/roveyayinevi.com.tr\/index.php\/wp-json\/wp\/v2\/types\/product"}],"wp:attachment":[{"href":"https:\/\/roveyayinevi.com.tr\/index.php\/wp-json\/wp\/v2\/media?parent=713470"}],"wp:term":[{"taxonomy":"product_brand","embeddable":true,"href":"https:\/\/roveyayinevi.com.tr\/index.php\/wp-json\/wp\/v2\/product_brand?post=713470"},{"taxonomy":"product_cat","embeddable":true,"href":"https:\/\/roveyayinevi.com.tr\/index.php\/wp-json\/wp\/v2\/product_cat?post=713470"},{"taxonomy":"product_tag","embeddable":true,"href":"https:\/\/roveyayinevi.com.tr\/index.php\/wp-json\/wp\/v2\/product_tag?post=713470"}],"curies":[{"name":"wp","href":"https:\/\/api.w.org\/{rel}","templated":true}]}}