{"id":713468,"date":"2025-08-27T17:07:50","date_gmt":"2025-08-27T14:07:50","guid":{"rendered":"https:\/\/roveyayinevi.com.tr\/index.php\/urun\/kumarbaz-7\/"},"modified":"2026-04-16T02:22:13","modified_gmt":"2026-04-15T23:22:13","slug":"kumarbaz-7","status":"publish","type":"product","link":"https:\/\/roveyayinevi.com.tr\/index.php\/urun\/kumarbaz-7\/","title":{"rendered":"Kumarbaz"},"content":{"rendered":"<p>\u201c\u015eu s\u0131rada neyim ben? Koskoca bir s\u0131f\u0131r. Yar\u0131n ne olabilirim? Hi\u00e7. Yar\u0131n \u00f6l\u00fcr, yeniden dirilerek yeni bir hayata ba\u015flayabilirim!.. \u0130\u00e7imdeki insan\u0131 iyice mahvolmadan kurtaraca\u011f\u0131m.\u201d Kumar bir riskti ve Aleksey\u0130vanovi\u00e7 bu riski almaya haz\u0131rd\u0131. \u0130yi de bir g\u00f6zlemciydi hem. Ortadaki 12 kazand\u0131ktan sonra sondaki 12\u2019nin kazand\u0131\u011f\u0131n\u0131 ke\u015ffetmi\u015fti. Sondaki 12 numaradan sonra ise s\u0131ra ortadaki 12\u2019ye geliyordu. Yakla\u015f\u0131k iki saat s\u00fcren bu d\u00f6ng\u00fcde kazanabildi\u011fi kadar\u0131n\u0131 kazanmak istiyordu. Ancak yine de s\u00f6z konusu olan kumard\u0131. Kaybetmek her zaman ihtimaldi! Dostoyevski, d\u00f6nemin \u00e7arp\u0131kl\u0131\u011f\u0131n\u0131, s\u0131n\u0131f farkl\u0131l\u0131\u011f\u0131n\u0131n keskinli\u011fini, bir adam\u0131n a\u015fk\u0131 ve kumar tutkusunu ger\u00e7ek\u00e7i ve etkileyici bir dille Kumarbaz\u2019da ortaya koymu\u015ftur. Roulettenburg\u2019da ge\u00e7en bu hik\u00e2yenin yakla\u015f\u0131k \u00fc\u00e7 haftada yaz\u0131ld\u0131\u011f\u0131 s\u00f6ylense de buna inanmak \u00e7ok g\u00fc\u00e7. <\/p>\n","protected":false},"excerpt":{"rendered":"<p>\u201c\u015eu s\u0131rada neyim ben? Koskoca bir s\u0131f\u0131r. Yar\u0131n ne olabilirim? Hi\u00e7. Yar\u0131n \u00f6l\u00fcr, yeniden dirilerek yeni bir hayata ba\u015flayabilirim!.. \u0130\u00e7imdeki insan\u0131 iyice mahvolmadan kurtaraca\u011f\u0131m.\u201d Kumar bir<span class=\"excerpt-hellip\"> [\u2026]<\/span><\/p>\n","protected":false},"featured_media":0,"template":"","meta":{"_monsterinsights_skip_tracking":false,"_monsterinsights_sitenote_active":false,"_monsterinsights_sitenote_note":"","_monsterinsights_sitenote_category":0},"product_brand":[],"product_cat":[12291,12711],"product_tag":[],"class_list":{"0":"post-713468","1":"product","2":"type-product","3":"status-publish","5":"product_cat-edebiyat","6":"product_cat-roman-oyku","7":"pa_cilt-ciltsiz","8":"pa_tur-kitap","9":"pa_yayinevi-dokuz-yayinlari","10":"pa_yazar-fyodor-mihaylovic-dostoyevski","12":"first","13":"instock","14":"sale","15":"shipping-taxable","16":"purchasable","17":"product-type-simple"},"_links":{"self":[{"href":"https:\/\/roveyayinevi.com.tr\/index.php\/wp-json\/wp\/v2\/product\/713468","targetHints":{"allow":["GET"]}}],"collection":[{"href":"https:\/\/roveyayinevi.com.tr\/index.php\/wp-json\/wp\/v2\/product"}],"about":[{"href":"https:\/\/roveyayinevi.com.tr\/index.php\/wp-json\/wp\/v2\/types\/product"}],"wp:attachment":[{"href":"https:\/\/roveyayinevi.com.tr\/index.php\/wp-json\/wp\/v2\/media?parent=713468"}],"wp:term":[{"taxonomy":"product_brand","embeddable":true,"href":"https:\/\/roveyayinevi.com.tr\/index.php\/wp-json\/wp\/v2\/product_brand?post=713468"},{"taxonomy":"product_cat","embeddable":true,"href":"https:\/\/roveyayinevi.com.tr\/index.php\/wp-json\/wp\/v2\/product_cat?post=713468"},{"taxonomy":"product_tag","embeddable":true,"href":"https:\/\/roveyayinevi.com.tr\/index.php\/wp-json\/wp\/v2\/product_tag?post=713468"}],"curies":[{"name":"wp","href":"https:\/\/api.w.org\/{rel}","templated":true}]}}