{"id":713465,"date":"2025-08-27T17:07:49","date_gmt":"2025-08-27T14:07:49","guid":{"rendered":"https:\/\/roveyayinevi.com.tr\/index.php\/urun\/bilim-ve-insan-sahsiyetimi-insa-edenler\/"},"modified":"2026-04-16T02:21:50","modified_gmt":"2026-04-15T23:21:50","slug":"bilim-ve-insan-sahsiyetimi-insa-edenler","status":"publish","type":"product","link":"https:\/\/roveyayinevi.com.tr\/index.php\/urun\/bilim-ve-insan-sahsiyetimi-insa-edenler\/","title":{"rendered":"Bilim Ve \u0130nsan &#8211; \u015eahsiyetimi \u0130n\u015fa Edenler"},"content":{"rendered":"<p>\u0130\u00c7\u0130NDEK\u0130LER \u00d6NS\u00d6Z B\u0130Z\u0130M \u0130LK \u00dcN\u0130VERS\u0130TEM\u0130Z: M.V LOMONOSOV HEK\u0130ML\u0130KTEN S\u00d6ZL\u00dcK\u00c7\u00dcL\u00dc\u011eE UZANAN B\u0130R YA\u015eAM: VLAD\u0130M\u0130R DAL RUS TAR\u0130H FELSEFES\u0130NDE K.S AKSAKOV D\u0130L VE D\u00dc\u015e\u00dcNCE: A.A POTEBNYA M\u0130LL\u0130 K\u00dcLT\u00dcR\u00dcN KAHRAMANI \u00c7OKAN VAL\u0130HANOV ABAY: ADIMI &#8216;\u0130NSAN&#8217; KOYMU\u015eLAR NASIL CAH\u0130L OLAYIM? RUS YAZAR VE D\u00dc\u015e\u00dcN\u00dcR VAS\u0130L\u0130 ROZANOV A.A \u015eAHMATOV: D\u0130L TAR\u0130H\u0130- M\u0130LLET TAR\u0130H\u0130 KAZAK&#8217;IN \u0130RGE TA\u015eI, ALA\u015e&#8217;IN SES\u0130: AHMET BAYTURSINULI S\u00d6Z M\u0130RASININ KORUYUCUSU: D.N. U\u015eAKOV K\u00dcLT\u00dcREL M\u0130RASI KORUMA BA\u011eLAMINDA RER\u0130H (ROER\u0130CH) PAKTI GUSTAV GUSTAVOV\u0130\u00c7 \u015ePET: YA\u015eAMI VE FELSEFES\u0130 B\u0130L\u0130M \u0130NSANI OLMAK: SOKOLOV KARDE\u015eLER SON RUS F\u0130LOZOF: ALEKSEY LOSEV &#8216;ETNOLOJ\u0130, TAR\u0130H, D\u0130L&#8217; B\u00dcT\u00dcNL\u00dc\u011e\u00dc BA\u011eLAMINDA B.A. LAR\u0130N XX. YY. RUS D\u0130LB\u0130L\u0130M\u0130NDE TEK K\u0130\u015e\u0130L\u0130K B\u0130R ENST\u0130T\u00dc: V.V. V\u0130NOGRADOV B\u0130L\u0130M AHL\u00c2KI VE N.A. BERN\u015eTEYN ROMAN G\u0130B\u0130 HAYAT: ROMAN YAKOBSON VE B\u0130L\u0130MSEL M\u0130RASI HAYATINI HAZAR TAR\u0130H\u0130NE ADAMI\u015e B\u0130R B\u0130L\u0130M \u0130NSANI: M.\u0130. ARTAMONOV EDEB\u0130YAT B\u0130L\u0130M\u0130NDE B\u00dcT\u00dcNSEL S\u0130STEM\u0130N KURUCUSU OLARAK GENNAD\u0130Y POSPELOV \u0130L\u0130MLE HAYATA TUTUNAN D.S. L\u0130HA\u00c7EV S\u0130B\u0130RYA-ALTAY ARKEOLOJ\u0130S\u0130 VE A.P. OKLADN\u0130KOV YERADB\u0130L\u0130M VE E.M. MURZAYEV EKOL\u00dc B\u0130R F\u0130K\u0130R M\u0130MARI: YUR\u0130 LOTMAN B\u0130L\u0130M VE \u0130NSAN: V.G. MARANTSMAN KAYBOLAN M\u0130LLET\u0130N SES\u0130: MURAD ADJ\u0130 <\/p>\n","protected":false},"excerpt":{"rendered":"<p>\u0130\u00c7\u0130NDEK\u0130LER \u00d6NS\u00d6Z B\u0130Z\u0130M \u0130LK \u00dcN\u0130VERS\u0130TEM\u0130Z: M.V LOMONOSOV HEK\u0130ML\u0130KTEN S\u00d6ZL\u00dcK\u00c7\u00dcL\u00dc\u011eE UZANAN B\u0130R YA\u015eAM: VLAD\u0130M\u0130R DAL RUS TAR\u0130H FELSEFES\u0130NDE K.S AKSAKOV D\u0130L VE D\u00dc\u015e\u00dcNCE: A.A POTEBNYA M\u0130LL\u0130 K\u00dcLT\u00dcR\u00dcN<span class=\"excerpt-hellip\"> [\u2026]<\/span><\/p>\n","protected":false},"featured_media":0,"template":"","meta":{"_monsterinsights_skip_tracking":false,"_monsterinsights_sitenote_active":false,"_monsterinsights_sitenote_note":"","_monsterinsights_sitenote_category":0},"product_brand":[],"product_cat":[12573,12566],"product_tag":[],"class_list":{"0":"post-713465","1":"product","2":"type-product","3":"status-publish","5":"product_cat-akademik-kitaplar","6":"product_cat-egitim","7":"pa_cilt-ciltsiz","8":"pa_tur-kitap","9":"pa_yayinevi-gazi-kitabevi","10":"pa_yazar-kollektif","12":"first","13":"instock","14":"sale","15":"shipping-taxable","16":"purchasable","17":"product-type-simple"},"_links":{"self":[{"href":"https:\/\/roveyayinevi.com.tr\/index.php\/wp-json\/wp\/v2\/product\/713465","targetHints":{"allow":["GET"]}}],"collection":[{"href":"https:\/\/roveyayinevi.com.tr\/index.php\/wp-json\/wp\/v2\/product"}],"about":[{"href":"https:\/\/roveyayinevi.com.tr\/index.php\/wp-json\/wp\/v2\/types\/product"}],"wp:attachment":[{"href":"https:\/\/roveyayinevi.com.tr\/index.php\/wp-json\/wp\/v2\/media?parent=713465"}],"wp:term":[{"taxonomy":"product_brand","embeddable":true,"href":"https:\/\/roveyayinevi.com.tr\/index.php\/wp-json\/wp\/v2\/product_brand?post=713465"},{"taxonomy":"product_cat","embeddable":true,"href":"https:\/\/roveyayinevi.com.tr\/index.php\/wp-json\/wp\/v2\/product_cat?post=713465"},{"taxonomy":"product_tag","embeddable":true,"href":"https:\/\/roveyayinevi.com.tr\/index.php\/wp-json\/wp\/v2\/product_tag?post=713465"}],"curies":[{"name":"wp","href":"https:\/\/api.w.org\/{rel}","templated":true}]}}