{"id":713464,"date":"2025-08-27T17:07:48","date_gmt":"2025-08-27T14:07:48","guid":{"rendered":"https:\/\/roveyayinevi.com.tr\/index.php\/urun\/tom-sawyerin-maceralari-cep-boy\/"},"modified":"2026-04-16T02:21:50","modified_gmt":"2026-04-15T23:21:50","slug":"tom-sawyerin-maceralari-cep-boy","status":"publish","type":"product","link":"https:\/\/roveyayinevi.com.tr\/index.php\/urun\/tom-sawyerin-maceralari-cep-boy\/","title":{"rendered":"Tom Sawyer&#8217;\u0131n Maceralar\u0131 (Cep Boy)"},"content":{"rendered":"<p>\u2018Huck Finn ile Tom Sawyer, bu s\u0131rr\u0131 saklayacaklar\u0131na yemin ettiler. S\u0131rr\u0131 a\u00e7\u0131\u011fa vurmaktansa \u00f6l\u00fcm\u00fc g\u00f6ze alacaklard\u0131&#8230;\u2019 <\/p>\n","protected":false},"excerpt":{"rendered":"<p>\u2018Huck Finn ile Tom Sawyer, bu s\u0131rr\u0131 saklayacaklar\u0131na yemin ettiler. S\u0131rr\u0131 a\u00e7\u0131\u011fa vurmaktansa \u00f6l\u00fcm\u00fc g\u00f6ze alacaklard\u0131&#8230;\u2019<\/p>\n","protected":false},"featured_media":0,"template":"","meta":{"_monsterinsights_skip_tracking":false,"_monsterinsights_sitenote_active":false,"_monsterinsights_sitenote_note":"","_monsterinsights_sitenote_category":0},"product_brand":[],"product_cat":[12275,12274],"product_tag":[],"class_list":{"0":"post-713464","1":"product","2":"type-product","3":"status-publish","5":"product_cat-6-12-yas-kitaplari","6":"product_cat-cocuk-ve-genclik-kitaplari","7":"pa_cilt-ciltsiz","8":"pa_tur-kitap","9":"pa_yayinevi-remzi-kitabevi","10":"pa_yazar-mark-twain","12":"first","13":"instock","14":"sale","15":"shipping-taxable","16":"purchasable","17":"product-type-simple"},"_links":{"self":[{"href":"https:\/\/roveyayinevi.com.tr\/index.php\/wp-json\/wp\/v2\/product\/713464","targetHints":{"allow":["GET"]}}],"collection":[{"href":"https:\/\/roveyayinevi.com.tr\/index.php\/wp-json\/wp\/v2\/product"}],"about":[{"href":"https:\/\/roveyayinevi.com.tr\/index.php\/wp-json\/wp\/v2\/types\/product"}],"wp:attachment":[{"href":"https:\/\/roveyayinevi.com.tr\/index.php\/wp-json\/wp\/v2\/media?parent=713464"}],"wp:term":[{"taxonomy":"product_brand","embeddable":true,"href":"https:\/\/roveyayinevi.com.tr\/index.php\/wp-json\/wp\/v2\/product_brand?post=713464"},{"taxonomy":"product_cat","embeddable":true,"href":"https:\/\/roveyayinevi.com.tr\/index.php\/wp-json\/wp\/v2\/product_cat?post=713464"},{"taxonomy":"product_tag","embeddable":true,"href":"https:\/\/roveyayinevi.com.tr\/index.php\/wp-json\/wp\/v2\/product_tag?post=713464"}],"curies":[{"name":"wp","href":"https:\/\/api.w.org\/{rel}","templated":true}]}}