{"id":713463,"date":"2025-08-27T17:07:48","date_gmt":"2025-08-27T14:07:48","guid":{"rendered":"https:\/\/roveyayinevi.com.tr\/index.php\/urun\/kendimi-okuyorum\/"},"modified":"2026-04-16T02:21:50","modified_gmt":"2026-04-15T23:21:50","slug":"kendimi-okuyorum","status":"publish","type":"product","link":"https:\/\/roveyayinevi.com.tr\/index.php\/urun\/kendimi-okuyorum\/","title":{"rendered":"Kendimi Okuyorum"},"content":{"rendered":"<p>Yapmak istediklerimizi yapabilmek, yapmak istemediklerimizi yapmamak g\u00fc\u00e7 ile olur. \u0130nsan varl\u0131k i\u00e7inde en g\u00fc\u00e7l\u00fc olarak yarat\u0131lm\u0131\u015ft\u0131r. Ger\u00e7ek bu iken zaman zaman hayat i\u00e7inde kendimizi g\u00fc\u00e7s\u00fcz ve \u00e7aresiz hissetti\u011fimiz anlar olur. Oysa \u0131\u015f\u0131k h\u0131z\u0131n\u0131n s\u00fcratini bulan da 980 metre y\u00fckseklikte g\u00f6kdelen yapan da yerin derinliklerini ve uzay\u0131n gizemli s\u0131rlar\u0131n\u0131 ke\u015ffeden de insand\u0131r. \ufffcTan\u0131t\u0131m Metni<\/p>\n","protected":false},"excerpt":{"rendered":"<p>Yapmak istediklerimizi yapabilmek, yapmak istemediklerimizi yapmamak g\u00fc\u00e7 ile olur. \u0130nsan varl\u0131k i\u00e7inde en g\u00fc\u00e7l\u00fc olarak yarat\u0131lm\u0131\u015ft\u0131r. Ger\u00e7ek bu iken zaman zaman hayat i\u00e7inde kendimizi g\u00fc\u00e7s\u00fcz ve<span class=\"excerpt-hellip\"> [\u2026]<\/span><\/p>\n","protected":false},"featured_media":0,"template":"","meta":{"_monsterinsights_skip_tracking":false,"_monsterinsights_sitenote_active":false,"_monsterinsights_sitenote_note":"","_monsterinsights_sitenote_category":0},"product_brand":[],"product_cat":[12358,12357],"product_tag":[],"class_list":{"0":"post-713463","1":"product","2":"type-product","3":"status-publish","5":"product_cat-genel-psikoloji","6":"product_cat-psikoloji","7":"pa_cilt-ciltsiz","8":"pa_tur-kitap","9":"pa_yayinevi-yade-yayinlari","10":"pa_yazar-deniz-tonga","12":"first","13":"instock","14":"sale","15":"shipping-taxable","16":"purchasable","17":"product-type-simple"},"_links":{"self":[{"href":"https:\/\/roveyayinevi.com.tr\/index.php\/wp-json\/wp\/v2\/product\/713463","targetHints":{"allow":["GET"]}}],"collection":[{"href":"https:\/\/roveyayinevi.com.tr\/index.php\/wp-json\/wp\/v2\/product"}],"about":[{"href":"https:\/\/roveyayinevi.com.tr\/index.php\/wp-json\/wp\/v2\/types\/product"}],"wp:attachment":[{"href":"https:\/\/roveyayinevi.com.tr\/index.php\/wp-json\/wp\/v2\/media?parent=713463"}],"wp:term":[{"taxonomy":"product_brand","embeddable":true,"href":"https:\/\/roveyayinevi.com.tr\/index.php\/wp-json\/wp\/v2\/product_brand?post=713463"},{"taxonomy":"product_cat","embeddable":true,"href":"https:\/\/roveyayinevi.com.tr\/index.php\/wp-json\/wp\/v2\/product_cat?post=713463"},{"taxonomy":"product_tag","embeddable":true,"href":"https:\/\/roveyayinevi.com.tr\/index.php\/wp-json\/wp\/v2\/product_tag?post=713463"}],"curies":[{"name":"wp","href":"https:\/\/api.w.org\/{rel}","templated":true}]}}