{"id":713461,"date":"2025-08-27T17:07:46","date_gmt":"2025-08-27T14:07:46","guid":{"rendered":"https:\/\/roveyayinevi.com.tr\/index.php\/urun\/alternatif-egitim-bahar-2018-nitelikli-okullar-7-sayi\/"},"modified":"2026-04-16T02:21:50","modified_gmt":"2026-04-15T23:21:50","slug":"alternatif-egitim-bahar-2018-nitelikli-okullar-7-sayi","status":"publish","type":"product","link":"https:\/\/roveyayinevi.com.tr\/index.php\/urun\/alternatif-egitim-bahar-2018-nitelikli-okullar-7-sayi\/","title":{"rendered":"Alternatif E\u011fitim Bahar 2018 &#8211; Nitelikli Okullar 7.SAYI"},"content":{"rendered":"<p>Bir\u00e7ok ebeveynin \u00e7ocular\u0131ndan beklentileri aras\u0131nda iyi bir okul kazanarak iyi bir meslek sahibi olmas\u0131 d\u00fc\u015f\u00fcncesi bulunmaktad\u0131r. \ufffcTan\u0131t\u0131m Metni<\/p>\n","protected":false},"excerpt":{"rendered":"<p>Bir\u00e7ok ebeveynin \u00e7ocular\u0131ndan beklentileri aras\u0131nda iyi bir okul kazanarak iyi bir meslek sahibi olmas\u0131 d\u00fc\u015f\u00fcncesi bulunmaktad\u0131r. \ufffcTan\u0131t\u0131m Metni<\/p>\n","protected":false},"featured_media":0,"template":"","meta":{"_monsterinsights_skip_tracking":false,"_monsterinsights_sitenote_active":false,"_monsterinsights_sitenote_note":"","_monsterinsights_sitenote_category":0},"product_brand":[],"product_cat":[13527],"product_tag":[],"class_list":{"0":"post-713461","1":"product","2":"type-product","3":"status-publish","5":"product_cat-sureli-yayinlar","6":"pa_cilt-ciltsiz","7":"pa_tur-dergi","8":"pa_yayinevi-yeni-insan-yayinlari","9":"pa_yazar-kollektif","11":"first","12":"instock","13":"sale","14":"shipping-taxable","15":"purchasable","16":"product-type-simple"},"_links":{"self":[{"href":"https:\/\/roveyayinevi.com.tr\/index.php\/wp-json\/wp\/v2\/product\/713461","targetHints":{"allow":["GET"]}}],"collection":[{"href":"https:\/\/roveyayinevi.com.tr\/index.php\/wp-json\/wp\/v2\/product"}],"about":[{"href":"https:\/\/roveyayinevi.com.tr\/index.php\/wp-json\/wp\/v2\/types\/product"}],"wp:attachment":[{"href":"https:\/\/roveyayinevi.com.tr\/index.php\/wp-json\/wp\/v2\/media?parent=713461"}],"wp:term":[{"taxonomy":"product_brand","embeddable":true,"href":"https:\/\/roveyayinevi.com.tr\/index.php\/wp-json\/wp\/v2\/product_brand?post=713461"},{"taxonomy":"product_cat","embeddable":true,"href":"https:\/\/roveyayinevi.com.tr\/index.php\/wp-json\/wp\/v2\/product_cat?post=713461"},{"taxonomy":"product_tag","embeddable":true,"href":"https:\/\/roveyayinevi.com.tr\/index.php\/wp-json\/wp\/v2\/product_tag?post=713461"}],"curies":[{"name":"wp","href":"https:\/\/api.w.org\/{rel}","templated":true}]}}