{"id":713460,"date":"2025-08-27T17:07:46","date_gmt":"2025-08-27T14:07:46","guid":{"rendered":"https:\/\/roveyayinevi.com.tr\/index.php\/urun\/sevimli-sudoku\/"},"modified":"2026-04-16T02:21:50","modified_gmt":"2026-04-15T23:21:50","slug":"sevimli-sudoku","status":"publish","type":"product","link":"https:\/\/roveyayinevi.com.tr\/index.php\/urun\/sevimli-sudoku\/","title":{"rendered":"Sevimli Sudoku"},"content":{"rendered":"<p>B\u0130RLEBLEB\u0130\u015eEKER\u0130 H\u0130KAYES\u0130Birleblebi\u015eekeri, iki k\u0131z karde\u015fin e\u011fitime olan inanc\u0131 ile ortaya \u00e7\u0131kar. Bu iki k\u0131z karde\u015f \u00f6\u011fretmen olma iste\u011fi ile ODT\u00dc Fen Bilgisi \u00d6\u011fretmenli\u011finden birer y\u0131l ara ile mezun olurlar. G\u00f6n\u00fcllerine e\u011fitim sevgisinin, zihinlerine bilim merak\u0131n\u0131n tohumlar\u0131 ODT\u00dc\u2019 de at\u0131l\u0131r. \u00dclkemizin b\u00fcy\u00fck ve kurumsal kolejlerinde \u00f6\u011frencilerle bulu\u015fan karde\u015fler fen ve matematik e\u011fitimini \u00e7ocuklara sevdirebilmek ve onlar\u0131n anlamalar\u0131n\u0131 kolayla\u015ft\u0131rabilmek i\u00e7in \u00f6\u011frencileriyle birlikte bir\u00e7ok projeler y\u00fcr\u00fct\u00fcrler. Ulusal ve uluslararas\u0131 projelerle okullar\u0131nda yeniliklere \u00f6nderlik ederler. Uzun s\u00fcren kolej ya\u015famlar\u0131ndan sonra \u00d6zlem \u00f6\u011fretmen Kaliforniya, Monterey Peninsula College \u00dcniversitesinde \u00c7ocuk Geli\u015fimi Uzmanl\u0131\u011f\u0131 e\u011fitimini \u00fcst\u00fcn ba\u015far\u0131 (High Honors) derecesi ile tamamlayarak \u00c7OCUK GEL\u0130\u015e\u0130M\u0130 UZMANI olarak mezun olur. \u00d6znur \u00d6\u011fretmen ise Eski\u015fehir\u2019 de Anadolu \u00dcniversitesi, E\u011fitimde Yarat\u0131c\u0131 Drama Ana Bilim Dal\u0131nda y\u00fcksek lisans\u0131n\u0131 tamamlar ve B\u0130L\u0130M UZMANI \u00fcnvan\u0131n\u0131 al\u0131r. \u00c7al\u0131\u015fmalar\u0131na kitap yaz\u0131m\u0131 ile devam eden karde\u015flerin FEN MUTFA\u011eI\u2019 isimli kitaplar\u0131 2010 y\u0131l\u0131nda yay\u0131nlan\u0131r.\u201cB\u0130L\u0130M MERAKI OYUNLA BA\u015eLAR\u201d slogan\u0131 ile hayaller, Birleblebi\u015eekeri Kre\u015fi ile ger\u00e7e\u011fe d\u00f6n\u00fc\u015f\u00fcr. \u0130lk \u00f6\u011frencilerinin kre\u015fe ba\u015flamalar\u0131 ile beraber Birleblebi\u015fekeri minik y\u00fcreklerle bulu\u015fur ve B\u0130L\u0130M\u2019e do\u011fru uzun ve heyecanl\u0131 bir yolculuk ba\u015flar\u2026 <\/p>\n","protected":false},"excerpt":{"rendered":"<p>B\u0130RLEBLEB\u0130\u015eEKER\u0130 H\u0130KAYES\u0130Birleblebi\u015eekeri, iki k\u0131z karde\u015fin e\u011fitime olan inanc\u0131 ile ortaya \u00e7\u0131kar. Bu iki k\u0131z karde\u015f \u00f6\u011fretmen olma iste\u011fi ile ODT\u00dc Fen Bilgisi \u00d6\u011fretmenli\u011finden birer y\u0131l ara<span class=\"excerpt-hellip\"> [\u2026]<\/span><\/p>\n","protected":false},"featured_media":0,"template":"","meta":{"_monsterinsights_skip_tracking":false,"_monsterinsights_sitenote_active":false,"_monsterinsights_sitenote_note":"","_monsterinsights_sitenote_category":0},"product_brand":[],"product_cat":[12913,12274],"product_tag":[],"class_list":{"0":"post-713460","1":"product","2":"type-product","3":"status-publish","5":"product_cat-3-6-yas-kitaplari","6":"product_cat-cocuk-ve-genclik-kitaplari","7":"pa_cilt-ciltsiz","8":"pa_tur-kitap","9":"pa_yayinevi-kozmostar","10":"pa_yazar-birleblebisekeri","12":"first","13":"instock","14":"sale","15":"shipping-taxable","16":"purchasable","17":"product-type-simple"},"_links":{"self":[{"href":"https:\/\/roveyayinevi.com.tr\/index.php\/wp-json\/wp\/v2\/product\/713460","targetHints":{"allow":["GET"]}}],"collection":[{"href":"https:\/\/roveyayinevi.com.tr\/index.php\/wp-json\/wp\/v2\/product"}],"about":[{"href":"https:\/\/roveyayinevi.com.tr\/index.php\/wp-json\/wp\/v2\/types\/product"}],"wp:attachment":[{"href":"https:\/\/roveyayinevi.com.tr\/index.php\/wp-json\/wp\/v2\/media?parent=713460"}],"wp:term":[{"taxonomy":"product_brand","embeddable":true,"href":"https:\/\/roveyayinevi.com.tr\/index.php\/wp-json\/wp\/v2\/product_brand?post=713460"},{"taxonomy":"product_cat","embeddable":true,"href":"https:\/\/roveyayinevi.com.tr\/index.php\/wp-json\/wp\/v2\/product_cat?post=713460"},{"taxonomy":"product_tag","embeddable":true,"href":"https:\/\/roveyayinevi.com.tr\/index.php\/wp-json\/wp\/v2\/product_tag?post=713460"}],"curies":[{"name":"wp","href":"https:\/\/api.w.org\/{rel}","templated":true}]}}