{"id":713459,"date":"2025-08-27T17:07:45","date_gmt":"2025-08-27T14:07:45","guid":{"rendered":"https:\/\/roveyayinevi.com.tr\/index.php\/urun\/kulturel-istihbarat\/"},"modified":"2026-04-16T02:21:50","modified_gmt":"2026-04-15T23:21:50","slug":"kulturel-istihbarat","status":"publish","type":"product","link":"https:\/\/roveyayinevi.com.tr\/index.php\/urun\/kulturel-istihbarat\/","title":{"rendered":"K\u00fclt\u00fcrel \u0130stihbarat"},"content":{"rendered":"<p>G\u00fcn\u00fcm\u00fczdeki \u00e7at\u0131\u015fma ortamlar\u0131 bir \u00f6nceki y\u00fczy\u0131la oranla daha karma\u015f\u0131k ve daha de\u011fi\u015fken bir durumdad\u0131r. Devletlerin yan\u0131 s\u0131ra asimetrik tehdit olarak g\u00f6r\u00fclen devlet d\u0131\u015f\u0131 akt\u00f6rlerin de sahaya inmesiyle durum daha da karma\u015f\u0131kla\u015fm\u0131\u015f, sava\u015f ve bar\u0131\u015f hali ay\u0131rt edilemez olmu\u015ftur. Bununla birlikte m\u00fccadele y\u00f6ntemlerinde de \u00f6nemli de\u011fi\u015fiklikler ya\u015fanm\u0131\u015ft\u0131r.\u0130stihbarat, simetrik ve asimetrik tehditlerle m\u00fccadele i\u00e7in \u00fczerinde de\u011fi\u015fimin ya\u015fanmas\u0131n\u0131n \u015fart oldu\u011fu alanlardan birisi ve belki de en \u00f6nemlisidir. Geleneksel sava\u015flarda \u00f6nemli bir yer tutan klasik \u0130stihbarat y\u00f6ntemleri, toplum-merkezli \u00e7at\u0131\u015fmalar\u0131n yo\u011funla\u015fmas\u0131 ile birlikte farkl\u0131 bir hal alm\u0131\u015ft\u0131r. \u00d6zellikle Afganistan, Suriye ve Irak gibi halk ile i\u00e7 i\u00e7e ger\u00e7ekle\u015ftirilen harekatlarda, \u00e7at\u0131\u015fma b\u00f6lgesindeki k\u00fclt\u00fcre ili\u015fkin bilginin toplanmas\u0131, analiz edilmesi ve hareket tarz\u0131n\u0131n buna g\u00f6re \u015fekillendirilmesi harekat\u0131n ba\u015far\u0131s\u0131 ad\u0131na olduk\u00e7a \u00f6nemlidir.Genel olarak \u00e7at\u0131\u015fma alanlar\u0131nda, hasm\u0131n askeri kapasitesini, sava\u015f yetene\u011fini, \u00e7arp\u0131\u015fma g\u00fcc\u00fcn\u00fc ve yeteneklerini anlamaya yarayan Askeri \u0130stihbarat \u00f6n planda iken, k\u00fclt\u00fcr\u00fcn g\u00f6r\u00fcnen ve g\u00f6r\u00fcnmeyen y\u00fcz\u00fcn\u00fcn ortaya \u00e7\u0131kar\u0131lmas\u0131na y\u00f6nelik bilgileri i\u00e7eren K\u00fclt\u00fcrel \u0130stihbarat b\u00fcy\u00fck oranda g\u00f6z ard\u0131 edilmi\u015ftir. Halbuki simetrik veya asimetrik tehditlere kar\u015f\u0131 verilen her m\u00fccadelenin ba\u015far\u0131s\u0131, \u00e7at\u0131\u015fma b\u00f6lgelerinde yer alan halk\u0131n deste\u011finin kazan\u0131lmas\u0131na dayan\u0131r. \u00d6zellikle Afganistan harek\u00e2t\u0131 g\u00f6stermi\u015ftir ki yerel halk\u0131n kalpleri ve zihinleri kazan\u0131lmadan, salt askeri istihbarat teknikleri ile sa\u011flanan tedbirler yeterli olmam\u0131\u015ft\u0131r. O halde k\u00fclt\u00fcre ili\u015fkin analiz edilmi\u015f ve kullan\u0131ma haz\u0131r bilgiler ne t\u00fcr bir istihbarat tekni\u011fi ile elde edilebilir?Bu sorunun cevab\u0131n\u0131 bulabilmek i\u00e7in ger\u00e7ekle\u015ftirdi\u011fimiz ara\u015ft\u0131rmalar, bizi K\u00fclt\u00fcrel \u0130stihbarat ile tan\u0131\u015ft\u0131rm\u0131\u015ft\u0131r. Evrensel \u00e7apta ger\u00e7ekle\u015ftirilen t\u00fcm askeri harek\u00e2tlarda kullan\u0131labilece\u011fi d\u00fc\u015f\u00fcn\u00fclen K\u00fclt\u00fcrel \u0130stihbarat, bu kitab\u0131n ana konusunu olu\u015fturmaktad\u0131r. K\u00fclt\u00fcrel farkl\u0131l\u0131klardan dolay\u0131 d\u00fc\u011f\u00fcnlerde ger\u00e7ekle\u015ftirilen silah at\u0131\u015flar\u0131n\u0131n tehdit yerine k\u00fclt\u00fcrel bir rit\u00fcel olarak alg\u0131lanmas\u0131 ve d\u00fc\u011f\u00fcnlerin kan g\u00f6l\u00fcne \u00e7evrilmesinin \u00f6nlenmesi belki de K\u00fclt\u00fcrel \u0130stihbarat\u0131n varl\u0131\u011f\u0131 ile sa\u011flanabilecektir. <\/p>\n","protected":false},"excerpt":{"rendered":"<p>G\u00fcn\u00fcm\u00fczdeki \u00e7at\u0131\u015fma ortamlar\u0131 bir \u00f6nceki y\u00fczy\u0131la oranla daha karma\u015f\u0131k ve daha de\u011fi\u015fken bir durumdad\u0131r. Devletlerin yan\u0131 s\u0131ra asimetrik tehdit olarak g\u00f6r\u00fclen devlet d\u0131\u015f\u0131 akt\u00f6rlerin de sahaya<span class=\"excerpt-hellip\"> [\u2026]<\/span><\/p>\n","protected":false},"featured_media":0,"template":"","meta":{"_monsterinsights_skip_tracking":false,"_monsterinsights_sitenote_active":false,"_monsterinsights_sitenote_note":"","_monsterinsights_sitenote_category":0},"product_brand":[],"product_cat":[13590,12337],"product_tag":[],"class_list":{"0":"post-713459","1":"product","2":"type-product","3":"status-publish","5":"product_cat-arastirma-inceleme-politika-siyaset","6":"product_cat-politika-siyaset","7":"pa_cilt-ciltsiz","8":"pa_tur-kitap","9":"pa_yayinevi-karakum-yayinevi","10":"pa_yazar-yusuf-ozer","12":"first","13":"instock","14":"sale","15":"shipping-taxable","16":"purchasable","17":"product-type-simple"},"_links":{"self":[{"href":"https:\/\/roveyayinevi.com.tr\/index.php\/wp-json\/wp\/v2\/product\/713459","targetHints":{"allow":["GET"]}}],"collection":[{"href":"https:\/\/roveyayinevi.com.tr\/index.php\/wp-json\/wp\/v2\/product"}],"about":[{"href":"https:\/\/roveyayinevi.com.tr\/index.php\/wp-json\/wp\/v2\/types\/product"}],"wp:attachment":[{"href":"https:\/\/roveyayinevi.com.tr\/index.php\/wp-json\/wp\/v2\/media?parent=713459"}],"wp:term":[{"taxonomy":"product_brand","embeddable":true,"href":"https:\/\/roveyayinevi.com.tr\/index.php\/wp-json\/wp\/v2\/product_brand?post=713459"},{"taxonomy":"product_cat","embeddable":true,"href":"https:\/\/roveyayinevi.com.tr\/index.php\/wp-json\/wp\/v2\/product_cat?post=713459"},{"taxonomy":"product_tag","embeddable":true,"href":"https:\/\/roveyayinevi.com.tr\/index.php\/wp-json\/wp\/v2\/product_tag?post=713459"}],"curies":[{"name":"wp","href":"https:\/\/api.w.org\/{rel}","templated":true}]}}