{"id":713453,"date":"2025-08-27T17:07:42","date_gmt":"2025-08-27T14:07:42","guid":{"rendered":"https:\/\/roveyayinevi.com.tr\/index.php\/urun\/yildiz-cocuk-boyama-kitabi-serisi-3-meyveler\/"},"modified":"2026-04-16T02:21:50","modified_gmt":"2026-04-15T23:21:50","slug":"yildiz-cocuk-boyama-kitabi-serisi-3-meyveler","status":"publish","type":"product","link":"https:\/\/roveyayinevi.com.tr\/index.php\/urun\/yildiz-cocuk-boyama-kitabi-serisi-3-meyveler\/","title":{"rendered":"Y\u0131ld\u0131z \u00c7ocuk Boyama Kitab\u0131 Serisi 3 \u2013 Meyveler"},"content":{"rendered":"<p>Y\u0131ld\u0131z \u00c7ocuk Boyama Kitaplar\u0131 Serisi, \u00e7ocuklar\u0131n okul \u00f6ncesi e\u011fitimine katk\u0131da bulunmak i\u00e7in haz\u0131rlanm\u0131\u015ft\u0131r. Bu seride \u00e7ocuklar hayvanlar\u0131, nesneleri, g\u00fcnl\u00fck hayatta kar\u015f\u0131la\u015ft\u0131klar\u0131 e\u015fyalar\u0131 boyarken hem e\u011flenecekler hem de renkleri ve \u015fekilleri \u00f6\u011freneceklerdir. Haz\u0131rlan\u0131\u015f \u015fekli itibariyle Y\u0131ld\u0131z \u00c7ocuk Boyama Kitaplar\u0131 Serisi, \u00e7ocuklara yapt\u0131klar\u0131 boyamalarla birlikte, kendi \u00e7izimlerini yapmalar\u0131n\u0131 destekleyen bir alan sa\u011flar. \ufffcTan\u0131t\u0131m Metni<\/p>\n","protected":false},"excerpt":{"rendered":"<p>Y\u0131ld\u0131z \u00c7ocuk Boyama Kitaplar\u0131 Serisi, \u00e7ocuklar\u0131n okul \u00f6ncesi e\u011fitimine katk\u0131da bulunmak i\u00e7in haz\u0131rlanm\u0131\u015ft\u0131r. Bu seride \u00e7ocuklar hayvanlar\u0131, nesneleri, g\u00fcnl\u00fck hayatta kar\u015f\u0131la\u015ft\u0131klar\u0131 e\u015fyalar\u0131 boyarken hem e\u011flenecekler hem<span class=\"excerpt-hellip\"> [\u2026]<\/span><\/p>\n","protected":false},"featured_media":0,"template":"","meta":{"_monsterinsights_skip_tracking":false,"_monsterinsights_sitenote_active":false,"_monsterinsights_sitenote_note":"","_monsterinsights_sitenote_category":0},"product_brand":[],"product_cat":[12644,12274],"product_tag":[],"class_list":{"0":"post-713453","1":"product","2":"type-product","3":"status-publish","5":"product_cat-boyama-kitaplari","6":"product_cat-cocuk-ve-genclik-kitaplari","7":"pa_cilt-ciltsiz","8":"pa_tur-kitap","9":"pa_yayinevi-kitap-saati-yayinevi","10":"pa_yazar-kollektif","12":"first","13":"instock","14":"sale","15":"shipping-taxable","16":"purchasable","17":"product-type-simple"},"_links":{"self":[{"href":"https:\/\/roveyayinevi.com.tr\/index.php\/wp-json\/wp\/v2\/product\/713453","targetHints":{"allow":["GET"]}}],"collection":[{"href":"https:\/\/roveyayinevi.com.tr\/index.php\/wp-json\/wp\/v2\/product"}],"about":[{"href":"https:\/\/roveyayinevi.com.tr\/index.php\/wp-json\/wp\/v2\/types\/product"}],"wp:attachment":[{"href":"https:\/\/roveyayinevi.com.tr\/index.php\/wp-json\/wp\/v2\/media?parent=713453"}],"wp:term":[{"taxonomy":"product_brand","embeddable":true,"href":"https:\/\/roveyayinevi.com.tr\/index.php\/wp-json\/wp\/v2\/product_brand?post=713453"},{"taxonomy":"product_cat","embeddable":true,"href":"https:\/\/roveyayinevi.com.tr\/index.php\/wp-json\/wp\/v2\/product_cat?post=713453"},{"taxonomy":"product_tag","embeddable":true,"href":"https:\/\/roveyayinevi.com.tr\/index.php\/wp-json\/wp\/v2\/product_tag?post=713453"}],"curies":[{"name":"wp","href":"https:\/\/api.w.org\/{rel}","templated":true}]}}